{"id":16366,"date":"2025-02-25T11:13:10","date_gmt":"2025-02-25T10:13:10","guid":{"rendered":"https:\/\/dev2.cerasa.it\/whishlist\/"},"modified":"2025-12-01T19:26:30","modified_gmt":"2025-12-01T18:26:30","slug":"whishlist","status":"publish","type":"page","link":"https:\/\/www.cerasa.it\/fr\/whishlist\/","title":{"rendered":"Whishlist"},"content":{"rendered":"\t\t<div data-elementor-type=\"wp-page\" data-elementor-id=\"16366\" class=\"elementor elementor-16366 elementor-606\" data-elementor-post-type=\"page\">\n\t\t\t\t<div class=\"elementor-element elementor-element-6aff8b7 e-flex e-con-boxed e-con e-parent\" data-id=\"6aff8b7\" data-element_type=\"container\">\n\t\t\t\t\t<div class=\"e-con-inner\">\n\t\t\t\t<div class=\"elementor-element elementor-element-e6bf9a2 elementor-widget elementor-widget-heading\" data-id=\"e6bf9a2\" data-element_type=\"widget\" data-widget_type=\"heading.default\">\n\t\t\t\t<div class=\"elementor-widget-container\">\n\t\t\t\t\t<h1 class=\"elementor-heading-title elementor-size-default\">Whishlist<\/h1>\t\t\t\t<\/div>\n\t\t\t\t<\/div>\n\t\t\t\t<div class=\"elementor-element elementor-element-96bf440 elementor-widget elementor-widget-text-editor\" data-id=\"96bf440\" data-element_type=\"widget\" data-widget_type=\"text-editor.default\">\n\t\t\t\t<div class=\"elementor-widget-container\">\n\t\t\t\t\t\t\t\t\tCet espace a \u00e9t\u00e9 con\u00e7u pour rassembler les inspirations qui racontent votre histoire et refl\u00e8tent votre style. Ajoutez \u00e0 votre wishlist les images, les produits et les mat\u00e9riaux qui vous font r\u00eaver : ils seront la premi\u00e8re \u00e9tape pour donner vie \u00e0 vos envies de design. \t\t\t\t\t\t\t\t<\/div>\n\t\t\t\t<\/div>\n\t\t<div class=\"elementor-element elementor-element-39f5bd2 e-con-full e-flex e-con e-child\" data-id=\"39f5bd2\" data-element_type=\"container\">\n\t\t\t\t<div class=\"elementor-element elementor-element-610b163 elementor-widget__width-auto elementor-widget elementor-widget-button\" data-id=\"610b163\" data-element_type=\"widget\" data-widget_type=\"button.default\">\n\t\t\t\t<div class=\"elementor-widget-container\">\n\t\t\t\t\t\t\t\t\t<div class=\"elementor-button-wrapper\">\n\t\t\t\t\t<a class=\"elementor-button elementor-button-link elementor-size-sm\" href=\"https:\/\/www.cerasa.it\/fr\/mon-compte-2\/\">\n\t\t\t\t\t\t<span class=\"elementor-button-content-wrapper\">\n\t\t\t\t\t\t\t\t\t<span class=\"elementor-button-text\">Mon compte<\/span>\n\t\t\t\t\t<\/span>\n\t\t\t\t\t<\/a>\n\t\t\t\t<\/div>\n\t\t\t\t\t\t\t\t<\/div>\n\t\t\t\t<\/div>\n\t\t\t\t<\/div>\n\t\t\t\t<div class=\"elementor-element elementor-element-b4f0f65 elementor-widget elementor-widget-wlfmc-wish-list\" data-id=\"b4f0f65\" data-element_type=\"widget\" id=\"lista-preferiti\" data-widget_type=\"wlfmc-wish-list.default\">\n\t\t\t\t<div class=\"elementor-widget-container\">\n\t\t\t\t\t\n\n\n<form id=\"wlfmc-wishlist-form\" action=\"https:\/\/www.cerasa.it\/fr\/whishlist\/\" method=\"post\" class=\"wlfmc-wishlist-form wlfmc-wishlist-id-b4f0f65 wlfmc-wishlist-fragment woocommerce on-first-load\" data-fragment-options=\"{&quot;unique_id&quot;:&quot;id-b4f0f65&quot;,&quot;is_elementor&quot;:&quot;true&quot;,&quot;has_access&quot;:true,&quot;wishlist_id&quot;:false,&quot;action_params&quot;:false,&quot;per_page&quot;:&quot;&quot;,&quot;current_page&quot;:1,&quot;pagination&quot;:true,&quot;wishlist_url&quot;:&quot;https:\\\/\\\/www.cerasa.it\\\/fr\\\/whishlist\\\/?lang=fr&quot;,&quot;no_interactions&quot;:false,&quot;items_show&quot;:&quot;product-name,product-thumbnail,product-add-to-cart,product-remove&quot;,&quot;total_price_mode&quot;:&quot;classic&quot;,&quot;total_position&quot;:&quot;below-action-bar&quot;,&quot;enable_layout_toggle&quot;:false,&quot;product_move&quot;:false,&quot;product_copy&quot;:false,&quot;move_all_to_list_label&quot;:&quot;Move all to list&quot;,&quot;copy_all_to_list_label&quot;:&quot;Copy all to list&quot;,&quot;show_total_price&quot;:false,&quot;enable_drag_n_drop&quot;:false,&quot;is_cache_enabled&quot;:&quot;1&quot;,&quot;wishlist_page_title&quot;:&quot;Preferiti&quot;,&quot;view_mode&quot;:&quot;grid&quot;,&quot;button_add_to_cart_style&quot;:&quot;true&quot;,&quot;qty_style&quot;:&quot;true&quot;,&quot;pagination_style&quot;:&quot;true&quot;,&quot;custom_template&quot;:&quot;&quot;,&quot;enable_actions&quot;:false,&quot;enable_all_add_to_cart&quot;:false,&quot;enable_share&quot;:&quot;&quot;,&quot;share_position&quot;:&quot;after_table&quot;,&quot;share_items&quot;:&quot;email,copy,pdf&quot;,&quot;socials_title&quot;:&quot;La mia Wishlist su Cerasa&quot;,&quot;login_notice&quot;:false,&quot;base_url&quot;:&quot;&quot;,&quot;wishlist&quot;:false,&quot;wishlist_token&quot;:&quot;&quot;,&quot;is_private&quot;:false,&quot;count&quot;:0,&quot;wishlist_items&quot;:&quot;&quot;,&quot;page_links&quot;:false,&quot;is_user_logged_in&quot;:false,&quot;is_user_owner&quot;:false,&quot;merge_lists&quot;:false,&quot;popup_vertical&quot;:&quot;center&quot;,&quot;popup_horizontal&quot;:&quot;center&quot;,&quot;empty_wishlist_title&quot;:&quot;VOTRE LISTE DE SOUHAITS EST VIDE!&quot;,&quot;empty_wishlist_content&quot;:&quot;&lt;p&gt;Pour cr\\u00e9er votre liste de souhaits, vous devez &lt;a href=\\&quot;https:\\\/\\\/www.cerasa.it\\\/fr\\\/registrazione\\\/\\&quot;&gt;&lt;strong&gt;vous inscrire sur le site&lt;\\\/strong&gt;&lt;\\\/a&gt; et &lt;strong&gt;&lt;a href=\\&quot;https:\\\/\\\/www.cerasa.it\\\/fr\\\/mon-compte-2\\\/\\&quot;&gt;vous connecter&lt;\\\/a&gt;&lt;\\\/strong&gt;.&lt;\\\/p&gt;&quot;,&quot;tooltip_class&quot;:&quot; wlfmc-tooltip wlfmc-tooltip-top&quot;,&quot;tooltip_type&quot;:&quot;default&quot;,&quot;wishlist_class&quot;:&quot;wlfmc-default-table is-elementor add-to-card-same-button qty-same-button&quot;,&quot;wishlist_header_class&quot;:&quot;wlfmc-default-table-header&quot;,&quot;wishlist_pagination_class&quot;:&quot;wishlist-pagination&quot;,&quot;share_enabled&quot;:false,&quot;template_part&quot;:&quot;view&quot;,&quot;additional_info&quot;:false,&quot;available_multi_list&quot;:false,&quot;gdpr_enable&quot;:false,&quot;unsubscribed&quot;:false,&quot;users_wishlists&quot;:&quot;&quot;,&quot;redirect_to_cart&quot;:&quot;&quot;,&quot;form_action&quot;:&quot;https:\\\/\\\/www.cerasa.it\\\/fr\\\/whishlist\\\/&quot;,&quot;item&quot;:&quot;wishlist&quot;}\" data-fragment-ref=\"wishlist\">\n\t\n\t\n\t\n\t\n\t<div class=\"wlfmc-wishlist-table-wrapper\">\n\n\t\t\n\t\t<table\n\t\t\tclass=\"wlfmc-wishlist-table wlfmc-wishlist-items-wrapper wlfmc-list   view-mode-grid  wlfmc-default-table is-elementor add-to-card-same-button qty-same-button\"\n\t\t\tdata-pagination=\"1\"\n\t\t\tdata-per-page=\"\"\n\t\t\tdata-page=\"1\"\n\t\t\tdata-id=\"\"\n\t\t\tdata-wishlist-type=\"\"\n\t\t\tdata-customer-id=\"\"\n\t\t\tdata-is-owner=\"\"\n\t\t\tdata-token=\"\"\n            data-nonce=\"670582206f\">\n\t\t\t<tbody class=\"wishlist-items-wrapper wishlist-empty\">\n\n\t\t\t\t\t\t\t<tr class=\"wishlist-empty-row\">\n\t\t\t\t\t<td colspan=\"3\" class=\"last-column\">\n\t\t\t\t\t\t<img fetchpriority=\"high\" decoding=\"async\" class=\"empty-image\" src=\"https:\/\/www.cerasa.it\/wp-content\/plugins\/smart-wishlist-for-more-convert\/assets\/frontend\/images\/empty-wishlist.svg\" width=\"400\" height=\"216\"><h3 class=\"empty-title\">VOTRE LISTE DE SOUHAITS EST VIDE!<\/h3><div class=\"empty-content\"><p>Pour cr\u00e9er votre liste de souhaits, vous devez <a href=\"https:\/\/www.cerasa.it\/fr\/registrazione\/\"><strong>vous inscrire sur le site<\/strong><\/a> et <strong><a href=\"https:\/\/www.cerasa.it\/fr\/mon-compte-2\/\">vous connecter<\/a><\/strong>.<\/p><\/div><a href=\"https:\/\/www.cerasa.it\/fr\/boutique\/\" class=\"wc-forward button empty-button\">Aller \u00e0 la boutique<\/a>\t\t\t\t\t<\/td>\n\t\t\t\t<\/tr>\n\t\t\t\t\t\t<\/tbody>\n\t\t\t<tfoot class=\"wlfmc-wishlist-footer\">\n\t\t\t\t\t\t\n\t\t\t\n\t\t\t\n\t\t\t\n\t\t\t\n\t\t\t\n\t\t\t<\/tfoot>\n\t\t<\/table>\n\n\t\t\n\t\t\n\t\t\n\t<\/div>\n<\/form>\n\n\t\t\t\t<\/div>\n\t\t\t\t<\/div>\n\t\t\t\t\t<\/div>\n\t\t\t\t<\/div>\n\t\t\t\t<\/div>\n\t\t","protected":false},"excerpt":{"rendered":"<p>Whishlist Cet espace a \u00e9t\u00e9 con\u00e7u pour rassembler les inspirations qui racontent votre histoire et refl\u00e8tent votre style. Ajoutez \u00e0 votre wishlist les images, les produits et les mat\u00e9riaux qui vous font r\u00eaver : ils seront la premi\u00e8re \u00e9tape pour donner vie \u00e0 vos envies de design. Mon compte LA TUA LISTA DEI DESIDERI \u00c8 [&hellip;]<\/p>\n","protected":false},"author":1,"featured_media":0,"parent":0,"menu_order":0,"comment_status":"closed","ping_status":"closed","template":"","meta":{"_acf_changed":false,"footnotes":""},"class_list":["post-16366","page","type-page","status-publish","hentry"],"acf":[],"yoast_head":"<!-- This site is optimized with the Yoast SEO plugin v24.5 - https:\/\/yoast.com\/wordpress\/plugins\/seo\/ -->\n<title>Whishlist - Cerasa<\/title>\n<meta name=\"robots\" content=\"index, follow, max-snippet:-1, max-image-preview:large, max-video-preview:-1\" \/>\n<link rel=\"canonical\" href=\"https:\/\/www.cerasa.it\/fr\/whishlist\/\" \/>\n<meta property=\"og:locale\" content=\"fr_FR\" \/>\n<meta property=\"og:type\" content=\"article\" \/>\n<meta property=\"og:title\" content=\"Whishlist - Cerasa\" \/>\n<meta property=\"og:description\" content=\"Whishlist Cet espace a \u00e9t\u00e9 con\u00e7u pour rassembler les inspirations qui racontent votre histoire et refl\u00e8tent votre style. Ajoutez \u00e0 votre wishlist les images, les produits et les mat\u00e9riaux qui vous font r\u00eaver : ils seront la premi\u00e8re \u00e9tape pour donner vie \u00e0 vos envies de design. Mon compte LA TUA LISTA DEI DESIDERI \u00c8 [&hellip;]\" \/>\n<meta property=\"og:url\" content=\"https:\/\/www.cerasa.it\/fr\/whishlist\/\" \/>\n<meta property=\"og:site_name\" content=\"Cerasa\" \/>\n<meta property=\"article:publisher\" content=\"https:\/\/www.facebook.com\/bagnicerasa\" \/>\n<meta property=\"article:modified_time\" content=\"2025-12-01T18:26:30+00:00\" \/>\n<meta property=\"og:image\" content=\"https:\/\/cerasa.it\/wp-content\/plugins\/smart-wishlist-for-more-convert\/assets\/frontend\/images\/empty-wishlist.svg\" \/>\n<meta name=\"twitter:card\" content=\"summary_large_image\" \/>\n<script type=\"application\/ld+json\" class=\"yoast-schema-graph\">{\"@context\":\"https:\/\/schema.org\",\"@graph\":[{\"@type\":\"WebPage\",\"@id\":\"https:\/\/www.cerasa.it\/fr\/whishlist\/\",\"url\":\"https:\/\/www.cerasa.it\/fr\/whishlist\/\",\"name\":\"Whishlist - Cerasa\",\"isPartOf\":{\"@id\":\"https:\/\/www.cerasa.it\/fr\/#website\"},\"primaryImageOfPage\":{\"@id\":\"https:\/\/www.cerasa.it\/fr\/whishlist\/#primaryimage\"},\"image\":{\"@id\":\"https:\/\/www.cerasa.it\/fr\/whishlist\/#primaryimage\"},\"thumbnailUrl\":\"https:\/\/dev2.cerasa.it\/wp-content\/plugins\/smart-wishlist-for-more-convert\/assets\/frontend\/images\/empty-wishlist.svg\",\"datePublished\":\"2025-02-25T10:13:10+00:00\",\"dateModified\":\"2025-12-01T18:26:30+00:00\",\"breadcrumb\":{\"@id\":\"https:\/\/www.cerasa.it\/fr\/whishlist\/#breadcrumb\"},\"inLanguage\":\"fr-FR\",\"potentialAction\":[{\"@type\":\"ReadAction\",\"target\":[\"https:\/\/www.cerasa.it\/fr\/whishlist\/\"]}]},{\"@type\":\"ImageObject\",\"inLanguage\":\"fr-FR\",\"@id\":\"https:\/\/www.cerasa.it\/fr\/whishlist\/#primaryimage\",\"url\":\"https:\/\/dev2.cerasa.it\/wp-content\/plugins\/smart-wishlist-for-more-convert\/assets\/frontend\/images\/empty-wishlist.svg\",\"contentUrl\":\"https:\/\/dev2.cerasa.it\/wp-content\/plugins\/smart-wishlist-for-more-convert\/assets\/frontend\/images\/empty-wishlist.svg\"},{\"@type\":\"BreadcrumbList\",\"@id\":\"https:\/\/www.cerasa.it\/fr\/whishlist\/#breadcrumb\",\"itemListElement\":[{\"@type\":\"ListItem\",\"position\":1,\"name\":\"Home\",\"item\":\"https:\/\/www.cerasa.it\/fr\/home-26-fr\/\"},{\"@type\":\"ListItem\",\"position\":2,\"name\":\"Whishlist\"}]},{\"@type\":\"WebSite\",\"@id\":\"https:\/\/www.cerasa.it\/fr\/#website\",\"url\":\"https:\/\/www.cerasa.it\/fr\/\",\"name\":\"Cerasa\",\"description\":\"Arredo Bagno e Interior Design Made in Italy\",\"publisher\":{\"@id\":\"https:\/\/www.cerasa.it\/fr\/#organization\"},\"potentialAction\":[{\"@type\":\"SearchAction\",\"target\":{\"@type\":\"EntryPoint\",\"urlTemplate\":\"https:\/\/www.cerasa.it\/fr\/?s={search_term_string}\"},\"query-input\":{\"@type\":\"PropertyValueSpecification\",\"valueRequired\":true,\"valueName\":\"search_term_string\"}}],\"inLanguage\":\"fr-FR\"},{\"@type\":\"Organization\",\"@id\":\"https:\/\/www.cerasa.it\/fr\/#organization\",\"name\":\"CERASA\",\"alternateName\":\"CERASA SRL\",\"url\":\"https:\/\/www.cerasa.it\/fr\/\",\"logo\":{\"@type\":\"ImageObject\",\"inLanguage\":\"fr-FR\",\"@id\":\"https:\/\/www.cerasa.it\/fr\/#\/schema\/logo\/image\/\",\"url\":\"https:\/\/www.cerasa.it\/wp-content\/uploads\/2025\/07\/logo-cerasa-b.svg\",\"contentUrl\":\"https:\/\/www.cerasa.it\/wp-content\/uploads\/2025\/07\/logo-cerasa-b.svg\",\"width\":96,\"height\":20,\"caption\":\"CERASA\"},\"image\":{\"@id\":\"https:\/\/www.cerasa.it\/fr\/#\/schema\/logo\/image\/\"},\"sameAs\":[\"https:\/\/www.facebook.com\/bagnicerasa\",\"https:\/\/it.linkedin.com\/company\/cerasa-srl\",\"https:\/\/www.instagram.com\/cerasa_arredobagno\/\",\"https:\/\/it.pinterest.com\/cerasabagni\/\"]}]}<\/script>\n<!-- \/ Yoast SEO plugin. -->","yoast_head_json":{"title":"Whishlist - Cerasa","robots":{"index":"index","follow":"follow","max-snippet":"max-snippet:-1","max-image-preview":"max-image-preview:large","max-video-preview":"max-video-preview:-1"},"canonical":"https:\/\/www.cerasa.it\/fr\/whishlist\/","og_locale":"fr_FR","og_type":"article","og_title":"Whishlist - Cerasa","og_description":"Whishlist Cet espace a \u00e9t\u00e9 con\u00e7u pour rassembler les inspirations qui racontent votre histoire et refl\u00e8tent votre style. Ajoutez \u00e0 votre wishlist les images, les produits et les mat\u00e9riaux qui vous font r\u00eaver : ils seront la premi\u00e8re \u00e9tape pour donner vie \u00e0 vos envies de design. Mon compte LA TUA LISTA DEI DESIDERI \u00c8 [&hellip;]","og_url":"https:\/\/www.cerasa.it\/fr\/whishlist\/","og_site_name":"Cerasa","article_publisher":"https:\/\/www.facebook.com\/bagnicerasa","article_modified_time":"2025-12-01T18:26:30+00:00","og_image":[{"url":"https:\/\/cerasa.it\/wp-content\/plugins\/smart-wishlist-for-more-convert\/assets\/frontend\/images\/empty-wishlist.svg","type":"","width":"","height":""}],"twitter_card":"summary_large_image","schema":{"@context":"https:\/\/schema.org","@graph":[{"@type":"WebPage","@id":"https:\/\/www.cerasa.it\/fr\/whishlist\/","url":"https:\/\/www.cerasa.it\/fr\/whishlist\/","name":"Whishlist - Cerasa","isPartOf":{"@id":"https:\/\/www.cerasa.it\/fr\/#website"},"primaryImageOfPage":{"@id":"https:\/\/www.cerasa.it\/fr\/whishlist\/#primaryimage"},"image":{"@id":"https:\/\/www.cerasa.it\/fr\/whishlist\/#primaryimage"},"thumbnailUrl":"https:\/\/dev2.cerasa.it\/wp-content\/plugins\/smart-wishlist-for-more-convert\/assets\/frontend\/images\/empty-wishlist.svg","datePublished":"2025-02-25T10:13:10+00:00","dateModified":"2025-12-01T18:26:30+00:00","breadcrumb":{"@id":"https:\/\/www.cerasa.it\/fr\/whishlist\/#breadcrumb"},"inLanguage":"fr-FR","potentialAction":[{"@type":"ReadAction","target":["https:\/\/www.cerasa.it\/fr\/whishlist\/"]}]},{"@type":"ImageObject","inLanguage":"fr-FR","@id":"https:\/\/www.cerasa.it\/fr\/whishlist\/#primaryimage","url":"https:\/\/dev2.cerasa.it\/wp-content\/plugins\/smart-wishlist-for-more-convert\/assets\/frontend\/images\/empty-wishlist.svg","contentUrl":"https:\/\/dev2.cerasa.it\/wp-content\/plugins\/smart-wishlist-for-more-convert\/assets\/frontend\/images\/empty-wishlist.svg"},{"@type":"BreadcrumbList","@id":"https:\/\/www.cerasa.it\/fr\/whishlist\/#breadcrumb","itemListElement":[{"@type":"ListItem","position":1,"name":"Home","item":"https:\/\/www.cerasa.it\/fr\/home-26-fr\/"},{"@type":"ListItem","position":2,"name":"Whishlist"}]},{"@type":"WebSite","@id":"https:\/\/www.cerasa.it\/fr\/#website","url":"https:\/\/www.cerasa.it\/fr\/","name":"Cerasa","description":"Arredo Bagno e Interior Design Made in Italy","publisher":{"@id":"https:\/\/www.cerasa.it\/fr\/#organization"},"potentialAction":[{"@type":"SearchAction","target":{"@type":"EntryPoint","urlTemplate":"https:\/\/www.cerasa.it\/fr\/?s={search_term_string}"},"query-input":{"@type":"PropertyValueSpecification","valueRequired":true,"valueName":"search_term_string"}}],"inLanguage":"fr-FR"},{"@type":"Organization","@id":"https:\/\/www.cerasa.it\/fr\/#organization","name":"CERASA","alternateName":"CERASA SRL","url":"https:\/\/www.cerasa.it\/fr\/","logo":{"@type":"ImageObject","inLanguage":"fr-FR","@id":"https:\/\/www.cerasa.it\/fr\/#\/schema\/logo\/image\/","url":"https:\/\/www.cerasa.it\/wp-content\/uploads\/2025\/07\/logo-cerasa-b.svg","contentUrl":"https:\/\/www.cerasa.it\/wp-content\/uploads\/2025\/07\/logo-cerasa-b.svg","width":96,"height":20,"caption":"CERASA"},"image":{"@id":"https:\/\/www.cerasa.it\/fr\/#\/schema\/logo\/image\/"},"sameAs":["https:\/\/www.facebook.com\/bagnicerasa","https:\/\/it.linkedin.com\/company\/cerasa-srl","https:\/\/www.instagram.com\/cerasa_arredobagno\/","https:\/\/it.pinterest.com\/cerasabagni\/"]}]}},"_links":{"self":[{"href":"https:\/\/www.cerasa.it\/fr\/wp-json\/wp\/v2\/pages\/16366","targetHints":{"allow":["GET"]}}],"collection":[{"href":"https:\/\/www.cerasa.it\/fr\/wp-json\/wp\/v2\/pages"}],"about":[{"href":"https:\/\/www.cerasa.it\/fr\/wp-json\/wp\/v2\/types\/page"}],"author":[{"embeddable":true,"href":"https:\/\/www.cerasa.it\/fr\/wp-json\/wp\/v2\/users\/1"}],"replies":[{"embeddable":true,"href":"https:\/\/www.cerasa.it\/fr\/wp-json\/wp\/v2\/comments?post=16366"}],"version-history":[{"count":7,"href":"https:\/\/www.cerasa.it\/fr\/wp-json\/wp\/v2\/pages\/16366\/revisions"}],"predecessor-version":[{"id":23427,"href":"https:\/\/www.cerasa.it\/fr\/wp-json\/wp\/v2\/pages\/16366\/revisions\/23427"}],"wp:attachment":[{"href":"https:\/\/www.cerasa.it\/fr\/wp-json\/wp\/v2\/media?parent=16366"}],"curies":[{"name":"wp","href":"https:\/\/api.w.org\/{rel}","templated":true}]}}