{"id":16419,"date":"2025-08-04T15:10:14","date_gmt":"2025-08-04T13:10:14","guid":{"rendered":"https:\/\/dev2.cerasa.it\/performance-academy\/"},"modified":"2025-11-20T15:34:41","modified_gmt":"2025-11-20T14:34:41","slug":"performance-academy","status":"publish","type":"page","link":"https:\/\/www.cerasa.it\/fr\/performance-academy\/","title":{"rendered":"Performance academy"},"content":{"rendered":"\t\t<div data-elementor-type=\"wp-page\" data-elementor-id=\"16419\" class=\"elementor elementor-16419 elementor-5248\" data-elementor-post-type=\"page\">\n\t\t\t\t<div class=\"elementor-element elementor-element-5dadf39 e-flex e-con-boxed e-con e-parent\" data-id=\"5dadf39\" data-element_type=\"container\" data-settings=\"{&quot;background_background&quot;:&quot;classic&quot;}\">\n\t\t\t\t\t<div class=\"e-con-inner\">\n\t\t\t\t<div class=\"elementor-element elementor-element-b095dd1 breadcrumbs-white elementor-widget elementor-widget-woocommerce-breadcrumb\" data-id=\"b095dd1\" data-element_type=\"widget\" data-widget_type=\"woocommerce-breadcrumb.default\">\n\t\t\t\t<div class=\"elementor-widget-container\">\n\t\t\t\t\t<nav class=\"woocommerce-breadcrumb\" itemprop=\"breadcrumb\"><li>Accueil<\/li><\/nav>\t\t\t\t<\/div>\n\t\t\t\t<\/div>\n\t\t\t\t<div class=\"elementor-element elementor-element-7acf28a elementor-widget elementor-widget-heading\" data-id=\"7acf28a\" data-element_type=\"widget\" data-widget_type=\"heading.default\">\n\t\t\t\t<div class=\"elementor-widget-container\">\n\t\t\t\t\t<h1 class=\"elementor-heading-title elementor-size-default\">Cerasa Performance academy<\/h1>\t\t\t\t<\/div>\n\t\t\t\t<\/div>\n\t\t\t\t\t<\/div>\n\t\t\t\t<\/div>\n\t\t<div class=\"elementor-element elementor-element-f167ed3 e-flex e-con-boxed e-con e-parent\" data-id=\"f167ed3\" data-element_type=\"container\">\n\t\t\t\t\t<div class=\"e-con-inner\">\n\t\t\t\t<div class=\"elementor-element elementor-element-060bbd4 elementor-widget elementor-widget-heading\" data-id=\"060bbd4\" data-element_type=\"widget\" data-widget_type=\"heading.default\">\n\t\t\t\t<div class=\"elementor-widget-container\">\n\t\t\t\t\t<h2 class=\"elementor-heading-title elementor-size-default\">L\u00e0 o\u00f9 la formation rencontre la vision. L\u00e0 o\u00f9 le vendeur devient ambassadeur. <\/h2>\t\t\t\t<\/div>\n\t\t\t\t<\/div>\n\t\t\t\t\t<\/div>\n\t\t\t\t<\/div>\n\t\t<div class=\"elementor-element elementor-element-c2ae844 e-flex e-con-boxed e-con e-parent\" data-id=\"c2ae844\" data-element_type=\"container\">\n\t\t\t\t\t<div class=\"e-con-inner\">\n\t\t\t\t<div class=\"elementor-element elementor-element-4b1993d elementor-hidden-desktop elementor-hidden-tablet elementor-widget elementor-widget-image\" data-id=\"4b1993d\" data-element_type=\"widget\" data-widget_type=\"image.default\">\n\t\t\t\t<div class=\"elementor-widget-container\">\n\t\t\t\t\t\t\t\t\t\t\t\t\t\t\t<img fetchpriority=\"high\" decoding=\"async\" width=\"800\" height=\"585\" src=\"https:\/\/www.cerasa.it\/wp-content\/uploads\/2025\/11\/performance_academy_approccio.jpg\" class=\"attachment-full size-full wp-image-16380\" alt=\"\" srcset=\"https:\/\/www.cerasa.it\/wp-content\/uploads\/2025\/11\/performance_academy_approccio.jpg 800w, https:\/\/www.cerasa.it\/wp-content\/uploads\/2025\/11\/performance_academy_approccio-300x219.jpg 300w, https:\/\/www.cerasa.it\/wp-content\/uploads\/2025\/11\/performance_academy_approccio-768x562.jpg 768w, https:\/\/www.cerasa.it\/wp-content\/uploads\/2025\/11\/performance_academy_approccio-400x293.jpg 400w\" sizes=\"(max-width: 800px) 100vw, 800px\" \/>\t\t\t\t\t\t\t\t\t\t\t\t\t\t\t<\/div>\n\t\t\t\t<\/div>\n\t\t\t\t<div class=\"elementor-element elementor-element-35c1639 elementor-widget elementor-widget-heading\" data-id=\"35c1639\" data-element_type=\"widget\" data-widget_type=\"heading.default\">\n\t\t\t\t<div class=\"elementor-widget-container\">\n\t\t\t\t\t<p class=\"elementor-heading-title elementor-size-default\">Dans le monde comp\u00e9titif de l\u2019am\u00e9nagement de la salle de bains, il ne suffit pas de savoir vendre. Il faut savoir communiquer la valeur, inspirer la confiance et construire des relations. \nC\u2019est \u00e0 partir de cette conviction qu\u2019est n\u00e9e la Cerasa Performance Academy : un projet de formation qui place au centre les personnes, leur potentiel et leur croissance.<\/p>\t\t\t\t<\/div>\n\t\t\t\t<\/div>\n\t\t\t\t\t<\/div>\n\t\t\t\t<\/div>\n\t\t<div class=\"elementor-element elementor-element-d0e50a0 e-con-full e-flex e-con e-parent\" data-id=\"d0e50a0\" data-element_type=\"container\">\n\t\t<div class=\"elementor-element elementor-element-ee68e5d e-con-full flex-1 e-flex e-con e-child\" data-id=\"ee68e5d\" data-element_type=\"container\">\n\t\t\t\t<div class=\"elementor-element elementor-element-1faa3f5 elementor-widget elementor-widget-heading\" data-id=\"1faa3f5\" data-element_type=\"widget\" data-widget_type=\"heading.default\">\n\t\t\t\t<div class=\"elementor-widget-container\">\n\t\t\t\t\t<h3 class=\"elementor-heading-title elementor-size-default\">Une nouvelle approche de la formation <\/h3>\t\t\t\t<\/div>\n\t\t\t\t<\/div>\n\t\t\t\t<div class=\"elementor-element elementor-element-68430e3 elementor-widget__width-inherit elementor-widget elementor-widget-text-editor\" data-id=\"68430e3\" data-element_type=\"widget\" data-widget_type=\"text-editor.default\">\n\t\t\t\t<div class=\"elementor-widget-container\">\n\t\t\t\t\t\t\t\t\t<p>Cerasa a choisi d\u2019investir dans son capital le plus pr\u00e9cieux: <strong>ses collaborateurs, son r\u00e9seau d\u2019agents et ses distributeurs<\/strong>.<br>Des professionnels qui, chaque jour, repr\u00e9sentent la marque, en interne ou sur le terrain, et qui, plus que jamais, ont besoin d\u2019outils nouveaux, <strong>flexibles et humains<\/strong> pour affronter un march\u00e9 en constante \u00e9volution.<\/p><p>La Performance Academy est l\u2019espace o\u00f9 l\u2019on d\u00e9veloppe les soft <strong>skills essentielles pour l\u2019avenir de la vente<\/strong>, des comp\u00e9tences transversales qui transforment chaque collaborateur en un <strong>conseiller de confiance<\/strong>, capable de percevoir les besoins avant m\u00eame qu\u2019ils ne soient exprim\u00e9s.<\/p>\t\t\t\t\t\t\t\t<\/div>\n\t\t\t\t<\/div>\n\t\t\t\t<\/div>\n\t\t<div class=\"elementor-element elementor-element-f35d0b8 e-con-full fit-content e-flex e-con e-child\" data-id=\"f35d0b8\" data-element_type=\"container\">\n\t\t\t\t<div class=\"elementor-element elementor-element-c3f06c2 elementor-hidden-mobile elementor-widget elementor-widget-image\" data-id=\"c3f06c2\" data-element_type=\"widget\" data-widget_type=\"image.default\">\n\t\t\t\t<div class=\"elementor-widget-container\">\n\t\t\t\t\t\t\t\t\t\t\t\t\t\t\t<img fetchpriority=\"high\" decoding=\"async\" width=\"800\" height=\"585\" src=\"https:\/\/www.cerasa.it\/wp-content\/uploads\/2025\/11\/performance_academy_approccio.jpg\" class=\"attachment-full size-full wp-image-16380\" alt=\"\" srcset=\"https:\/\/www.cerasa.it\/wp-content\/uploads\/2025\/11\/performance_academy_approccio.jpg 800w, https:\/\/www.cerasa.it\/wp-content\/uploads\/2025\/11\/performance_academy_approccio-300x219.jpg 300w, https:\/\/www.cerasa.it\/wp-content\/uploads\/2025\/11\/performance_academy_approccio-768x562.jpg 768w, https:\/\/www.cerasa.it\/wp-content\/uploads\/2025\/11\/performance_academy_approccio-400x293.jpg 400w\" sizes=\"(max-width: 800px) 100vw, 800px\" \/>\t\t\t\t\t\t\t\t\t\t\t\t\t\t\t<\/div>\n\t\t\t\t<\/div>\n\t\t\t\t<\/div>\n\t\t\t\t<\/div>\n\t\t<div class=\"elementor-element elementor-element-eddac7c e-con-full e-flex e-con e-parent\" data-id=\"eddac7c\" data-element_type=\"container\">\n\t\t<div class=\"elementor-element elementor-element-4773a26 e-con-full fit-content e-flex e-con e-child\" data-id=\"4773a26\" data-element_type=\"container\">\n\t\t\t\t<div class=\"elementor-element elementor-element-eba00ec elementor-widget elementor-widget-image\" data-id=\"eba00ec\" data-element_type=\"widget\" data-widget_type=\"image.default\">\n\t\t\t\t<div class=\"elementor-widget-container\">\n\t\t\t\t\t\t\t\t\t\t\t\t\t\t\t<img decoding=\"async\" width=\"800\" height=\"682\" src=\"https:\/\/www.cerasa.it\/wp-content\/uploads\/2025\/11\/performance_academy_formare.jpg\" class=\"attachment-full size-full wp-image-16383\" alt=\"\" srcset=\"https:\/\/www.cerasa.it\/wp-content\/uploads\/2025\/11\/performance_academy_formare.jpg 800w, https:\/\/www.cerasa.it\/wp-content\/uploads\/2025\/11\/performance_academy_formare-300x256.jpg 300w, https:\/\/www.cerasa.it\/wp-content\/uploads\/2025\/11\/performance_academy_formare-768x655.jpg 768w, https:\/\/www.cerasa.it\/wp-content\/uploads\/2025\/11\/performance_academy_formare-400x341.jpg 400w\" sizes=\"(max-width: 800px) 100vw, 800px\" \/>\t\t\t\t\t\t\t\t\t\t\t\t\t\t\t<\/div>\n\t\t\t\t<\/div>\n\t\t\t\t<\/div>\n\t\t<div class=\"elementor-element elementor-element-752b57d e-con-full flex-1 e-flex e-con e-child\" data-id=\"752b57d\" data-element_type=\"container\">\n\t\t\t\t<div class=\"elementor-element elementor-element-bddf3c2 elementor-widget elementor-widget-heading\" data-id=\"bddf3c2\" data-element_type=\"widget\" data-widget_type=\"heading.default\">\n\t\t\t\t<div class=\"elementor-widget-container\">\n\t\t\t\t\t<h3 class=\"elementor-heading-title elementor-size-default\">Former pour transformer<\/h3>\t\t\t\t<\/div>\n\t\t\t\t<\/div>\n\t\t\t\t<div class=\"elementor-element elementor-element-9ced4de elementor-widget__width-inherit elementor-widget elementor-widget-text-editor\" data-id=\"9ced4de\" data-element_type=\"widget\" data-widget_type=\"text-editor.default\">\n\t\t\t\t<div class=\"elementor-widget-container\">\n\t\t\t\t\t\t\t\t\t<p>Cerasa croit que la culture du produit doit aller de pair avec la culture de la personne.<br>C\u2019est pourquoi la Performance Academy n\u2019est pas seulement un r\u00e9servoir de contenus, mais un v\u00e9ritable espace narratif, o\u00f9 l\u2019on cultive la capacit\u00e9 d\u2019\u00e9couter, de d\u00e9cider, de n\u00e9gocier et d\u2019inspirer.<\/p><p>Chaque session est con\u00e7ue pour g\u00e9n\u00e9rer <strong>conscience et transformation<\/strong>, non pas \u00e0 travers des r\u00e8gles, mais \u00e0 travers des relations.<br>Parce qu\u2019un professionnel conscient <strong>n\u2019est pas celui qui ex\u00e9cute simplement une t\u00e2che<\/strong>, mais celui qui cr\u00e9e des connexions.<\/p>\t\t\t\t\t\t\t\t<\/div>\n\t\t\t\t<\/div>\n\t\t\t\t<\/div>\n\t\t\t\t<\/div>\n\t\t<div class=\"elementor-element elementor-element-28fcf9c e-con-full e-flex e-con e-parent\" data-id=\"28fcf9c\" data-element_type=\"container\">\n\t\t<div class=\"elementor-element elementor-element-88c6708 e-con-full flex-1 e-flex e-con e-child\" data-id=\"88c6708\" data-element_type=\"container\">\n\t\t\t\t<div class=\"elementor-element elementor-element-9c904ed elementor-widget elementor-widget-heading\" data-id=\"9c904ed\" data-element_type=\"widget\" data-widget_type=\"heading.default\">\n\t\t\t\t<div class=\"elementor-widget-container\">\n\t\t\t\t\t<h3 class=\"elementor-heading-title elementor-size-default\">Un r\u00e9seau qui se renforce par la formation<\/h3>\t\t\t\t<\/div>\n\t\t\t\t<\/div>\n\t\t\t\t<div class=\"elementor-element elementor-element-92880ee elementor-widget__width-inherit elementor-widget elementor-widget-text-editor\" data-id=\"92880ee\" data-element_type=\"widget\" data-widget_type=\"text-editor.default\">\n\t\t\t\t<div class=\"elementor-widget-container\">\n\t\t\t\t\t\t\t\t\t<p>La Performance Academy est \u00e9galement<strong> une opportunit\u00e9 d\u2019alignement culturel<\/strong>.<br>Dans un march\u00e9 de plus en plus satur\u00e9 de propositions, la v\u00e9ritable diff\u00e9rence est faite par ceux qui savent <strong>donner de la valeur \u00e0 la valeur<\/strong>. <\/p><p><em>Des formations en soft skills pour r\u00e9v\u00e9ler le potentiel de chacun<\/em><\/p><p>Former aujourd\u2019hui signifie <strong>\u00e9lever le niveau de professionnalisme<\/strong>, mais aussi cultiver la pens\u00e9e, le style et la motivation.<br>Cerasa choisit de le faire \u00e0 travers une \u00e9cole qui ne cherche pas \u00e0 standardiser, mais \u00e0 <strong>lib\u00e9rer le potentiel de chacun<\/strong>.<\/p><p>Car derri\u00e8re chaque produit Cerasa, il y a une histoire \u00e0 raconter.<br>Et derri\u00e8re chaque personne Cerasa, <strong>un individu capable de la faire vivre<\/strong>.<\/p>\t\t\t\t\t\t\t\t<\/div>\n\t\t\t\t<\/div>\n\t\t\t\t<\/div>\n\t\t<div class=\"elementor-element elementor-element-36a9db0 e-con-full fit-content e-flex e-con e-child\" data-id=\"36a9db0\" data-element_type=\"container\">\n\t\t\t\t<div class=\"elementor-element elementor-element-ef978bb elementor-widget elementor-widget-image\" data-id=\"ef978bb\" data-element_type=\"widget\" data-widget_type=\"image.default\">\n\t\t\t\t<div class=\"elementor-widget-container\">\n\t\t\t\t\t\t\t\t\t\t\t\t\t\t\t<img decoding=\"async\" width=\"800\" height=\"934\" src=\"https:\/\/www.cerasa.it\/wp-content\/uploads\/2025\/11\/performance_academy_network.jpg\" class=\"attachment-full size-full wp-image-16386\" alt=\"\" srcset=\"https:\/\/www.cerasa.it\/wp-content\/uploads\/2025\/11\/performance_academy_network.jpg 800w, https:\/\/www.cerasa.it\/wp-content\/uploads\/2025\/11\/performance_academy_network-257x300.jpg 257w, https:\/\/www.cerasa.it\/wp-content\/uploads\/2025\/11\/performance_academy_network-768x897.jpg 768w, https:\/\/www.cerasa.it\/wp-content\/uploads\/2025\/11\/performance_academy_network-400x467.jpg 400w\" sizes=\"(max-width: 800px) 100vw, 800px\" \/>\t\t\t\t\t\t\t\t\t\t\t\t\t\t\t<\/div>\n\t\t\t\t<\/div>\n\t\t\t\t<\/div>\n\t\t\t\t<\/div>\n\t\t<div class=\"elementor-element elementor-element-a8b8a10 e-flex e-con-boxed e-con e-parent\" data-id=\"a8b8a10\" data-element_type=\"container\">\n\t\t\t\t\t<div class=\"e-con-inner\">\n\t\t\t\t<div class=\"elementor-element elementor-element-a5d6cd2 elementor-widget elementor-widget-heading\" data-id=\"a5d6cd2\" data-element_type=\"widget\" data-widget_type=\"heading.default\">\n\t\t\t\t<div class=\"elementor-widget-container\">\n\t\t\t\t\t<h3 class=\"elementor-heading-title elementor-size-default\">Int\u00e9ress\u00e9(e) \u00e0 en savoir plus? <\/h3>\t\t\t\t<\/div>\n\t\t\t\t<\/div>\n\t\t\t\t<div class=\"elementor-element elementor-element-32af432 elementor-widget__width-initial elementor-widget elementor-widget-text-editor\" data-id=\"32af432\" data-element_type=\"widget\" data-widget_type=\"text-editor.default\">\n\t\t\t\t<div class=\"elementor-widget-container\">\n\t\t\t\t\t\t\t\t\t<p>\u00c9crivez-nous \u00e0 <strong><a href=\"mailto:info@cerasa.it\">info@cerasa.it<\/a><\/strong>: nous serons ravis de vous fournir plus d\u2019informations sur nos programmes de formation.<\/p>\t\t\t\t\t\t\t\t<\/div>\n\t\t\t\t<\/div>\n\t\t\t\t<div class=\"elementor-element elementor-element-fedf1f3 elementor-align-left elementor-widget elementor-widget-button\" data-id=\"fedf1f3\" data-element_type=\"widget\" data-widget_type=\"button.default\">\n\t\t\t\t<div class=\"elementor-widget-container\">\n\t\t\t\t\t\t\t\t\t<div class=\"elementor-button-wrapper\">\n\t\t\t\t\t<a class=\"elementor-button elementor-button-link elementor-size-sm\" href=\"https:\/\/www.cerasa.it\/fr\/contacts\/\">\n\t\t\t\t\t\t<span class=\"elementor-button-content-wrapper\">\n\t\t\t\t\t\t\t\t\t<span class=\"elementor-button-text\">Contacts<\/span>\n\t\t\t\t\t<\/span>\n\t\t\t\t\t<\/a>\n\t\t\t\t<\/div>\n\t\t\t\t\t\t\t\t<\/div>\n\t\t\t\t<\/div>\n\t\t\t\t\t<\/div>\n\t\t\t\t<\/div>\n\t\t\t\t<\/div>\n\t\t","protected":false},"excerpt":{"rendered":"<p>Cerasa Performance academy L\u00e0 o\u00f9 la formation rencontre la vision. L\u00e0 o\u00f9 le vendeur devient ambassadeur. Dans le monde comp\u00e9titif de l\u2019am\u00e9nagement de la salle de bains, il ne suffit pas de savoir vendre. Il faut savoir communiquer la valeur, inspirer la confiance et construire des relations. C\u2019est \u00e0 partir de cette conviction qu\u2019est n\u00e9e [&hellip;]<\/p>\n","protected":false},"author":1,"featured_media":0,"parent":0,"menu_order":0,"comment_status":"closed","ping_status":"closed","template":"elementor_header_footer","meta":{"_acf_changed":false,"footnotes":""},"class_list":["post-16419","page","type-page","status-publish","hentry"],"acf":[],"yoast_head":"<!-- This site is optimized with the Yoast SEO plugin v24.5 - https:\/\/yoast.com\/wordpress\/plugins\/seo\/ -->\n<title>Performance academy - Cerasa<\/title>\n<meta name=\"robots\" content=\"index, follow, max-snippet:-1, max-image-preview:large, max-video-preview:-1\" \/>\n<link rel=\"canonical\" href=\"https:\/\/www.cerasa.it\/fr\/performance-academy\/\" \/>\n<meta property=\"og:locale\" content=\"fr_FR\" \/>\n<meta property=\"og:type\" content=\"article\" \/>\n<meta property=\"og:title\" content=\"Performance academy - Cerasa\" \/>\n<meta property=\"og:description\" content=\"Cerasa Performance academy L\u00e0 o\u00f9 la formation rencontre la vision. L\u00e0 o\u00f9 le vendeur devient ambassadeur. Dans le monde comp\u00e9titif de l\u2019am\u00e9nagement de la salle de bains, il ne suffit pas de savoir vendre. Il faut savoir communiquer la valeur, inspirer la confiance et construire des relations. C\u2019est \u00e0 partir de cette conviction qu\u2019est n\u00e9e [&hellip;]\" \/>\n<meta property=\"og:url\" content=\"https:\/\/www.cerasa.it\/fr\/performance-academy\/\" \/>\n<meta property=\"og:site_name\" content=\"Cerasa\" \/>\n<meta property=\"article:publisher\" content=\"https:\/\/www.facebook.com\/bagnicerasa\" \/>\n<meta property=\"article:modified_time\" content=\"2025-11-20T14:34:41+00:00\" \/>\n<meta property=\"og:image\" content=\"https:\/\/cerasa.it\/wp-content\/uploads\/2025\/11\/performance_academy_approccio.jpg\" \/>\n<meta name=\"twitter:card\" content=\"summary_large_image\" \/>\n<meta name=\"twitter:label1\" content=\"Dur\u00e9e de lecture estim\u00e9e\" \/>\n\t<meta name=\"twitter:data1\" content=\"2 minutes\" \/>\n<script type=\"application\/ld+json\" class=\"yoast-schema-graph\">{\"@context\":\"https:\/\/schema.org\",\"@graph\":[{\"@type\":\"WebPage\",\"@id\":\"https:\/\/www.cerasa.it\/fr\/performance-academy\/\",\"url\":\"https:\/\/www.cerasa.it\/fr\/performance-academy\/\",\"name\":\"Performance academy - Cerasa\",\"isPartOf\":{\"@id\":\"https:\/\/www.cerasa.it\/fr\/#website\"},\"primaryImageOfPage\":{\"@id\":\"https:\/\/www.cerasa.it\/fr\/performance-academy\/#primaryimage\"},\"image\":{\"@id\":\"https:\/\/www.cerasa.it\/fr\/performance-academy\/#primaryimage\"},\"thumbnailUrl\":\"https:\/\/dev2.cerasa.it\/wp-content\/uploads\/2025\/11\/performance_academy_approccio.jpg\",\"datePublished\":\"2025-08-04T13:10:14+00:00\",\"dateModified\":\"2025-11-20T14:34:41+00:00\",\"breadcrumb\":{\"@id\":\"https:\/\/www.cerasa.it\/fr\/performance-academy\/#breadcrumb\"},\"inLanguage\":\"fr-FR\",\"potentialAction\":[{\"@type\":\"ReadAction\",\"target\":[\"https:\/\/www.cerasa.it\/fr\/performance-academy\/\"]}]},{\"@type\":\"ImageObject\",\"inLanguage\":\"fr-FR\",\"@id\":\"https:\/\/www.cerasa.it\/fr\/performance-academy\/#primaryimage\",\"url\":\"https:\/\/dev2.cerasa.it\/wp-content\/uploads\/2025\/11\/performance_academy_approccio.jpg\",\"contentUrl\":\"https:\/\/dev2.cerasa.it\/wp-content\/uploads\/2025\/11\/performance_academy_approccio.jpg\"},{\"@type\":\"BreadcrumbList\",\"@id\":\"https:\/\/www.cerasa.it\/fr\/performance-academy\/#breadcrumb\",\"itemListElement\":[{\"@type\":\"ListItem\",\"position\":1,\"name\":\"Home\",\"item\":\"https:\/\/www.cerasa.it\/fr\/home-26-fr\/\"},{\"@type\":\"ListItem\",\"position\":2,\"name\":\"Performance academy\"}]},{\"@type\":\"WebSite\",\"@id\":\"https:\/\/www.cerasa.it\/fr\/#website\",\"url\":\"https:\/\/www.cerasa.it\/fr\/\",\"name\":\"Cerasa\",\"description\":\"Arredo Bagno e Interior Design Made in Italy\",\"publisher\":{\"@id\":\"https:\/\/www.cerasa.it\/fr\/#organization\"},\"potentialAction\":[{\"@type\":\"SearchAction\",\"target\":{\"@type\":\"EntryPoint\",\"urlTemplate\":\"https:\/\/www.cerasa.it\/fr\/?s={search_term_string}\"},\"query-input\":{\"@type\":\"PropertyValueSpecification\",\"valueRequired\":true,\"valueName\":\"search_term_string\"}}],\"inLanguage\":\"fr-FR\"},{\"@type\":\"Organization\",\"@id\":\"https:\/\/www.cerasa.it\/fr\/#organization\",\"name\":\"CERASA\",\"alternateName\":\"CERASA SRL\",\"url\":\"https:\/\/www.cerasa.it\/fr\/\",\"logo\":{\"@type\":\"ImageObject\",\"inLanguage\":\"fr-FR\",\"@id\":\"https:\/\/www.cerasa.it\/fr\/#\/schema\/logo\/image\/\",\"url\":\"https:\/\/www.cerasa.it\/wp-content\/uploads\/2025\/07\/logo-cerasa-b.svg\",\"contentUrl\":\"https:\/\/www.cerasa.it\/wp-content\/uploads\/2025\/07\/logo-cerasa-b.svg\",\"width\":96,\"height\":20,\"caption\":\"CERASA\"},\"image\":{\"@id\":\"https:\/\/www.cerasa.it\/fr\/#\/schema\/logo\/image\/\"},\"sameAs\":[\"https:\/\/www.facebook.com\/bagnicerasa\",\"https:\/\/it.linkedin.com\/company\/cerasa-srl\",\"https:\/\/www.instagram.com\/cerasa_arredobagno\/\",\"https:\/\/it.pinterest.com\/cerasabagni\/\"]}]}<\/script>\n<!-- \/ Yoast SEO plugin. -->","yoast_head_json":{"title":"Performance academy - Cerasa","robots":{"index":"index","follow":"follow","max-snippet":"max-snippet:-1","max-image-preview":"max-image-preview:large","max-video-preview":"max-video-preview:-1"},"canonical":"https:\/\/www.cerasa.it\/fr\/performance-academy\/","og_locale":"fr_FR","og_type":"article","og_title":"Performance academy - Cerasa","og_description":"Cerasa Performance academy L\u00e0 o\u00f9 la formation rencontre la vision. L\u00e0 o\u00f9 le vendeur devient ambassadeur. Dans le monde comp\u00e9titif de l\u2019am\u00e9nagement de la salle de bains, il ne suffit pas de savoir vendre. Il faut savoir communiquer la valeur, inspirer la confiance et construire des relations. C\u2019est \u00e0 partir de cette conviction qu\u2019est n\u00e9e [&hellip;]","og_url":"https:\/\/www.cerasa.it\/fr\/performance-academy\/","og_site_name":"Cerasa","article_publisher":"https:\/\/www.facebook.com\/bagnicerasa","article_modified_time":"2025-11-20T14:34:41+00:00","og_image":[{"url":"https:\/\/cerasa.it\/wp-content\/uploads\/2025\/11\/performance_academy_approccio.jpg","type":"","width":"","height":""}],"twitter_card":"summary_large_image","twitter_misc":{"Dur\u00e9e de lecture estim\u00e9e":"2 minutes"},"schema":{"@context":"https:\/\/schema.org","@graph":[{"@type":"WebPage","@id":"https:\/\/www.cerasa.it\/fr\/performance-academy\/","url":"https:\/\/www.cerasa.it\/fr\/performance-academy\/","name":"Performance academy - Cerasa","isPartOf":{"@id":"https:\/\/www.cerasa.it\/fr\/#website"},"primaryImageOfPage":{"@id":"https:\/\/www.cerasa.it\/fr\/performance-academy\/#primaryimage"},"image":{"@id":"https:\/\/www.cerasa.it\/fr\/performance-academy\/#primaryimage"},"thumbnailUrl":"https:\/\/dev2.cerasa.it\/wp-content\/uploads\/2025\/11\/performance_academy_approccio.jpg","datePublished":"2025-08-04T13:10:14+00:00","dateModified":"2025-11-20T14:34:41+00:00","breadcrumb":{"@id":"https:\/\/www.cerasa.it\/fr\/performance-academy\/#breadcrumb"},"inLanguage":"fr-FR","potentialAction":[{"@type":"ReadAction","target":["https:\/\/www.cerasa.it\/fr\/performance-academy\/"]}]},{"@type":"ImageObject","inLanguage":"fr-FR","@id":"https:\/\/www.cerasa.it\/fr\/performance-academy\/#primaryimage","url":"https:\/\/dev2.cerasa.it\/wp-content\/uploads\/2025\/11\/performance_academy_approccio.jpg","contentUrl":"https:\/\/dev2.cerasa.it\/wp-content\/uploads\/2025\/11\/performance_academy_approccio.jpg"},{"@type":"BreadcrumbList","@id":"https:\/\/www.cerasa.it\/fr\/performance-academy\/#breadcrumb","itemListElement":[{"@type":"ListItem","position":1,"name":"Home","item":"https:\/\/www.cerasa.it\/fr\/home-26-fr\/"},{"@type":"ListItem","position":2,"name":"Performance academy"}]},{"@type":"WebSite","@id":"https:\/\/www.cerasa.it\/fr\/#website","url":"https:\/\/www.cerasa.it\/fr\/","name":"Cerasa","description":"Arredo Bagno e Interior Design Made in Italy","publisher":{"@id":"https:\/\/www.cerasa.it\/fr\/#organization"},"potentialAction":[{"@type":"SearchAction","target":{"@type":"EntryPoint","urlTemplate":"https:\/\/www.cerasa.it\/fr\/?s={search_term_string}"},"query-input":{"@type":"PropertyValueSpecification","valueRequired":true,"valueName":"search_term_string"}}],"inLanguage":"fr-FR"},{"@type":"Organization","@id":"https:\/\/www.cerasa.it\/fr\/#organization","name":"CERASA","alternateName":"CERASA SRL","url":"https:\/\/www.cerasa.it\/fr\/","logo":{"@type":"ImageObject","inLanguage":"fr-FR","@id":"https:\/\/www.cerasa.it\/fr\/#\/schema\/logo\/image\/","url":"https:\/\/www.cerasa.it\/wp-content\/uploads\/2025\/07\/logo-cerasa-b.svg","contentUrl":"https:\/\/www.cerasa.it\/wp-content\/uploads\/2025\/07\/logo-cerasa-b.svg","width":96,"height":20,"caption":"CERASA"},"image":{"@id":"https:\/\/www.cerasa.it\/fr\/#\/schema\/logo\/image\/"},"sameAs":["https:\/\/www.facebook.com\/bagnicerasa","https:\/\/it.linkedin.com\/company\/cerasa-srl","https:\/\/www.instagram.com\/cerasa_arredobagno\/","https:\/\/it.pinterest.com\/cerasabagni\/"]}]}},"_links":{"self":[{"href":"https:\/\/www.cerasa.it\/fr\/wp-json\/wp\/v2\/pages\/16419","targetHints":{"allow":["GET"]}}],"collection":[{"href":"https:\/\/www.cerasa.it\/fr\/wp-json\/wp\/v2\/pages"}],"about":[{"href":"https:\/\/www.cerasa.it\/fr\/wp-json\/wp\/v2\/types\/page"}],"author":[{"embeddable":true,"href":"https:\/\/www.cerasa.it\/fr\/wp-json\/wp\/v2\/users\/1"}],"replies":[{"embeddable":true,"href":"https:\/\/www.cerasa.it\/fr\/wp-json\/wp\/v2\/comments?post=16419"}],"version-history":[{"count":6,"href":"https:\/\/www.cerasa.it\/fr\/wp-json\/wp\/v2\/pages\/16419\/revisions"}],"predecessor-version":[{"id":22976,"href":"https:\/\/www.cerasa.it\/fr\/wp-json\/wp\/v2\/pages\/16419\/revisions\/22976"}],"wp:attachment":[{"href":"https:\/\/www.cerasa.it\/fr\/wp-json\/wp\/v2\/media?parent=16419"}],"curies":[{"name":"wp","href":"https:\/\/api.w.org\/{rel}","templated":true}]}}