{"id":1059,"date":"2025-11-17T17:26:40","date_gmt":"2025-11-17T16:26:40","guid":{"rendered":"https:\/\/dev2.cerasa.it\/prodotti\/non%20class\u00e9\/humeur-1-gres-2\/"},"modified":"2025-11-17T17:34:02","modified_gmt":"2025-11-17T16:34:02","slug":"inspiration-sandstone-1","status":"publish","type":"product","link":"https:\/\/www.cerasa.it\/fr\/produits\/collections\/des-evolution\/inspiration-sandstone-1\/","title":{"rendered":"INSPIRATION SANDSTONE 1"},"content":{"rendered":"<p>Composition monochromatique avec \u00e9l\u00e9ments et plan de toilette laqu\u00e9s RAL 8002 mat. Le jeu de lumi\u00e8re est donn\u00e9 par les diff\u00e9rents mat\u00e9riaux: <strong>le m\u00e9tal du plan<\/strong> de toilette et les surfaces laqu\u00e9es, lisses et 3D, des \u00e9l\u00e9ments. Cette solution est particuli\u00e8rement fonctionnelle et ergonomique gr\u00e2ce au <strong>changement de profondeur<\/strong> cr\u00e9\u00e9 par la niche ouverte, qui all\u00e8ge l&#8217;impact visuel global. Dimensions: L 232 P 51.3-38.3 cm.<\/p>\n","protected":false},"excerpt":{"rendered":"<p>Composition monochromatique avec \u00e9l\u00e9ments et plan de toilette laqu\u00e9s RAL 8002 mat. Le jeu de lumi\u00e8re est donn\u00e9 par les diff\u00e9rents mat\u00e9riaux: le m\u00e9tal du plan de toilette et les surfaces laqu\u00e9es, lisses et 3D, des \u00e9l\u00e9ments. Cette solution est particuli\u00e8rement fonctionnelle et ergonomique gr\u00e2ce au changement de profondeur cr\u00e9\u00e9 par la niche ouverte, qui [&hellip;]<\/p>\n","protected":false},"featured_media":17854,"template":"","meta":{"_acf_changed":false},"product_brand":[],"product_cat":[113,1204],"product_tag":[],"class_list":{"0":"post-1059","1":"product","2":"type-product","3":"status-publish","4":"has-post-thumbnail","6":"product_cat-collections","7":"product_cat-des-evolution","9":"first","10":"instock","11":"product-type-simple"},"acf":[],"yoast_head":"<!-- This site is optimized with the Yoast SEO plugin v24.5 - https:\/\/yoast.com\/wordpress\/plugins\/seo\/ -->\n<title>INSPIRATION SANDSTONE 1 - Arredo bagno moderno e di design Cerasa<\/title>\n<meta name=\"description\" content=\"Composition monochromatique avec \u00e9l\u00e9ments et plan de toilette laqu\u00e9s RAL 8002 mat. Le jeu de lumi\u00e8re est donn\u00e9 par les diff\u00e9rents mat\u00e9riaux: le m\u00e9tal du\" \/>\n<meta name=\"robots\" content=\"index, follow, max-snippet:-1, max-image-preview:large, max-video-preview:-1\" \/>\n<link rel=\"canonical\" href=\"https:\/\/www.cerasa.it\/fr\/produits\/collections\/des-evolution\/inspiration-sandstone-1\/\" \/>\n<meta property=\"og:locale\" content=\"fr_FR\" \/>\n<meta property=\"og:type\" content=\"article\" \/>\n<meta property=\"og:title\" content=\"INSPIRATION SANDSTONE 1 - Arredo bagno moderno e di design Cerasa\" \/>\n<meta property=\"og:description\" content=\"Composition monochromatique avec \u00e9l\u00e9ments et plan de toilette laqu\u00e9s RAL 8002 mat. Le jeu de lumi\u00e8re est donn\u00e9 par les diff\u00e9rents mat\u00e9riaux: le m\u00e9tal du\" \/>\n<meta property=\"og:url\" content=\"https:\/\/www.cerasa.it\/fr\/produits\/collections\/des-evolution\/inspiration-sandstone-1\/\" \/>\n<meta property=\"og:site_name\" content=\"Cerasa\" \/>\n<meta property=\"article:publisher\" content=\"https:\/\/www.facebook.com\/bagnicerasa\" \/>\n<meta property=\"article:modified_time\" content=\"2025-11-17T16:34:02+00:00\" \/>\n<meta property=\"og:image\" content=\"https:\/\/www.cerasa.it\/wp-content\/uploads\/2025\/11\/des-evolution-cerasa-miniatura.jpg\" \/>\n\t<meta property=\"og:image:width\" content=\"800\" \/>\n\t<meta property=\"og:image:height\" content=\"1000\" \/>\n\t<meta property=\"og:image:type\" content=\"image\/jpeg\" \/>\n<meta name=\"twitter:card\" content=\"summary_large_image\" \/>\n<script type=\"application\/ld+json\" class=\"yoast-schema-graph\">{\"@context\":\"https:\/\/schema.org\",\"@graph\":[{\"@type\":\"WebPage\",\"@id\":\"https:\/\/www.cerasa.it\/fr\/produits\/collections\/des-evolution\/inspiration-sandstone-1\/\",\"url\":\"https:\/\/www.cerasa.it\/fr\/produits\/collections\/des-evolution\/inspiration-sandstone-1\/\",\"name\":\"INSPIRATION SANDSTONE 1 - Arredo bagno moderno e di design Cerasa\",\"isPartOf\":{\"@id\":\"https:\/\/www.cerasa.it\/fr\/#website\"},\"primaryImageOfPage\":{\"@id\":\"https:\/\/www.cerasa.it\/fr\/produits\/collections\/des-evolution\/inspiration-sandstone-1\/#primaryimage\"},\"image\":{\"@id\":\"https:\/\/www.cerasa.it\/fr\/produits\/collections\/des-evolution\/inspiration-sandstone-1\/#primaryimage\"},\"thumbnailUrl\":\"https:\/\/www.cerasa.it\/wp-content\/uploads\/2025\/11\/des-evolution-cerasa-miniatura.jpg\",\"datePublished\":\"2025-11-17T16:26:40+00:00\",\"dateModified\":\"2025-11-17T16:34:02+00:00\",\"description\":\"Composition monochromatique avec \u00e9l\u00e9ments et plan de toilette laqu\u00e9s RAL 8002 mat. Le jeu de lumi\u00e8re est donn\u00e9 par les diff\u00e9rents mat\u00e9riaux: le m\u00e9tal du\",\"breadcrumb\":{\"@id\":\"https:\/\/www.cerasa.it\/fr\/produits\/collections\/des-evolution\/inspiration-sandstone-1\/#breadcrumb\"},\"inLanguage\":\"fr-FR\",\"potentialAction\":[{\"@type\":\"ReadAction\",\"target\":[\"https:\/\/www.cerasa.it\/fr\/produits\/collections\/des-evolution\/inspiration-sandstone-1\/\"]}]},{\"@type\":\"ImageObject\",\"inLanguage\":\"fr-FR\",\"@id\":\"https:\/\/www.cerasa.it\/fr\/produits\/collections\/des-evolution\/inspiration-sandstone-1\/#primaryimage\",\"url\":\"https:\/\/www.cerasa.it\/wp-content\/uploads\/2025\/11\/des-evolution-cerasa-miniatura.jpg\",\"contentUrl\":\"https:\/\/www.cerasa.it\/wp-content\/uploads\/2025\/11\/des-evolution-cerasa-miniatura.jpg\",\"width\":800,\"height\":1000},{\"@type\":\"BreadcrumbList\",\"@id\":\"https:\/\/www.cerasa.it\/fr\/produits\/collections\/des-evolution\/inspiration-sandstone-1\/#breadcrumb\",\"itemListElement\":[{\"@type\":\"ListItem\",\"position\":1,\"name\":\"Home\",\"item\":\"https:\/\/www.cerasa.it\/fr\/home-26-fr\/\"},{\"@type\":\"ListItem\",\"position\":2,\"name\":\"Boutique\",\"item\":\"https:\/\/www.cerasa.it\/fr\/boutique\/\"},{\"@type\":\"ListItem\",\"position\":3,\"name\":\"INSPIRATION SANDSTONE 1\"}]},{\"@type\":\"WebSite\",\"@id\":\"https:\/\/www.cerasa.it\/fr\/#website\",\"url\":\"https:\/\/www.cerasa.it\/fr\/\",\"name\":\"Cerasa\",\"description\":\"Arredo Bagno e Interior Design Made in Italy\",\"publisher\":{\"@id\":\"https:\/\/www.cerasa.it\/fr\/#organization\"},\"potentialAction\":[{\"@type\":\"SearchAction\",\"target\":{\"@type\":\"EntryPoint\",\"urlTemplate\":\"https:\/\/www.cerasa.it\/fr\/?s={search_term_string}\"},\"query-input\":{\"@type\":\"PropertyValueSpecification\",\"valueRequired\":true,\"valueName\":\"search_term_string\"}}],\"inLanguage\":\"fr-FR\"},{\"@type\":\"Organization\",\"@id\":\"https:\/\/www.cerasa.it\/fr\/#organization\",\"name\":\"CERASA\",\"alternateName\":\"CERASA SRL\",\"url\":\"https:\/\/www.cerasa.it\/fr\/\",\"logo\":{\"@type\":\"ImageObject\",\"inLanguage\":\"fr-FR\",\"@id\":\"https:\/\/www.cerasa.it\/fr\/#\/schema\/logo\/image\/\",\"url\":\"https:\/\/www.cerasa.it\/wp-content\/uploads\/2025\/07\/logo-cerasa-b.svg\",\"contentUrl\":\"https:\/\/www.cerasa.it\/wp-content\/uploads\/2025\/07\/logo-cerasa-b.svg\",\"width\":96,\"height\":20,\"caption\":\"CERASA\"},\"image\":{\"@id\":\"https:\/\/www.cerasa.it\/fr\/#\/schema\/logo\/image\/\"},\"sameAs\":[\"https:\/\/www.facebook.com\/bagnicerasa\",\"https:\/\/it.linkedin.com\/company\/cerasa-srl\",\"https:\/\/www.instagram.com\/cerasa_arredobagno\/\",\"https:\/\/it.pinterest.com\/cerasabagni\/\"]}]}<\/script>\n<!-- \/ Yoast SEO plugin. -->","yoast_head_json":{"title":"INSPIRATION SANDSTONE 1 - Arredo bagno moderno e di design Cerasa","description":"Composition monochromatique avec \u00e9l\u00e9ments et plan de toilette laqu\u00e9s RAL 8002 mat. Le jeu de lumi\u00e8re est donn\u00e9 par les diff\u00e9rents mat\u00e9riaux: le m\u00e9tal du","robots":{"index":"index","follow":"follow","max-snippet":"max-snippet:-1","max-image-preview":"max-image-preview:large","max-video-preview":"max-video-preview:-1"},"canonical":"https:\/\/www.cerasa.it\/fr\/produits\/collections\/des-evolution\/inspiration-sandstone-1\/","og_locale":"fr_FR","og_type":"article","og_title":"INSPIRATION SANDSTONE 1 - Arredo bagno moderno e di design Cerasa","og_description":"Composition monochromatique avec \u00e9l\u00e9ments et plan de toilette laqu\u00e9s RAL 8002 mat. Le jeu de lumi\u00e8re est donn\u00e9 par les diff\u00e9rents mat\u00e9riaux: le m\u00e9tal du","og_url":"https:\/\/www.cerasa.it\/fr\/produits\/collections\/des-evolution\/inspiration-sandstone-1\/","og_site_name":"Cerasa","article_publisher":"https:\/\/www.facebook.com\/bagnicerasa","article_modified_time":"2025-11-17T16:34:02+00:00","og_image":[{"width":800,"height":1000,"url":"https:\/\/www.cerasa.it\/wp-content\/uploads\/2025\/11\/des-evolution-cerasa-miniatura.jpg","type":"image\/jpeg"}],"twitter_card":"summary_large_image","schema":{"@context":"https:\/\/schema.org","@graph":[{"@type":"WebPage","@id":"https:\/\/www.cerasa.it\/fr\/produits\/collections\/des-evolution\/inspiration-sandstone-1\/","url":"https:\/\/www.cerasa.it\/fr\/produits\/collections\/des-evolution\/inspiration-sandstone-1\/","name":"INSPIRATION SANDSTONE 1 - Arredo bagno moderno e di design Cerasa","isPartOf":{"@id":"https:\/\/www.cerasa.it\/fr\/#website"},"primaryImageOfPage":{"@id":"https:\/\/www.cerasa.it\/fr\/produits\/collections\/des-evolution\/inspiration-sandstone-1\/#primaryimage"},"image":{"@id":"https:\/\/www.cerasa.it\/fr\/produits\/collections\/des-evolution\/inspiration-sandstone-1\/#primaryimage"},"thumbnailUrl":"https:\/\/www.cerasa.it\/wp-content\/uploads\/2025\/11\/des-evolution-cerasa-miniatura.jpg","datePublished":"2025-11-17T16:26:40+00:00","dateModified":"2025-11-17T16:34:02+00:00","description":"Composition monochromatique avec \u00e9l\u00e9ments et plan de toilette laqu\u00e9s RAL 8002 mat. Le jeu de lumi\u00e8re est donn\u00e9 par les diff\u00e9rents mat\u00e9riaux: le m\u00e9tal du","breadcrumb":{"@id":"https:\/\/www.cerasa.it\/fr\/produits\/collections\/des-evolution\/inspiration-sandstone-1\/#breadcrumb"},"inLanguage":"fr-FR","potentialAction":[{"@type":"ReadAction","target":["https:\/\/www.cerasa.it\/fr\/produits\/collections\/des-evolution\/inspiration-sandstone-1\/"]}]},{"@type":"ImageObject","inLanguage":"fr-FR","@id":"https:\/\/www.cerasa.it\/fr\/produits\/collections\/des-evolution\/inspiration-sandstone-1\/#primaryimage","url":"https:\/\/www.cerasa.it\/wp-content\/uploads\/2025\/11\/des-evolution-cerasa-miniatura.jpg","contentUrl":"https:\/\/www.cerasa.it\/wp-content\/uploads\/2025\/11\/des-evolution-cerasa-miniatura.jpg","width":800,"height":1000},{"@type":"BreadcrumbList","@id":"https:\/\/www.cerasa.it\/fr\/produits\/collections\/des-evolution\/inspiration-sandstone-1\/#breadcrumb","itemListElement":[{"@type":"ListItem","position":1,"name":"Home","item":"https:\/\/www.cerasa.it\/fr\/home-26-fr\/"},{"@type":"ListItem","position":2,"name":"Boutique","item":"https:\/\/www.cerasa.it\/fr\/boutique\/"},{"@type":"ListItem","position":3,"name":"INSPIRATION SANDSTONE 1"}]},{"@type":"WebSite","@id":"https:\/\/www.cerasa.it\/fr\/#website","url":"https:\/\/www.cerasa.it\/fr\/","name":"Cerasa","description":"Arredo Bagno e Interior Design Made in Italy","publisher":{"@id":"https:\/\/www.cerasa.it\/fr\/#organization"},"potentialAction":[{"@type":"SearchAction","target":{"@type":"EntryPoint","urlTemplate":"https:\/\/www.cerasa.it\/fr\/?s={search_term_string}"},"query-input":{"@type":"PropertyValueSpecification","valueRequired":true,"valueName":"search_term_string"}}],"inLanguage":"fr-FR"},{"@type":"Organization","@id":"https:\/\/www.cerasa.it\/fr\/#organization","name":"CERASA","alternateName":"CERASA SRL","url":"https:\/\/www.cerasa.it\/fr\/","logo":{"@type":"ImageObject","inLanguage":"fr-FR","@id":"https:\/\/www.cerasa.it\/fr\/#\/schema\/logo\/image\/","url":"https:\/\/www.cerasa.it\/wp-content\/uploads\/2025\/07\/logo-cerasa-b.svg","contentUrl":"https:\/\/www.cerasa.it\/wp-content\/uploads\/2025\/07\/logo-cerasa-b.svg","width":96,"height":20,"caption":"CERASA"},"image":{"@id":"https:\/\/www.cerasa.it\/fr\/#\/schema\/logo\/image\/"},"sameAs":["https:\/\/www.facebook.com\/bagnicerasa","https:\/\/it.linkedin.com\/company\/cerasa-srl","https:\/\/www.instagram.com\/cerasa_arredobagno\/","https:\/\/it.pinterest.com\/cerasabagni\/"]}]}},"_links":{"self":[{"href":"https:\/\/www.cerasa.it\/fr\/wp-json\/wp\/v2\/product\/1059","targetHints":{"allow":["GET"]}}],"collection":[{"href":"https:\/\/www.cerasa.it\/fr\/wp-json\/wp\/v2\/product"}],"about":[{"href":"https:\/\/www.cerasa.it\/fr\/wp-json\/wp\/v2\/types\/product"}],"wp:featuredmedia":[{"embeddable":true,"href":"https:\/\/www.cerasa.it\/fr\/wp-json\/wp\/v2\/media\/17854"}],"wp:attachment":[{"href":"https:\/\/www.cerasa.it\/fr\/wp-json\/wp\/v2\/media?parent=1059"}],"wp:term":[{"taxonomy":"product_brand","embeddable":true,"href":"https:\/\/www.cerasa.it\/fr\/wp-json\/wp\/v2\/product_brand?post=1059"},{"taxonomy":"product_cat","embeddable":true,"href":"https:\/\/www.cerasa.it\/fr\/wp-json\/wp\/v2\/product_cat?post=1059"},{"taxonomy":"product_tag","embeddable":true,"href":"https:\/\/www.cerasa.it\/fr\/wp-json\/wp\/v2\/product_tag?post=1059"}],"curies":[{"name":"wp","href":"https:\/\/api.w.org\/{rel}","templated":true}]}}