{"id":1063,"date":"2025-11-17T17:26:46","date_gmt":"2025-11-17T16:26:46","guid":{"rendered":"https:\/\/dev2.cerasa.it\/prodotti\/non%20class\u00e9\/humeur-3-vert-profond-2\/"},"modified":"2025-11-17T17:34:05","modified_gmt":"2025-11-17T16:34:05","slug":"inspiration-deep-green-2","status":"publish","type":"product","link":"https:\/\/www.cerasa.it\/fr\/produits\/collections\/des-evolution\/inspiration-deep-green-2\/","title":{"rendered":"INSPIRATION DEEP GREEN 2"},"content":{"rendered":"<p>\u00c9l\u00e9ments bas au sol avec portes en Rovere Termocotto o\u00f9 les \u00e9l\u00e9ments terminaux arrondis adoucissent les lignes de l&#8217;ensemble. Le plan de toilette en grosse \u00e9paisseur avec vasque moul\u00e9e est r\u00e9alis\u00e9 en Tecnoril\u00ae. Les nouveaux <strong>\u00e9l\u00e9ments muraux en m\u00e9tal<\/strong> PENTA 1, en finition nickel, sont accessoiris\u00e9s avec des plateaux ronds PIKO P avec cadre en m\u00e9tal finition nickel, tandis que la finition de son plan est coordonn\u00e9e aux \u00e9l\u00e9ments bas. Le <strong>miroir<\/strong> Egg et la <strong>lampe<\/strong> Clio compl\u00e8tent la composition. Dimensions des \u00e9l\u00e9ments bas: L 174.4 P 51.3 H 52 cm. Dimensions du plan de toilette en grosse \u00e9paisseur: L 170 P 51.3 H 12 cm.<\/p>\n","protected":false},"excerpt":{"rendered":"<p>\u00c9l\u00e9ments bas au sol avec portes en Rovere Termocotto o\u00f9 les \u00e9l\u00e9ments terminaux arrondis adoucissent les lignes de l&#8217;ensemble. Le plan de toilette en grosse \u00e9paisseur avec vasque moul\u00e9e est r\u00e9alis\u00e9 en Tecnoril\u00ae. Les nouveaux \u00e9l\u00e9ments muraux en m\u00e9tal PENTA 1, en finition nickel, sont accessoiris\u00e9s avec des plateaux ronds PIKO P avec cadre en [&hellip;]<\/p>\n","protected":false},"featured_media":17854,"template":"","meta":{"_acf_changed":false},"product_brand":[],"product_cat":[113,1204],"product_tag":[],"class_list":{"0":"post-1063","1":"product","2":"type-product","3":"status-publish","4":"has-post-thumbnail","6":"product_cat-collections","7":"product_cat-des-evolution","9":"first","10":"instock","11":"product-type-simple"},"acf":[],"yoast_head":"<!-- This site is optimized with the Yoast SEO plugin v24.5 - https:\/\/yoast.com\/wordpress\/plugins\/seo\/ -->\n<title>INSPIRATION DEEP GREEN 2 - Arredo bagno moderno e di design Cerasa<\/title>\n<meta name=\"description\" content=\"\u00c9l\u00e9ments bas au sol avec portes en Rovere Termocotto o\u00f9 les \u00e9l\u00e9ments terminaux arrondis adoucissent les lignes de l&#039;ensemble. Le plan de toilette en\" \/>\n<meta name=\"robots\" content=\"index, follow, max-snippet:-1, max-image-preview:large, max-video-preview:-1\" \/>\n<link rel=\"canonical\" href=\"https:\/\/www.cerasa.it\/fr\/produits\/collections\/des-evolution\/inspiration-deep-green-2\/\" \/>\n<meta property=\"og:locale\" content=\"fr_FR\" \/>\n<meta property=\"og:type\" content=\"article\" \/>\n<meta property=\"og:title\" content=\"INSPIRATION DEEP GREEN 2 - Arredo bagno moderno e di design Cerasa\" \/>\n<meta property=\"og:description\" content=\"\u00c9l\u00e9ments bas au sol avec portes en Rovere Termocotto o\u00f9 les \u00e9l\u00e9ments terminaux arrondis adoucissent les lignes de l&#039;ensemble. Le plan de toilette en\" \/>\n<meta property=\"og:url\" content=\"https:\/\/www.cerasa.it\/fr\/produits\/collections\/des-evolution\/inspiration-deep-green-2\/\" \/>\n<meta property=\"og:site_name\" content=\"Cerasa\" \/>\n<meta property=\"article:publisher\" content=\"https:\/\/www.facebook.com\/bagnicerasa\" \/>\n<meta property=\"article:modified_time\" content=\"2025-11-17T16:34:05+00:00\" \/>\n<meta property=\"og:image\" content=\"https:\/\/www.cerasa.it\/wp-content\/uploads\/2025\/11\/des-evolution-cerasa-miniatura.jpg\" \/>\n\t<meta property=\"og:image:width\" content=\"800\" \/>\n\t<meta property=\"og:image:height\" content=\"1000\" \/>\n\t<meta property=\"og:image:type\" content=\"image\/jpeg\" \/>\n<meta name=\"twitter:card\" content=\"summary_large_image\" \/>\n<meta name=\"twitter:label1\" content=\"Dur\u00e9e de lecture estim\u00e9e\" \/>\n\t<meta name=\"twitter:data1\" content=\"1 minute\" \/>\n<script type=\"application\/ld+json\" class=\"yoast-schema-graph\">{\"@context\":\"https:\/\/schema.org\",\"@graph\":[{\"@type\":\"WebPage\",\"@id\":\"https:\/\/www.cerasa.it\/fr\/produits\/collections\/des-evolution\/inspiration-deep-green-2\/\",\"url\":\"https:\/\/www.cerasa.it\/fr\/produits\/collections\/des-evolution\/inspiration-deep-green-2\/\",\"name\":\"INSPIRATION DEEP GREEN 2 - Arredo bagno moderno e di design Cerasa\",\"isPartOf\":{\"@id\":\"https:\/\/www.cerasa.it\/fr\/#website\"},\"primaryImageOfPage\":{\"@id\":\"https:\/\/www.cerasa.it\/fr\/produits\/collections\/des-evolution\/inspiration-deep-green-2\/#primaryimage\"},\"image\":{\"@id\":\"https:\/\/www.cerasa.it\/fr\/produits\/collections\/des-evolution\/inspiration-deep-green-2\/#primaryimage\"},\"thumbnailUrl\":\"https:\/\/www.cerasa.it\/wp-content\/uploads\/2025\/11\/des-evolution-cerasa-miniatura.jpg\",\"datePublished\":\"2025-11-17T16:26:46+00:00\",\"dateModified\":\"2025-11-17T16:34:05+00:00\",\"description\":\"\u00c9l\u00e9ments bas au sol avec portes en Rovere Termocotto o\u00f9 les \u00e9l\u00e9ments terminaux arrondis adoucissent les lignes de l'ensemble. Le plan de toilette en\",\"breadcrumb\":{\"@id\":\"https:\/\/www.cerasa.it\/fr\/produits\/collections\/des-evolution\/inspiration-deep-green-2\/#breadcrumb\"},\"inLanguage\":\"fr-FR\",\"potentialAction\":[{\"@type\":\"ReadAction\",\"target\":[\"https:\/\/www.cerasa.it\/fr\/produits\/collections\/des-evolution\/inspiration-deep-green-2\/\"]}]},{\"@type\":\"ImageObject\",\"inLanguage\":\"fr-FR\",\"@id\":\"https:\/\/www.cerasa.it\/fr\/produits\/collections\/des-evolution\/inspiration-deep-green-2\/#primaryimage\",\"url\":\"https:\/\/www.cerasa.it\/wp-content\/uploads\/2025\/11\/des-evolution-cerasa-miniatura.jpg\",\"contentUrl\":\"https:\/\/www.cerasa.it\/wp-content\/uploads\/2025\/11\/des-evolution-cerasa-miniatura.jpg\",\"width\":800,\"height\":1000},{\"@type\":\"BreadcrumbList\",\"@id\":\"https:\/\/www.cerasa.it\/fr\/produits\/collections\/des-evolution\/inspiration-deep-green-2\/#breadcrumb\",\"itemListElement\":[{\"@type\":\"ListItem\",\"position\":1,\"name\":\"Home\",\"item\":\"https:\/\/www.cerasa.it\/fr\/home-26-fr\/\"},{\"@type\":\"ListItem\",\"position\":2,\"name\":\"Boutique\",\"item\":\"https:\/\/www.cerasa.it\/fr\/boutique\/\"},{\"@type\":\"ListItem\",\"position\":3,\"name\":\"INSPIRATION DEEP GREEN 2\"}]},{\"@type\":\"WebSite\",\"@id\":\"https:\/\/www.cerasa.it\/fr\/#website\",\"url\":\"https:\/\/www.cerasa.it\/fr\/\",\"name\":\"Cerasa\",\"description\":\"Arredo Bagno e Interior Design Made in Italy\",\"publisher\":{\"@id\":\"https:\/\/www.cerasa.it\/fr\/#organization\"},\"potentialAction\":[{\"@type\":\"SearchAction\",\"target\":{\"@type\":\"EntryPoint\",\"urlTemplate\":\"https:\/\/www.cerasa.it\/fr\/?s={search_term_string}\"},\"query-input\":{\"@type\":\"PropertyValueSpecification\",\"valueRequired\":true,\"valueName\":\"search_term_string\"}}],\"inLanguage\":\"fr-FR\"},{\"@type\":\"Organization\",\"@id\":\"https:\/\/www.cerasa.it\/fr\/#organization\",\"name\":\"CERASA\",\"alternateName\":\"CERASA SRL\",\"url\":\"https:\/\/www.cerasa.it\/fr\/\",\"logo\":{\"@type\":\"ImageObject\",\"inLanguage\":\"fr-FR\",\"@id\":\"https:\/\/www.cerasa.it\/fr\/#\/schema\/logo\/image\/\",\"url\":\"https:\/\/www.cerasa.it\/wp-content\/uploads\/2025\/07\/logo-cerasa-b.svg\",\"contentUrl\":\"https:\/\/www.cerasa.it\/wp-content\/uploads\/2025\/07\/logo-cerasa-b.svg\",\"width\":96,\"height\":20,\"caption\":\"CERASA\"},\"image\":{\"@id\":\"https:\/\/www.cerasa.it\/fr\/#\/schema\/logo\/image\/\"},\"sameAs\":[\"https:\/\/www.facebook.com\/bagnicerasa\",\"https:\/\/it.linkedin.com\/company\/cerasa-srl\",\"https:\/\/www.instagram.com\/cerasa_arredobagno\/\",\"https:\/\/it.pinterest.com\/cerasabagni\/\"]}]}<\/script>\n<!-- \/ Yoast SEO plugin. -->","yoast_head_json":{"title":"INSPIRATION DEEP GREEN 2 - Arredo bagno moderno e di design Cerasa","description":"\u00c9l\u00e9ments bas au sol avec portes en Rovere Termocotto o\u00f9 les \u00e9l\u00e9ments terminaux arrondis adoucissent les lignes de l'ensemble. Le plan de toilette en","robots":{"index":"index","follow":"follow","max-snippet":"max-snippet:-1","max-image-preview":"max-image-preview:large","max-video-preview":"max-video-preview:-1"},"canonical":"https:\/\/www.cerasa.it\/fr\/produits\/collections\/des-evolution\/inspiration-deep-green-2\/","og_locale":"fr_FR","og_type":"article","og_title":"INSPIRATION DEEP GREEN 2 - Arredo bagno moderno e di design Cerasa","og_description":"\u00c9l\u00e9ments bas au sol avec portes en Rovere Termocotto o\u00f9 les \u00e9l\u00e9ments terminaux arrondis adoucissent les lignes de l'ensemble. Le plan de toilette en","og_url":"https:\/\/www.cerasa.it\/fr\/produits\/collections\/des-evolution\/inspiration-deep-green-2\/","og_site_name":"Cerasa","article_publisher":"https:\/\/www.facebook.com\/bagnicerasa","article_modified_time":"2025-11-17T16:34:05+00:00","og_image":[{"width":800,"height":1000,"url":"https:\/\/www.cerasa.it\/wp-content\/uploads\/2025\/11\/des-evolution-cerasa-miniatura.jpg","type":"image\/jpeg"}],"twitter_card":"summary_large_image","twitter_misc":{"Dur\u00e9e de lecture estim\u00e9e":"1 minute"},"schema":{"@context":"https:\/\/schema.org","@graph":[{"@type":"WebPage","@id":"https:\/\/www.cerasa.it\/fr\/produits\/collections\/des-evolution\/inspiration-deep-green-2\/","url":"https:\/\/www.cerasa.it\/fr\/produits\/collections\/des-evolution\/inspiration-deep-green-2\/","name":"INSPIRATION DEEP GREEN 2 - Arredo bagno moderno e di design Cerasa","isPartOf":{"@id":"https:\/\/www.cerasa.it\/fr\/#website"},"primaryImageOfPage":{"@id":"https:\/\/www.cerasa.it\/fr\/produits\/collections\/des-evolution\/inspiration-deep-green-2\/#primaryimage"},"image":{"@id":"https:\/\/www.cerasa.it\/fr\/produits\/collections\/des-evolution\/inspiration-deep-green-2\/#primaryimage"},"thumbnailUrl":"https:\/\/www.cerasa.it\/wp-content\/uploads\/2025\/11\/des-evolution-cerasa-miniatura.jpg","datePublished":"2025-11-17T16:26:46+00:00","dateModified":"2025-11-17T16:34:05+00:00","description":"\u00c9l\u00e9ments bas au sol avec portes en Rovere Termocotto o\u00f9 les \u00e9l\u00e9ments terminaux arrondis adoucissent les lignes de l'ensemble. Le plan de toilette en","breadcrumb":{"@id":"https:\/\/www.cerasa.it\/fr\/produits\/collections\/des-evolution\/inspiration-deep-green-2\/#breadcrumb"},"inLanguage":"fr-FR","potentialAction":[{"@type":"ReadAction","target":["https:\/\/www.cerasa.it\/fr\/produits\/collections\/des-evolution\/inspiration-deep-green-2\/"]}]},{"@type":"ImageObject","inLanguage":"fr-FR","@id":"https:\/\/www.cerasa.it\/fr\/produits\/collections\/des-evolution\/inspiration-deep-green-2\/#primaryimage","url":"https:\/\/www.cerasa.it\/wp-content\/uploads\/2025\/11\/des-evolution-cerasa-miniatura.jpg","contentUrl":"https:\/\/www.cerasa.it\/wp-content\/uploads\/2025\/11\/des-evolution-cerasa-miniatura.jpg","width":800,"height":1000},{"@type":"BreadcrumbList","@id":"https:\/\/www.cerasa.it\/fr\/produits\/collections\/des-evolution\/inspiration-deep-green-2\/#breadcrumb","itemListElement":[{"@type":"ListItem","position":1,"name":"Home","item":"https:\/\/www.cerasa.it\/fr\/home-26-fr\/"},{"@type":"ListItem","position":2,"name":"Boutique","item":"https:\/\/www.cerasa.it\/fr\/boutique\/"},{"@type":"ListItem","position":3,"name":"INSPIRATION DEEP GREEN 2"}]},{"@type":"WebSite","@id":"https:\/\/www.cerasa.it\/fr\/#website","url":"https:\/\/www.cerasa.it\/fr\/","name":"Cerasa","description":"Arredo Bagno e Interior Design Made in Italy","publisher":{"@id":"https:\/\/www.cerasa.it\/fr\/#organization"},"potentialAction":[{"@type":"SearchAction","target":{"@type":"EntryPoint","urlTemplate":"https:\/\/www.cerasa.it\/fr\/?s={search_term_string}"},"query-input":{"@type":"PropertyValueSpecification","valueRequired":true,"valueName":"search_term_string"}}],"inLanguage":"fr-FR"},{"@type":"Organization","@id":"https:\/\/www.cerasa.it\/fr\/#organization","name":"CERASA","alternateName":"CERASA SRL","url":"https:\/\/www.cerasa.it\/fr\/","logo":{"@type":"ImageObject","inLanguage":"fr-FR","@id":"https:\/\/www.cerasa.it\/fr\/#\/schema\/logo\/image\/","url":"https:\/\/www.cerasa.it\/wp-content\/uploads\/2025\/07\/logo-cerasa-b.svg","contentUrl":"https:\/\/www.cerasa.it\/wp-content\/uploads\/2025\/07\/logo-cerasa-b.svg","width":96,"height":20,"caption":"CERASA"},"image":{"@id":"https:\/\/www.cerasa.it\/fr\/#\/schema\/logo\/image\/"},"sameAs":["https:\/\/www.facebook.com\/bagnicerasa","https:\/\/it.linkedin.com\/company\/cerasa-srl","https:\/\/www.instagram.com\/cerasa_arredobagno\/","https:\/\/it.pinterest.com\/cerasabagni\/"]}]}},"_links":{"self":[{"href":"https:\/\/www.cerasa.it\/fr\/wp-json\/wp\/v2\/product\/1063","targetHints":{"allow":["GET"]}}],"collection":[{"href":"https:\/\/www.cerasa.it\/fr\/wp-json\/wp\/v2\/product"}],"about":[{"href":"https:\/\/www.cerasa.it\/fr\/wp-json\/wp\/v2\/types\/product"}],"wp:featuredmedia":[{"embeddable":true,"href":"https:\/\/www.cerasa.it\/fr\/wp-json\/wp\/v2\/media\/17854"}],"wp:attachment":[{"href":"https:\/\/www.cerasa.it\/fr\/wp-json\/wp\/v2\/media?parent=1063"}],"wp:term":[{"taxonomy":"product_brand","embeddable":true,"href":"https:\/\/www.cerasa.it\/fr\/wp-json\/wp\/v2\/product_brand?post=1063"},{"taxonomy":"product_cat","embeddable":true,"href":"https:\/\/www.cerasa.it\/fr\/wp-json\/wp\/v2\/product_cat?post=1063"},{"taxonomy":"product_tag","embeddable":true,"href":"https:\/\/www.cerasa.it\/fr\/wp-json\/wp\/v2\/product_tag?post=1063"}],"curies":[{"name":"wp","href":"https:\/\/api.w.org\/{rel}","templated":true}]}}