{"id":1065,"date":"2025-11-17T17:26:51","date_gmt":"2025-11-17T16:26:51","guid":{"rendered":"https:\/\/dev2.cerasa.it\/prodotti\/non%20class\u00e9\/humeur-4-naturel-2\/"},"modified":"2025-11-17T17:34:06","modified_gmt":"2025-11-17T16:34:06","slug":"inspiration-natural-2","status":"publish","type":"product","link":"https:\/\/www.cerasa.it\/fr\/produits\/collections\/des-evolution\/inspiration-natural-2\/","title":{"rendered":"INSPIRATION NATURAL 2"},"content":{"rendered":"<p>Des fa\u00e7ades \u00e9paisses et des fa\u00e7ades avec cadre donnent du dynamisme \u00e0 cette composition enti\u00e8rement laqu\u00e9e RAL 7032 mat. Les <strong>socles cylindriques<\/strong> et les \u00e9l\u00e9ments bas arrondis adoucissent les lignes, tandis que le plan de toilette et la <strong>vasque <\/strong>Zefiro, tous deux rev\u00eatus en Resina Stone Deckblend Grigio Perla, apportent une touche classique \u00e0 l&#8217;ambiance minimaliste de la pi\u00e8ce. Les lignes arrondies sont reprises par le particulier <strong>miroir <\/strong>Tondo 5, en m\u00e9tal finition nickel coordonn\u00e9 \u00e0 l&#8217;<strong>\u00e9l\u00e9ment distanciateur<\/strong>; ce miroir est \u00e9galement \u00e9quip\u00e9 d&#8217;une utile \u00e9tag\u00e8re et d&#8217;une lampe int\u00e9gr\u00e9e. Dimensions: L 229 P 51.3 cm.<\/p>\n","protected":false},"excerpt":{"rendered":"<p>Des fa\u00e7ades \u00e9paisses et des fa\u00e7ades avec cadre donnent du dynamisme \u00e0 cette composition enti\u00e8rement laqu\u00e9e RAL 7032 mat. Les socles cylindriques et les \u00e9l\u00e9ments bas arrondis adoucissent les lignes, tandis que le plan de toilette et la vasque Zefiro, tous deux rev\u00eatus en Resina Stone Deckblend Grigio Perla, apportent une touche classique \u00e0 l&#8217;ambiance [&hellip;]<\/p>\n","protected":false},"featured_media":17854,"template":"","meta":{"_acf_changed":false},"product_brand":[],"product_cat":[113,1204],"product_tag":[],"class_list":{"0":"post-1065","1":"product","2":"type-product","3":"status-publish","4":"has-post-thumbnail","6":"product_cat-collections","7":"product_cat-des-evolution","9":"first","10":"instock","11":"product-type-simple"},"acf":[],"yoast_head":"<!-- This site is optimized with the Yoast SEO plugin v24.5 - https:\/\/yoast.com\/wordpress\/plugins\/seo\/ -->\n<title>INSPIRATION NATURAL 2 - Arredo bagno moderno e di design Cerasa<\/title>\n<meta name=\"description\" content=\"Des fa\u00e7ades \u00e9paisses et des fa\u00e7ades avec cadre donnent du dynamisme \u00e0 cette composition enti\u00e8rement laqu\u00e9e RAL 7032 mat. Les socles cylindriques et les\" \/>\n<meta name=\"robots\" content=\"index, follow, max-snippet:-1, max-image-preview:large, max-video-preview:-1\" \/>\n<link rel=\"canonical\" href=\"https:\/\/www.cerasa.it\/fr\/produits\/collections\/des-evolution\/inspiration-natural-2\/\" \/>\n<meta property=\"og:locale\" content=\"fr_FR\" \/>\n<meta property=\"og:type\" content=\"article\" \/>\n<meta property=\"og:title\" content=\"INSPIRATION NATURAL 2 - Arredo bagno moderno e di design Cerasa\" \/>\n<meta property=\"og:description\" content=\"Des fa\u00e7ades \u00e9paisses et des fa\u00e7ades avec cadre donnent du dynamisme \u00e0 cette composition enti\u00e8rement laqu\u00e9e RAL 7032 mat. Les socles cylindriques et les\" \/>\n<meta property=\"og:url\" content=\"https:\/\/www.cerasa.it\/fr\/produits\/collections\/des-evolution\/inspiration-natural-2\/\" \/>\n<meta property=\"og:site_name\" content=\"Cerasa\" \/>\n<meta property=\"article:publisher\" content=\"https:\/\/www.facebook.com\/bagnicerasa\" \/>\n<meta property=\"article:modified_time\" content=\"2025-11-17T16:34:06+00:00\" \/>\n<meta property=\"og:image\" content=\"https:\/\/www.cerasa.it\/wp-content\/uploads\/2025\/11\/des-evolution-cerasa-miniatura.jpg\" \/>\n\t<meta property=\"og:image:width\" content=\"800\" \/>\n\t<meta property=\"og:image:height\" content=\"1000\" \/>\n\t<meta property=\"og:image:type\" content=\"image\/jpeg\" \/>\n<meta name=\"twitter:card\" content=\"summary_large_image\" \/>\n<meta name=\"twitter:label1\" content=\"Dur\u00e9e de lecture estim\u00e9e\" \/>\n\t<meta name=\"twitter:data1\" content=\"1 minute\" \/>\n<script type=\"application\/ld+json\" class=\"yoast-schema-graph\">{\"@context\":\"https:\/\/schema.org\",\"@graph\":[{\"@type\":\"WebPage\",\"@id\":\"https:\/\/www.cerasa.it\/fr\/produits\/collections\/des-evolution\/inspiration-natural-2\/\",\"url\":\"https:\/\/www.cerasa.it\/fr\/produits\/collections\/des-evolution\/inspiration-natural-2\/\",\"name\":\"INSPIRATION NATURAL 2 - Arredo bagno moderno e di design Cerasa\",\"isPartOf\":{\"@id\":\"https:\/\/www.cerasa.it\/fr\/#website\"},\"primaryImageOfPage\":{\"@id\":\"https:\/\/www.cerasa.it\/fr\/produits\/collections\/des-evolution\/inspiration-natural-2\/#primaryimage\"},\"image\":{\"@id\":\"https:\/\/www.cerasa.it\/fr\/produits\/collections\/des-evolution\/inspiration-natural-2\/#primaryimage\"},\"thumbnailUrl\":\"https:\/\/www.cerasa.it\/wp-content\/uploads\/2025\/11\/des-evolution-cerasa-miniatura.jpg\",\"datePublished\":\"2025-11-17T16:26:51+00:00\",\"dateModified\":\"2025-11-17T16:34:06+00:00\",\"description\":\"Des fa\u00e7ades \u00e9paisses et des fa\u00e7ades avec cadre donnent du dynamisme \u00e0 cette composition enti\u00e8rement laqu\u00e9e RAL 7032 mat. Les socles cylindriques et les\",\"breadcrumb\":{\"@id\":\"https:\/\/www.cerasa.it\/fr\/produits\/collections\/des-evolution\/inspiration-natural-2\/#breadcrumb\"},\"inLanguage\":\"fr-FR\",\"potentialAction\":[{\"@type\":\"ReadAction\",\"target\":[\"https:\/\/www.cerasa.it\/fr\/produits\/collections\/des-evolution\/inspiration-natural-2\/\"]}]},{\"@type\":\"ImageObject\",\"inLanguage\":\"fr-FR\",\"@id\":\"https:\/\/www.cerasa.it\/fr\/produits\/collections\/des-evolution\/inspiration-natural-2\/#primaryimage\",\"url\":\"https:\/\/www.cerasa.it\/wp-content\/uploads\/2025\/11\/des-evolution-cerasa-miniatura.jpg\",\"contentUrl\":\"https:\/\/www.cerasa.it\/wp-content\/uploads\/2025\/11\/des-evolution-cerasa-miniatura.jpg\",\"width\":800,\"height\":1000},{\"@type\":\"BreadcrumbList\",\"@id\":\"https:\/\/www.cerasa.it\/fr\/produits\/collections\/des-evolution\/inspiration-natural-2\/#breadcrumb\",\"itemListElement\":[{\"@type\":\"ListItem\",\"position\":1,\"name\":\"Home\",\"item\":\"https:\/\/www.cerasa.it\/fr\/home-26-fr\/\"},{\"@type\":\"ListItem\",\"position\":2,\"name\":\"Boutique\",\"item\":\"https:\/\/www.cerasa.it\/fr\/boutique\/\"},{\"@type\":\"ListItem\",\"position\":3,\"name\":\"INSPIRATION NATURAL 2\"}]},{\"@type\":\"WebSite\",\"@id\":\"https:\/\/www.cerasa.it\/fr\/#website\",\"url\":\"https:\/\/www.cerasa.it\/fr\/\",\"name\":\"Cerasa\",\"description\":\"Arredo Bagno e Interior Design Made in Italy\",\"publisher\":{\"@id\":\"https:\/\/www.cerasa.it\/fr\/#organization\"},\"potentialAction\":[{\"@type\":\"SearchAction\",\"target\":{\"@type\":\"EntryPoint\",\"urlTemplate\":\"https:\/\/www.cerasa.it\/fr\/?s={search_term_string}\"},\"query-input\":{\"@type\":\"PropertyValueSpecification\",\"valueRequired\":true,\"valueName\":\"search_term_string\"}}],\"inLanguage\":\"fr-FR\"},{\"@type\":\"Organization\",\"@id\":\"https:\/\/www.cerasa.it\/fr\/#organization\",\"name\":\"CERASA\",\"alternateName\":\"CERASA SRL\",\"url\":\"https:\/\/www.cerasa.it\/fr\/\",\"logo\":{\"@type\":\"ImageObject\",\"inLanguage\":\"fr-FR\",\"@id\":\"https:\/\/www.cerasa.it\/fr\/#\/schema\/logo\/image\/\",\"url\":\"https:\/\/www.cerasa.it\/wp-content\/uploads\/2025\/07\/logo-cerasa-b.svg\",\"contentUrl\":\"https:\/\/www.cerasa.it\/wp-content\/uploads\/2025\/07\/logo-cerasa-b.svg\",\"width\":96,\"height\":20,\"caption\":\"CERASA\"},\"image\":{\"@id\":\"https:\/\/www.cerasa.it\/fr\/#\/schema\/logo\/image\/\"},\"sameAs\":[\"https:\/\/www.facebook.com\/bagnicerasa\",\"https:\/\/it.linkedin.com\/company\/cerasa-srl\",\"https:\/\/www.instagram.com\/cerasa_arredobagno\/\",\"https:\/\/it.pinterest.com\/cerasabagni\/\"]}]}<\/script>\n<!-- \/ Yoast SEO plugin. -->","yoast_head_json":{"title":"INSPIRATION NATURAL 2 - Arredo bagno moderno e di design Cerasa","description":"Des fa\u00e7ades \u00e9paisses et des fa\u00e7ades avec cadre donnent du dynamisme \u00e0 cette composition enti\u00e8rement laqu\u00e9e RAL 7032 mat. Les socles cylindriques et les","robots":{"index":"index","follow":"follow","max-snippet":"max-snippet:-1","max-image-preview":"max-image-preview:large","max-video-preview":"max-video-preview:-1"},"canonical":"https:\/\/www.cerasa.it\/fr\/produits\/collections\/des-evolution\/inspiration-natural-2\/","og_locale":"fr_FR","og_type":"article","og_title":"INSPIRATION NATURAL 2 - Arredo bagno moderno e di design Cerasa","og_description":"Des fa\u00e7ades \u00e9paisses et des fa\u00e7ades avec cadre donnent du dynamisme \u00e0 cette composition enti\u00e8rement laqu\u00e9e RAL 7032 mat. Les socles cylindriques et les","og_url":"https:\/\/www.cerasa.it\/fr\/produits\/collections\/des-evolution\/inspiration-natural-2\/","og_site_name":"Cerasa","article_publisher":"https:\/\/www.facebook.com\/bagnicerasa","article_modified_time":"2025-11-17T16:34:06+00:00","og_image":[{"width":800,"height":1000,"url":"https:\/\/www.cerasa.it\/wp-content\/uploads\/2025\/11\/des-evolution-cerasa-miniatura.jpg","type":"image\/jpeg"}],"twitter_card":"summary_large_image","twitter_misc":{"Dur\u00e9e de lecture estim\u00e9e":"1 minute"},"schema":{"@context":"https:\/\/schema.org","@graph":[{"@type":"WebPage","@id":"https:\/\/www.cerasa.it\/fr\/produits\/collections\/des-evolution\/inspiration-natural-2\/","url":"https:\/\/www.cerasa.it\/fr\/produits\/collections\/des-evolution\/inspiration-natural-2\/","name":"INSPIRATION NATURAL 2 - Arredo bagno moderno e di design Cerasa","isPartOf":{"@id":"https:\/\/www.cerasa.it\/fr\/#website"},"primaryImageOfPage":{"@id":"https:\/\/www.cerasa.it\/fr\/produits\/collections\/des-evolution\/inspiration-natural-2\/#primaryimage"},"image":{"@id":"https:\/\/www.cerasa.it\/fr\/produits\/collections\/des-evolution\/inspiration-natural-2\/#primaryimage"},"thumbnailUrl":"https:\/\/www.cerasa.it\/wp-content\/uploads\/2025\/11\/des-evolution-cerasa-miniatura.jpg","datePublished":"2025-11-17T16:26:51+00:00","dateModified":"2025-11-17T16:34:06+00:00","description":"Des fa\u00e7ades \u00e9paisses et des fa\u00e7ades avec cadre donnent du dynamisme \u00e0 cette composition enti\u00e8rement laqu\u00e9e RAL 7032 mat. Les socles cylindriques et les","breadcrumb":{"@id":"https:\/\/www.cerasa.it\/fr\/produits\/collections\/des-evolution\/inspiration-natural-2\/#breadcrumb"},"inLanguage":"fr-FR","potentialAction":[{"@type":"ReadAction","target":["https:\/\/www.cerasa.it\/fr\/produits\/collections\/des-evolution\/inspiration-natural-2\/"]}]},{"@type":"ImageObject","inLanguage":"fr-FR","@id":"https:\/\/www.cerasa.it\/fr\/produits\/collections\/des-evolution\/inspiration-natural-2\/#primaryimage","url":"https:\/\/www.cerasa.it\/wp-content\/uploads\/2025\/11\/des-evolution-cerasa-miniatura.jpg","contentUrl":"https:\/\/www.cerasa.it\/wp-content\/uploads\/2025\/11\/des-evolution-cerasa-miniatura.jpg","width":800,"height":1000},{"@type":"BreadcrumbList","@id":"https:\/\/www.cerasa.it\/fr\/produits\/collections\/des-evolution\/inspiration-natural-2\/#breadcrumb","itemListElement":[{"@type":"ListItem","position":1,"name":"Home","item":"https:\/\/www.cerasa.it\/fr\/home-26-fr\/"},{"@type":"ListItem","position":2,"name":"Boutique","item":"https:\/\/www.cerasa.it\/fr\/boutique\/"},{"@type":"ListItem","position":3,"name":"INSPIRATION NATURAL 2"}]},{"@type":"WebSite","@id":"https:\/\/www.cerasa.it\/fr\/#website","url":"https:\/\/www.cerasa.it\/fr\/","name":"Cerasa","description":"Arredo Bagno e Interior Design Made in Italy","publisher":{"@id":"https:\/\/www.cerasa.it\/fr\/#organization"},"potentialAction":[{"@type":"SearchAction","target":{"@type":"EntryPoint","urlTemplate":"https:\/\/www.cerasa.it\/fr\/?s={search_term_string}"},"query-input":{"@type":"PropertyValueSpecification","valueRequired":true,"valueName":"search_term_string"}}],"inLanguage":"fr-FR"},{"@type":"Organization","@id":"https:\/\/www.cerasa.it\/fr\/#organization","name":"CERASA","alternateName":"CERASA SRL","url":"https:\/\/www.cerasa.it\/fr\/","logo":{"@type":"ImageObject","inLanguage":"fr-FR","@id":"https:\/\/www.cerasa.it\/fr\/#\/schema\/logo\/image\/","url":"https:\/\/www.cerasa.it\/wp-content\/uploads\/2025\/07\/logo-cerasa-b.svg","contentUrl":"https:\/\/www.cerasa.it\/wp-content\/uploads\/2025\/07\/logo-cerasa-b.svg","width":96,"height":20,"caption":"CERASA"},"image":{"@id":"https:\/\/www.cerasa.it\/fr\/#\/schema\/logo\/image\/"},"sameAs":["https:\/\/www.facebook.com\/bagnicerasa","https:\/\/it.linkedin.com\/company\/cerasa-srl","https:\/\/www.instagram.com\/cerasa_arredobagno\/","https:\/\/it.pinterest.com\/cerasabagni\/"]}]}},"_links":{"self":[{"href":"https:\/\/www.cerasa.it\/fr\/wp-json\/wp\/v2\/product\/1065","targetHints":{"allow":["GET"]}}],"collection":[{"href":"https:\/\/www.cerasa.it\/fr\/wp-json\/wp\/v2\/product"}],"about":[{"href":"https:\/\/www.cerasa.it\/fr\/wp-json\/wp\/v2\/types\/product"}],"wp:featuredmedia":[{"embeddable":true,"href":"https:\/\/www.cerasa.it\/fr\/wp-json\/wp\/v2\/media\/17854"}],"wp:attachment":[{"href":"https:\/\/www.cerasa.it\/fr\/wp-json\/wp\/v2\/media?parent=1065"}],"wp:term":[{"taxonomy":"product_brand","embeddable":true,"href":"https:\/\/www.cerasa.it\/fr\/wp-json\/wp\/v2\/product_brand?post=1065"},{"taxonomy":"product_cat","embeddable":true,"href":"https:\/\/www.cerasa.it\/fr\/wp-json\/wp\/v2\/product_cat?post=1065"},{"taxonomy":"product_tag","embeddable":true,"href":"https:\/\/www.cerasa.it\/fr\/wp-json\/wp\/v2\/product_tag?post=1065"}],"curies":[{"name":"wp","href":"https:\/\/api.w.org\/{rel}","templated":true}]}}