{"id":11904,"date":"2025-11-17T17:26:10","date_gmt":"2025-11-17T16:26:10","guid":{"rendered":"https:\/\/dev2.cerasa.it\/prodotti\/non%20class\u00e9\/inspiration-2-7\/"},"modified":"2025-11-17T17:33:39","modified_gmt":"2025-11-17T16:33:39","slug":"inspiration-2-4","status":"publish","type":"product","link":"https:\/\/www.cerasa.it\/fr\/produits\/collections\/paestum\/inspiration-2-4\/","title":{"rendered":"INSPIRATION 2"},"content":{"rendered":"<p><strong>Meuble<\/strong> de salle de bain\u00a0avec \u00e9l\u00e9ments d&#8217;extr\u00e9mit\u00e9 courbes couleur Frassino laqu\u00e9 decap\u00e9 Silver en contraste avec le plan en marbre brillant Nero Marquinia qui accueille une\u00a0<strong>double vasque<\/strong>\u00a0en c\u00e9ramique Idea sous plan. Grand\u00a0<strong>miroir<\/strong>\u00a0avec cadre en bois assorti \u00e9clair\u00e9 par une\u00a0<strong>applique<\/strong>\u00a0\u00e0 articulation lat\u00e9rale en finition chrome. Grand espace de rangement dans la\u00a0<strong>colonne<\/strong>\u00a0\u00e0 poser qui reprend la plinthe profil\u00e9e du meuble vasque.<\/p>\n","protected":false},"excerpt":{"rendered":"<p>Meuble de salle de bain\u00a0avec \u00e9l\u00e9ments d&#8217;extr\u00e9mit\u00e9 courbes couleur Frassino laqu\u00e9 decap\u00e9 Silver en contraste avec le plan en marbre brillant Nero Marquinia qui accueille une\u00a0double vasque\u00a0en c\u00e9ramique Idea sous plan. Grand\u00a0miroir\u00a0avec cadre en bois assorti \u00e9clair\u00e9 par une\u00a0applique\u00a0\u00e0 articulation lat\u00e9rale en finition chrome. Grand espace de rangement dans la\u00a0colonne\u00a0\u00e0 poser qui reprend la plinthe [&hellip;]<\/p>\n","protected":false},"featured_media":1116,"template":"","meta":{"_acf_changed":false},"product_brand":[],"product_cat":[113,161],"product_tag":[],"class_list":{"0":"post-11904","1":"product","2":"type-product","3":"status-publish","4":"has-post-thumbnail","6":"product_cat-collections","7":"product_cat-paestum","9":"first","10":"instock","11":"product-type-simple"},"acf":[],"yoast_head":"<!-- This site is optimized with the Yoast SEO plugin v24.5 - https:\/\/yoast.com\/wordpress\/plugins\/seo\/ -->\n<title>INSPIRATION 2 - Arredo bagno moderno e di design Cerasa<\/title>\n<meta name=\"description\" content=\"Meuble de salle de bain\u00a0avec \u00e9l\u00e9ments d&#039;extr\u00e9mit\u00e9 courbes couleur Frassino laqu\u00e9 decap\u00e9 Silver en contraste avec le plan en marbre brillant Nero Marquinia\" \/>\n<meta name=\"robots\" content=\"index, follow, max-snippet:-1, max-image-preview:large, max-video-preview:-1\" \/>\n<link rel=\"canonical\" href=\"https:\/\/www.cerasa.it\/fr\/produits\/collections\/paestum\/inspiration-2-4\/\" \/>\n<meta property=\"og:locale\" content=\"fr_FR\" \/>\n<meta property=\"og:type\" content=\"article\" \/>\n<meta property=\"og:title\" content=\"INSPIRATION 2 - Arredo bagno moderno e di design Cerasa\" \/>\n<meta property=\"og:description\" content=\"Meuble de salle de bain\u00a0avec \u00e9l\u00e9ments d&#039;extr\u00e9mit\u00e9 courbes couleur Frassino laqu\u00e9 decap\u00e9 Silver en contraste avec le plan en marbre brillant Nero Marquinia\" \/>\n<meta property=\"og:url\" content=\"https:\/\/www.cerasa.it\/fr\/produits\/collections\/paestum\/inspiration-2-4\/\" \/>\n<meta property=\"og:site_name\" content=\"Cerasa\" \/>\n<meta property=\"article:publisher\" content=\"https:\/\/www.facebook.com\/bagnicerasa\" \/>\n<meta property=\"article:modified_time\" content=\"2025-11-17T16:33:39+00:00\" \/>\n<meta property=\"og:image\" content=\"https:\/\/www.cerasa.it\/wp-content\/uploads\/2025\/07\/paestum-cerasa-miniatura.jpg\" \/>\n\t<meta property=\"og:image:width\" content=\"800\" \/>\n\t<meta property=\"og:image:height\" content=\"1000\" \/>\n\t<meta property=\"og:image:type\" content=\"image\/jpeg\" \/>\n<meta name=\"twitter:card\" content=\"summary_large_image\" \/>\n<script type=\"application\/ld+json\" class=\"yoast-schema-graph\">{\"@context\":\"https:\/\/schema.org\",\"@graph\":[{\"@type\":\"WebPage\",\"@id\":\"https:\/\/www.cerasa.it\/fr\/produits\/collections\/paestum\/inspiration-2-4\/\",\"url\":\"https:\/\/www.cerasa.it\/fr\/produits\/collections\/paestum\/inspiration-2-4\/\",\"name\":\"INSPIRATION 2 - Arredo bagno moderno e di design Cerasa\",\"isPartOf\":{\"@id\":\"https:\/\/www.cerasa.it\/fr\/#website\"},\"primaryImageOfPage\":{\"@id\":\"https:\/\/www.cerasa.it\/fr\/produits\/collections\/paestum\/inspiration-2-4\/#primaryimage\"},\"image\":{\"@id\":\"https:\/\/www.cerasa.it\/fr\/produits\/collections\/paestum\/inspiration-2-4\/#primaryimage\"},\"thumbnailUrl\":\"https:\/\/www.cerasa.it\/wp-content\/uploads\/2025\/07\/paestum-cerasa-miniatura.jpg\",\"datePublished\":\"2025-11-17T16:26:10+00:00\",\"dateModified\":\"2025-11-17T16:33:39+00:00\",\"description\":\"Meuble de salle de bain\u00a0avec \u00e9l\u00e9ments d'extr\u00e9mit\u00e9 courbes couleur Frassino laqu\u00e9 decap\u00e9 Silver en contraste avec le plan en marbre brillant Nero Marquinia\",\"breadcrumb\":{\"@id\":\"https:\/\/www.cerasa.it\/fr\/produits\/collections\/paestum\/inspiration-2-4\/#breadcrumb\"},\"inLanguage\":\"fr-FR\",\"potentialAction\":[{\"@type\":\"ReadAction\",\"target\":[\"https:\/\/www.cerasa.it\/fr\/produits\/collections\/paestum\/inspiration-2-4\/\"]}]},{\"@type\":\"ImageObject\",\"inLanguage\":\"fr-FR\",\"@id\":\"https:\/\/www.cerasa.it\/fr\/produits\/collections\/paestum\/inspiration-2-4\/#primaryimage\",\"url\":\"https:\/\/www.cerasa.it\/wp-content\/uploads\/2025\/07\/paestum-cerasa-miniatura.jpg\",\"contentUrl\":\"https:\/\/www.cerasa.it\/wp-content\/uploads\/2025\/07\/paestum-cerasa-miniatura.jpg\",\"width\":800,\"height\":1000},{\"@type\":\"BreadcrumbList\",\"@id\":\"https:\/\/www.cerasa.it\/fr\/produits\/collections\/paestum\/inspiration-2-4\/#breadcrumb\",\"itemListElement\":[{\"@type\":\"ListItem\",\"position\":1,\"name\":\"Home\",\"item\":\"https:\/\/www.cerasa.it\/fr\/home-26-fr\/\"},{\"@type\":\"ListItem\",\"position\":2,\"name\":\"Boutique\",\"item\":\"https:\/\/www.cerasa.it\/fr\/boutique\/\"},{\"@type\":\"ListItem\",\"position\":3,\"name\":\"INSPIRATION 2\"}]},{\"@type\":\"WebSite\",\"@id\":\"https:\/\/www.cerasa.it\/fr\/#website\",\"url\":\"https:\/\/www.cerasa.it\/fr\/\",\"name\":\"Cerasa\",\"description\":\"Arredo Bagno e Interior Design Made in Italy\",\"publisher\":{\"@id\":\"https:\/\/www.cerasa.it\/fr\/#organization\"},\"potentialAction\":[{\"@type\":\"SearchAction\",\"target\":{\"@type\":\"EntryPoint\",\"urlTemplate\":\"https:\/\/www.cerasa.it\/fr\/?s={search_term_string}\"},\"query-input\":{\"@type\":\"PropertyValueSpecification\",\"valueRequired\":true,\"valueName\":\"search_term_string\"}}],\"inLanguage\":\"fr-FR\"},{\"@type\":\"Organization\",\"@id\":\"https:\/\/www.cerasa.it\/fr\/#organization\",\"name\":\"CERASA\",\"alternateName\":\"CERASA SRL\",\"url\":\"https:\/\/www.cerasa.it\/fr\/\",\"logo\":{\"@type\":\"ImageObject\",\"inLanguage\":\"fr-FR\",\"@id\":\"https:\/\/www.cerasa.it\/fr\/#\/schema\/logo\/image\/\",\"url\":\"https:\/\/www.cerasa.it\/wp-content\/uploads\/2025\/07\/logo-cerasa-b.svg\",\"contentUrl\":\"https:\/\/www.cerasa.it\/wp-content\/uploads\/2025\/07\/logo-cerasa-b.svg\",\"width\":96,\"height\":20,\"caption\":\"CERASA\"},\"image\":{\"@id\":\"https:\/\/www.cerasa.it\/fr\/#\/schema\/logo\/image\/\"},\"sameAs\":[\"https:\/\/www.facebook.com\/bagnicerasa\",\"https:\/\/it.linkedin.com\/company\/cerasa-srl\",\"https:\/\/www.instagram.com\/cerasa_arredobagno\/\",\"https:\/\/it.pinterest.com\/cerasabagni\/\"]}]}<\/script>\n<!-- \/ Yoast SEO plugin. -->","yoast_head_json":{"title":"INSPIRATION 2 - Arredo bagno moderno e di design Cerasa","description":"Meuble de salle de bain\u00a0avec \u00e9l\u00e9ments d'extr\u00e9mit\u00e9 courbes couleur Frassino laqu\u00e9 decap\u00e9 Silver en contraste avec le plan en marbre brillant Nero Marquinia","robots":{"index":"index","follow":"follow","max-snippet":"max-snippet:-1","max-image-preview":"max-image-preview:large","max-video-preview":"max-video-preview:-1"},"canonical":"https:\/\/www.cerasa.it\/fr\/produits\/collections\/paestum\/inspiration-2-4\/","og_locale":"fr_FR","og_type":"article","og_title":"INSPIRATION 2 - Arredo bagno moderno e di design Cerasa","og_description":"Meuble de salle de bain\u00a0avec \u00e9l\u00e9ments d'extr\u00e9mit\u00e9 courbes couleur Frassino laqu\u00e9 decap\u00e9 Silver en contraste avec le plan en marbre brillant Nero Marquinia","og_url":"https:\/\/www.cerasa.it\/fr\/produits\/collections\/paestum\/inspiration-2-4\/","og_site_name":"Cerasa","article_publisher":"https:\/\/www.facebook.com\/bagnicerasa","article_modified_time":"2025-11-17T16:33:39+00:00","og_image":[{"width":800,"height":1000,"url":"https:\/\/www.cerasa.it\/wp-content\/uploads\/2025\/07\/paestum-cerasa-miniatura.jpg","type":"image\/jpeg"}],"twitter_card":"summary_large_image","schema":{"@context":"https:\/\/schema.org","@graph":[{"@type":"WebPage","@id":"https:\/\/www.cerasa.it\/fr\/produits\/collections\/paestum\/inspiration-2-4\/","url":"https:\/\/www.cerasa.it\/fr\/produits\/collections\/paestum\/inspiration-2-4\/","name":"INSPIRATION 2 - Arredo bagno moderno e di design Cerasa","isPartOf":{"@id":"https:\/\/www.cerasa.it\/fr\/#website"},"primaryImageOfPage":{"@id":"https:\/\/www.cerasa.it\/fr\/produits\/collections\/paestum\/inspiration-2-4\/#primaryimage"},"image":{"@id":"https:\/\/www.cerasa.it\/fr\/produits\/collections\/paestum\/inspiration-2-4\/#primaryimage"},"thumbnailUrl":"https:\/\/www.cerasa.it\/wp-content\/uploads\/2025\/07\/paestum-cerasa-miniatura.jpg","datePublished":"2025-11-17T16:26:10+00:00","dateModified":"2025-11-17T16:33:39+00:00","description":"Meuble de salle de bain\u00a0avec \u00e9l\u00e9ments d'extr\u00e9mit\u00e9 courbes couleur Frassino laqu\u00e9 decap\u00e9 Silver en contraste avec le plan en marbre brillant Nero Marquinia","breadcrumb":{"@id":"https:\/\/www.cerasa.it\/fr\/produits\/collections\/paestum\/inspiration-2-4\/#breadcrumb"},"inLanguage":"fr-FR","potentialAction":[{"@type":"ReadAction","target":["https:\/\/www.cerasa.it\/fr\/produits\/collections\/paestum\/inspiration-2-4\/"]}]},{"@type":"ImageObject","inLanguage":"fr-FR","@id":"https:\/\/www.cerasa.it\/fr\/produits\/collections\/paestum\/inspiration-2-4\/#primaryimage","url":"https:\/\/www.cerasa.it\/wp-content\/uploads\/2025\/07\/paestum-cerasa-miniatura.jpg","contentUrl":"https:\/\/www.cerasa.it\/wp-content\/uploads\/2025\/07\/paestum-cerasa-miniatura.jpg","width":800,"height":1000},{"@type":"BreadcrumbList","@id":"https:\/\/www.cerasa.it\/fr\/produits\/collections\/paestum\/inspiration-2-4\/#breadcrumb","itemListElement":[{"@type":"ListItem","position":1,"name":"Home","item":"https:\/\/www.cerasa.it\/fr\/home-26-fr\/"},{"@type":"ListItem","position":2,"name":"Boutique","item":"https:\/\/www.cerasa.it\/fr\/boutique\/"},{"@type":"ListItem","position":3,"name":"INSPIRATION 2"}]},{"@type":"WebSite","@id":"https:\/\/www.cerasa.it\/fr\/#website","url":"https:\/\/www.cerasa.it\/fr\/","name":"Cerasa","description":"Arredo Bagno e Interior Design Made in Italy","publisher":{"@id":"https:\/\/www.cerasa.it\/fr\/#organization"},"potentialAction":[{"@type":"SearchAction","target":{"@type":"EntryPoint","urlTemplate":"https:\/\/www.cerasa.it\/fr\/?s={search_term_string}"},"query-input":{"@type":"PropertyValueSpecification","valueRequired":true,"valueName":"search_term_string"}}],"inLanguage":"fr-FR"},{"@type":"Organization","@id":"https:\/\/www.cerasa.it\/fr\/#organization","name":"CERASA","alternateName":"CERASA SRL","url":"https:\/\/www.cerasa.it\/fr\/","logo":{"@type":"ImageObject","inLanguage":"fr-FR","@id":"https:\/\/www.cerasa.it\/fr\/#\/schema\/logo\/image\/","url":"https:\/\/www.cerasa.it\/wp-content\/uploads\/2025\/07\/logo-cerasa-b.svg","contentUrl":"https:\/\/www.cerasa.it\/wp-content\/uploads\/2025\/07\/logo-cerasa-b.svg","width":96,"height":20,"caption":"CERASA"},"image":{"@id":"https:\/\/www.cerasa.it\/fr\/#\/schema\/logo\/image\/"},"sameAs":["https:\/\/www.facebook.com\/bagnicerasa","https:\/\/it.linkedin.com\/company\/cerasa-srl","https:\/\/www.instagram.com\/cerasa_arredobagno\/","https:\/\/it.pinterest.com\/cerasabagni\/"]}]}},"_links":{"self":[{"href":"https:\/\/www.cerasa.it\/fr\/wp-json\/wp\/v2\/product\/11904","targetHints":{"allow":["GET"]}}],"collection":[{"href":"https:\/\/www.cerasa.it\/fr\/wp-json\/wp\/v2\/product"}],"about":[{"href":"https:\/\/www.cerasa.it\/fr\/wp-json\/wp\/v2\/types\/product"}],"wp:featuredmedia":[{"embeddable":true,"href":"https:\/\/www.cerasa.it\/fr\/wp-json\/wp\/v2\/media\/1116"}],"wp:attachment":[{"href":"https:\/\/www.cerasa.it\/fr\/wp-json\/wp\/v2\/media?parent=11904"}],"wp:term":[{"taxonomy":"product_brand","embeddable":true,"href":"https:\/\/www.cerasa.it\/fr\/wp-json\/wp\/v2\/product_brand?post=11904"},{"taxonomy":"product_cat","embeddable":true,"href":"https:\/\/www.cerasa.it\/fr\/wp-json\/wp\/v2\/product_cat?post=11904"},{"taxonomy":"product_tag","embeddable":true,"href":"https:\/\/www.cerasa.it\/fr\/wp-json\/wp\/v2\/product_tag?post=11904"}],"curies":[{"name":"wp","href":"https:\/\/api.w.org\/{rel}","templated":true}]}}