{"id":11908,"date":"2025-11-17T17:26:16","date_gmt":"2025-11-17T16:26:16","guid":{"rendered":"https:\/\/dev2.cerasa.it\/prodotti\/non%20class\u00e9\/inspiration-2-8\/"},"modified":"2025-11-17T17:33:43","modified_gmt":"2025-11-17T16:33:43","slug":"inspiration-2-5","status":"publish","type":"product","link":"https:\/\/www.cerasa.it\/fr\/produits\/collections\/regola\/inspiration-2-5\/","title":{"rendered":"INSPIRATION 2"},"content":{"rendered":"<p>Grand <strong>meuble bas<\/strong> avec tiroirs en stratifi\u00e9\u00a0Beach. <strong>Colonnes<\/strong> avec porte en stratifi\u00e9\u00a0Camoscio et avec module extractible et porte avec trou pour l&#8217;insertion du linge. <strong>Structure<\/strong> ouverte permettant d&#8217;accueillir de gros appareils \u00e9lectrom\u00e9nagers avec des \u00e9tag\u00e8res coulissantes et \u00e0 suspendre. <strong>\u00c9tag\u00e8res<\/strong> assorties avec crochet pour serviettes. Plan avec <strong>lavoir<\/strong> Birba int\u00e9gr\u00e9 et rehausse en Solysand blanc mat. <strong>Mitigeur<\/strong> Rain. <strong>Miroir<\/strong>\u00a0Kubo avec cadre et \u00e9tag\u00e8re en stratifi\u00e9 Beach.<\/p>\n","protected":false},"excerpt":{"rendered":"<p>Grand meuble bas avec tiroirs en stratifi\u00e9\u00a0Beach. Colonnes avec porte en stratifi\u00e9\u00a0Camoscio et avec module extractible et porte avec trou pour l&#8217;insertion du linge. Structure ouverte permettant d&#8217;accueillir de gros appareils \u00e9lectrom\u00e9nagers avec des \u00e9tag\u00e8res coulissantes et \u00e0 suspendre. \u00c9tag\u00e8res assorties avec crochet pour serviettes. Plan avec lavoir Birba int\u00e9gr\u00e9 et rehausse en Solysand blanc [&hellip;]<\/p>\n","protected":false},"featured_media":1110,"template":"","meta":{"_acf_changed":false},"product_brand":[],"product_cat":[113,160],"product_tag":[],"class_list":{"0":"post-11908","1":"product","2":"type-product","3":"status-publish","4":"has-post-thumbnail","6":"product_cat-collections","7":"product_cat-regola","9":"first","10":"instock","11":"product-type-simple"},"acf":[],"yoast_head":"<!-- This site is optimized with the Yoast SEO plugin v24.5 - https:\/\/yoast.com\/wordpress\/plugins\/seo\/ -->\n<title>INSPIRATION 2 - Arredo bagno moderno e di design Cerasa<\/title>\n<meta name=\"description\" content=\"Grand meuble bas avec tiroirs en stratifi\u00e9\u00a0Beach. Colonnes avec porte en stratifi\u00e9\u00a0Camoscio et avec module extractible et porte avec trou pour l&#039;insertion\" \/>\n<meta name=\"robots\" content=\"index, follow, max-snippet:-1, max-image-preview:large, max-video-preview:-1\" \/>\n<link rel=\"canonical\" href=\"https:\/\/www.cerasa.it\/fr\/produits\/collections\/regola\/inspiration-2-5\/\" \/>\n<meta property=\"og:locale\" content=\"fr_FR\" \/>\n<meta property=\"og:type\" content=\"article\" \/>\n<meta property=\"og:title\" content=\"INSPIRATION 2 - Arredo bagno moderno e di design Cerasa\" \/>\n<meta property=\"og:description\" content=\"Grand meuble bas avec tiroirs en stratifi\u00e9\u00a0Beach. Colonnes avec porte en stratifi\u00e9\u00a0Camoscio et avec module extractible et porte avec trou pour l&#039;insertion\" \/>\n<meta property=\"og:url\" content=\"https:\/\/www.cerasa.it\/fr\/produits\/collections\/regola\/inspiration-2-5\/\" \/>\n<meta property=\"og:site_name\" content=\"Cerasa\" \/>\n<meta property=\"article:publisher\" content=\"https:\/\/www.facebook.com\/bagnicerasa\" \/>\n<meta property=\"article:modified_time\" content=\"2025-11-17T16:33:43+00:00\" \/>\n<meta property=\"og:image\" content=\"https:\/\/www.cerasa.it\/wp-content\/uploads\/2025\/07\/regola-cerasa-miniatura.jpg\" \/>\n\t<meta property=\"og:image:width\" content=\"800\" \/>\n\t<meta property=\"og:image:height\" content=\"1000\" \/>\n\t<meta property=\"og:image:type\" content=\"image\/jpeg\" \/>\n<meta name=\"twitter:card\" content=\"summary_large_image\" \/>\n<script type=\"application\/ld+json\" class=\"yoast-schema-graph\">{\"@context\":\"https:\/\/schema.org\",\"@graph\":[{\"@type\":\"WebPage\",\"@id\":\"https:\/\/www.cerasa.it\/fr\/produits\/collections\/regola\/inspiration-2-5\/\",\"url\":\"https:\/\/www.cerasa.it\/fr\/produits\/collections\/regola\/inspiration-2-5\/\",\"name\":\"INSPIRATION 2 - Arredo bagno moderno e di design Cerasa\",\"isPartOf\":{\"@id\":\"https:\/\/www.cerasa.it\/fr\/#website\"},\"primaryImageOfPage\":{\"@id\":\"https:\/\/www.cerasa.it\/fr\/produits\/collections\/regola\/inspiration-2-5\/#primaryimage\"},\"image\":{\"@id\":\"https:\/\/www.cerasa.it\/fr\/produits\/collections\/regola\/inspiration-2-5\/#primaryimage\"},\"thumbnailUrl\":\"https:\/\/www.cerasa.it\/wp-content\/uploads\/2025\/07\/regola-cerasa-miniatura.jpg\",\"datePublished\":\"2025-11-17T16:26:16+00:00\",\"dateModified\":\"2025-11-17T16:33:43+00:00\",\"description\":\"Grand meuble bas avec tiroirs en stratifi\u00e9\u00a0Beach. Colonnes avec porte en stratifi\u00e9\u00a0Camoscio et avec module extractible et porte avec trou pour l'insertion\",\"breadcrumb\":{\"@id\":\"https:\/\/www.cerasa.it\/fr\/produits\/collections\/regola\/inspiration-2-5\/#breadcrumb\"},\"inLanguage\":\"fr-FR\",\"potentialAction\":[{\"@type\":\"ReadAction\",\"target\":[\"https:\/\/www.cerasa.it\/fr\/produits\/collections\/regola\/inspiration-2-5\/\"]}]},{\"@type\":\"ImageObject\",\"inLanguage\":\"fr-FR\",\"@id\":\"https:\/\/www.cerasa.it\/fr\/produits\/collections\/regola\/inspiration-2-5\/#primaryimage\",\"url\":\"https:\/\/www.cerasa.it\/wp-content\/uploads\/2025\/07\/regola-cerasa-miniatura.jpg\",\"contentUrl\":\"https:\/\/www.cerasa.it\/wp-content\/uploads\/2025\/07\/regola-cerasa-miniatura.jpg\",\"width\":800,\"height\":1000},{\"@type\":\"BreadcrumbList\",\"@id\":\"https:\/\/www.cerasa.it\/fr\/produits\/collections\/regola\/inspiration-2-5\/#breadcrumb\",\"itemListElement\":[{\"@type\":\"ListItem\",\"position\":1,\"name\":\"Home\",\"item\":\"https:\/\/www.cerasa.it\/fr\/home-26-fr\/\"},{\"@type\":\"ListItem\",\"position\":2,\"name\":\"Boutique\",\"item\":\"https:\/\/www.cerasa.it\/fr\/boutique\/\"},{\"@type\":\"ListItem\",\"position\":3,\"name\":\"INSPIRATION 2\"}]},{\"@type\":\"WebSite\",\"@id\":\"https:\/\/www.cerasa.it\/fr\/#website\",\"url\":\"https:\/\/www.cerasa.it\/fr\/\",\"name\":\"Cerasa\",\"description\":\"Arredo Bagno e Interior Design Made in Italy\",\"publisher\":{\"@id\":\"https:\/\/www.cerasa.it\/fr\/#organization\"},\"potentialAction\":[{\"@type\":\"SearchAction\",\"target\":{\"@type\":\"EntryPoint\",\"urlTemplate\":\"https:\/\/www.cerasa.it\/fr\/?s={search_term_string}\"},\"query-input\":{\"@type\":\"PropertyValueSpecification\",\"valueRequired\":true,\"valueName\":\"search_term_string\"}}],\"inLanguage\":\"fr-FR\"},{\"@type\":\"Organization\",\"@id\":\"https:\/\/www.cerasa.it\/fr\/#organization\",\"name\":\"CERASA\",\"alternateName\":\"CERASA SRL\",\"url\":\"https:\/\/www.cerasa.it\/fr\/\",\"logo\":{\"@type\":\"ImageObject\",\"inLanguage\":\"fr-FR\",\"@id\":\"https:\/\/www.cerasa.it\/fr\/#\/schema\/logo\/image\/\",\"url\":\"https:\/\/www.cerasa.it\/wp-content\/uploads\/2025\/07\/logo-cerasa-b.svg\",\"contentUrl\":\"https:\/\/www.cerasa.it\/wp-content\/uploads\/2025\/07\/logo-cerasa-b.svg\",\"width\":96,\"height\":20,\"caption\":\"CERASA\"},\"image\":{\"@id\":\"https:\/\/www.cerasa.it\/fr\/#\/schema\/logo\/image\/\"},\"sameAs\":[\"https:\/\/www.facebook.com\/bagnicerasa\",\"https:\/\/it.linkedin.com\/company\/cerasa-srl\",\"https:\/\/www.instagram.com\/cerasa_arredobagno\/\",\"https:\/\/it.pinterest.com\/cerasabagni\/\"]}]}<\/script>\n<!-- \/ Yoast SEO plugin. -->","yoast_head_json":{"title":"INSPIRATION 2 - Arredo bagno moderno e di design Cerasa","description":"Grand meuble bas avec tiroirs en stratifi\u00e9\u00a0Beach. Colonnes avec porte en stratifi\u00e9\u00a0Camoscio et avec module extractible et porte avec trou pour l'insertion","robots":{"index":"index","follow":"follow","max-snippet":"max-snippet:-1","max-image-preview":"max-image-preview:large","max-video-preview":"max-video-preview:-1"},"canonical":"https:\/\/www.cerasa.it\/fr\/produits\/collections\/regola\/inspiration-2-5\/","og_locale":"fr_FR","og_type":"article","og_title":"INSPIRATION 2 - Arredo bagno moderno e di design Cerasa","og_description":"Grand meuble bas avec tiroirs en stratifi\u00e9\u00a0Beach. Colonnes avec porte en stratifi\u00e9\u00a0Camoscio et avec module extractible et porte avec trou pour l'insertion","og_url":"https:\/\/www.cerasa.it\/fr\/produits\/collections\/regola\/inspiration-2-5\/","og_site_name":"Cerasa","article_publisher":"https:\/\/www.facebook.com\/bagnicerasa","article_modified_time":"2025-11-17T16:33:43+00:00","og_image":[{"width":800,"height":1000,"url":"https:\/\/www.cerasa.it\/wp-content\/uploads\/2025\/07\/regola-cerasa-miniatura.jpg","type":"image\/jpeg"}],"twitter_card":"summary_large_image","schema":{"@context":"https:\/\/schema.org","@graph":[{"@type":"WebPage","@id":"https:\/\/www.cerasa.it\/fr\/produits\/collections\/regola\/inspiration-2-5\/","url":"https:\/\/www.cerasa.it\/fr\/produits\/collections\/regola\/inspiration-2-5\/","name":"INSPIRATION 2 - Arredo bagno moderno e di design Cerasa","isPartOf":{"@id":"https:\/\/www.cerasa.it\/fr\/#website"},"primaryImageOfPage":{"@id":"https:\/\/www.cerasa.it\/fr\/produits\/collections\/regola\/inspiration-2-5\/#primaryimage"},"image":{"@id":"https:\/\/www.cerasa.it\/fr\/produits\/collections\/regola\/inspiration-2-5\/#primaryimage"},"thumbnailUrl":"https:\/\/www.cerasa.it\/wp-content\/uploads\/2025\/07\/regola-cerasa-miniatura.jpg","datePublished":"2025-11-17T16:26:16+00:00","dateModified":"2025-11-17T16:33:43+00:00","description":"Grand meuble bas avec tiroirs en stratifi\u00e9\u00a0Beach. Colonnes avec porte en stratifi\u00e9\u00a0Camoscio et avec module extractible et porte avec trou pour l'insertion","breadcrumb":{"@id":"https:\/\/www.cerasa.it\/fr\/produits\/collections\/regola\/inspiration-2-5\/#breadcrumb"},"inLanguage":"fr-FR","potentialAction":[{"@type":"ReadAction","target":["https:\/\/www.cerasa.it\/fr\/produits\/collections\/regola\/inspiration-2-5\/"]}]},{"@type":"ImageObject","inLanguage":"fr-FR","@id":"https:\/\/www.cerasa.it\/fr\/produits\/collections\/regola\/inspiration-2-5\/#primaryimage","url":"https:\/\/www.cerasa.it\/wp-content\/uploads\/2025\/07\/regola-cerasa-miniatura.jpg","contentUrl":"https:\/\/www.cerasa.it\/wp-content\/uploads\/2025\/07\/regola-cerasa-miniatura.jpg","width":800,"height":1000},{"@type":"BreadcrumbList","@id":"https:\/\/www.cerasa.it\/fr\/produits\/collections\/regola\/inspiration-2-5\/#breadcrumb","itemListElement":[{"@type":"ListItem","position":1,"name":"Home","item":"https:\/\/www.cerasa.it\/fr\/home-26-fr\/"},{"@type":"ListItem","position":2,"name":"Boutique","item":"https:\/\/www.cerasa.it\/fr\/boutique\/"},{"@type":"ListItem","position":3,"name":"INSPIRATION 2"}]},{"@type":"WebSite","@id":"https:\/\/www.cerasa.it\/fr\/#website","url":"https:\/\/www.cerasa.it\/fr\/","name":"Cerasa","description":"Arredo Bagno e Interior Design Made in Italy","publisher":{"@id":"https:\/\/www.cerasa.it\/fr\/#organization"},"potentialAction":[{"@type":"SearchAction","target":{"@type":"EntryPoint","urlTemplate":"https:\/\/www.cerasa.it\/fr\/?s={search_term_string}"},"query-input":{"@type":"PropertyValueSpecification","valueRequired":true,"valueName":"search_term_string"}}],"inLanguage":"fr-FR"},{"@type":"Organization","@id":"https:\/\/www.cerasa.it\/fr\/#organization","name":"CERASA","alternateName":"CERASA SRL","url":"https:\/\/www.cerasa.it\/fr\/","logo":{"@type":"ImageObject","inLanguage":"fr-FR","@id":"https:\/\/www.cerasa.it\/fr\/#\/schema\/logo\/image\/","url":"https:\/\/www.cerasa.it\/wp-content\/uploads\/2025\/07\/logo-cerasa-b.svg","contentUrl":"https:\/\/www.cerasa.it\/wp-content\/uploads\/2025\/07\/logo-cerasa-b.svg","width":96,"height":20,"caption":"CERASA"},"image":{"@id":"https:\/\/www.cerasa.it\/fr\/#\/schema\/logo\/image\/"},"sameAs":["https:\/\/www.facebook.com\/bagnicerasa","https:\/\/it.linkedin.com\/company\/cerasa-srl","https:\/\/www.instagram.com\/cerasa_arredobagno\/","https:\/\/it.pinterest.com\/cerasabagni\/"]}]}},"_links":{"self":[{"href":"https:\/\/www.cerasa.it\/fr\/wp-json\/wp\/v2\/product\/11908","targetHints":{"allow":["GET"]}}],"collection":[{"href":"https:\/\/www.cerasa.it\/fr\/wp-json\/wp\/v2\/product"}],"about":[{"href":"https:\/\/www.cerasa.it\/fr\/wp-json\/wp\/v2\/types\/product"}],"wp:featuredmedia":[{"embeddable":true,"href":"https:\/\/www.cerasa.it\/fr\/wp-json\/wp\/v2\/media\/1110"}],"wp:attachment":[{"href":"https:\/\/www.cerasa.it\/fr\/wp-json\/wp\/v2\/media?parent=11908"}],"wp:term":[{"taxonomy":"product_brand","embeddable":true,"href":"https:\/\/www.cerasa.it\/fr\/wp-json\/wp\/v2\/product_brand?post=11908"},{"taxonomy":"product_cat","embeddable":true,"href":"https:\/\/www.cerasa.it\/fr\/wp-json\/wp\/v2\/product_cat?post=11908"},{"taxonomy":"product_tag","embeddable":true,"href":"https:\/\/www.cerasa.it\/fr\/wp-json\/wp\/v2\/product_tag?post=11908"}],"curies":[{"name":"wp","href":"https:\/\/api.w.org\/{rel}","templated":true}]}}