{"id":11911,"date":"2025-11-17T17:26:16","date_gmt":"2025-11-17T16:26:16","guid":{"rendered":"https:\/\/dev2.cerasa.it\/prodotti\/non%20class\u00e9\/inspiration-1-10\/"},"modified":"2025-11-17T17:33:45","modified_gmt":"2025-11-17T16:33:45","slug":"inspiration-1-7","status":"publish","type":"product","link":"https:\/\/www.cerasa.it\/fr\/produits\/collections\/free\/inspiration-1-7\/","title":{"rendered":"INSPIRATION 1"},"content":{"rendered":"<p><strong>Double vasque<\/strong>\u00a0: les deux\u00a0vasques Smart\u00a0sont en Marbre de synth\u00e8se Bianco, disponible en brillant ou mat et peuvent \u00eatre peintes \u00e0 l&#8217;ext\u00e9rieur dans les\u00a0couleurs Cerasa et dans les couleurs RAL\u00a0ou en 3\u00a0couleurs m\u00e9talliques.\u00a0<strong>Barre multifonction<\/strong>\u00a0sur toute la longueur en bois massif pleine longueur et embouts en m\u00e9tal couleur Rame pouvant \u00eatre dot\u00e9e d\u2019\u00e9tag\u00e8res, de support \u00e0 s\u00e8che-cheveux, d\u2019un miroir grossissant et de pots en cuir.\u00a0<strong>Lampe<\/strong>\u00a0Free, en Nero mat \u00e0 l&#8217;ext\u00e9rieur et Bianco \u00e0 l&#8217;int\u00e9rieur.\u00a0<strong>Table<\/strong> auxiliaire\u00a0de support, \u00e9galement disponible avec coussin en cuir.<\/p>\n","protected":false},"excerpt":{"rendered":"<p>Double vasque\u00a0: les deux\u00a0vasques Smart\u00a0sont en Marbre de synth\u00e8se Bianco, disponible en brillant ou mat et peuvent \u00eatre peintes \u00e0 l&#8217;ext\u00e9rieur dans les\u00a0couleurs Cerasa et dans les couleurs RAL\u00a0ou en 3\u00a0couleurs m\u00e9talliques.\u00a0Barre multifonction\u00a0sur toute la longueur en bois massif pleine longueur et embouts en m\u00e9tal couleur Rame pouvant \u00eatre dot\u00e9e d\u2019\u00e9tag\u00e8res, de support \u00e0 s\u00e8che-cheveux, [&hellip;]<\/p>\n","protected":false},"featured_media":1104,"template":"","meta":{"_acf_changed":false},"product_brand":[],"product_cat":[113,159],"product_tag":[],"class_list":{"0":"post-11911","1":"product","2":"type-product","3":"status-publish","4":"has-post-thumbnail","6":"product_cat-collections","7":"product_cat-free","9":"first","10":"instock","11":"product-type-simple"},"acf":[],"yoast_head":"<!-- This site is optimized with the Yoast SEO plugin v24.5 - https:\/\/yoast.com\/wordpress\/plugins\/seo\/ -->\n<title>INSPIRATION 1 - Arredo bagno moderno e di design Cerasa<\/title>\n<meta name=\"description\" content=\"Double vasque\u00a0: les deux\u00a0vasques Smart\u00a0sont en Marbre de synth\u00e8se Bianco, disponible en brillant ou mat et peuvent \u00eatre peintes \u00e0 l&#039;ext\u00e9rieur dans\" \/>\n<meta name=\"robots\" content=\"index, follow, max-snippet:-1, max-image-preview:large, max-video-preview:-1\" \/>\n<link rel=\"canonical\" href=\"https:\/\/www.cerasa.it\/fr\/produits\/collections\/free\/inspiration-1-7\/\" \/>\n<meta property=\"og:locale\" content=\"fr_FR\" \/>\n<meta property=\"og:type\" content=\"article\" \/>\n<meta property=\"og:title\" content=\"INSPIRATION 1 - Arredo bagno moderno e di design Cerasa\" \/>\n<meta property=\"og:description\" content=\"Double vasque\u00a0: les deux\u00a0vasques Smart\u00a0sont en Marbre de synth\u00e8se Bianco, disponible en brillant ou mat et peuvent \u00eatre peintes \u00e0 l&#039;ext\u00e9rieur dans\" \/>\n<meta property=\"og:url\" content=\"https:\/\/www.cerasa.it\/fr\/produits\/collections\/free\/inspiration-1-7\/\" \/>\n<meta property=\"og:site_name\" content=\"Cerasa\" \/>\n<meta property=\"article:publisher\" content=\"https:\/\/www.facebook.com\/bagnicerasa\" \/>\n<meta property=\"article:modified_time\" content=\"2025-11-17T16:33:45+00:00\" \/>\n<meta property=\"og:image\" content=\"https:\/\/www.cerasa.it\/wp-content\/uploads\/2025\/07\/free-cerasa-miniatura.jpg\" \/>\n\t<meta property=\"og:image:width\" content=\"800\" \/>\n\t<meta property=\"og:image:height\" content=\"1000\" \/>\n\t<meta property=\"og:image:type\" content=\"image\/jpeg\" \/>\n<meta name=\"twitter:card\" content=\"summary_large_image\" \/>\n<script type=\"application\/ld+json\" class=\"yoast-schema-graph\">{\"@context\":\"https:\/\/schema.org\",\"@graph\":[{\"@type\":\"WebPage\",\"@id\":\"https:\/\/www.cerasa.it\/fr\/produits\/collections\/free\/inspiration-1-7\/\",\"url\":\"https:\/\/www.cerasa.it\/fr\/produits\/collections\/free\/inspiration-1-7\/\",\"name\":\"INSPIRATION 1 - Arredo bagno moderno e di design Cerasa\",\"isPartOf\":{\"@id\":\"https:\/\/www.cerasa.it\/fr\/#website\"},\"primaryImageOfPage\":{\"@id\":\"https:\/\/www.cerasa.it\/fr\/produits\/collections\/free\/inspiration-1-7\/#primaryimage\"},\"image\":{\"@id\":\"https:\/\/www.cerasa.it\/fr\/produits\/collections\/free\/inspiration-1-7\/#primaryimage\"},\"thumbnailUrl\":\"https:\/\/www.cerasa.it\/wp-content\/uploads\/2025\/07\/free-cerasa-miniatura.jpg\",\"datePublished\":\"2025-11-17T16:26:16+00:00\",\"dateModified\":\"2025-11-17T16:33:45+00:00\",\"description\":\"Double vasque\u00a0: les deux\u00a0vasques Smart\u00a0sont en Marbre de synth\u00e8se Bianco, disponible en brillant ou mat et peuvent \u00eatre peintes \u00e0 l'ext\u00e9rieur dans\",\"breadcrumb\":{\"@id\":\"https:\/\/www.cerasa.it\/fr\/produits\/collections\/free\/inspiration-1-7\/#breadcrumb\"},\"inLanguage\":\"fr-FR\",\"potentialAction\":[{\"@type\":\"ReadAction\",\"target\":[\"https:\/\/www.cerasa.it\/fr\/produits\/collections\/free\/inspiration-1-7\/\"]}]},{\"@type\":\"ImageObject\",\"inLanguage\":\"fr-FR\",\"@id\":\"https:\/\/www.cerasa.it\/fr\/produits\/collections\/free\/inspiration-1-7\/#primaryimage\",\"url\":\"https:\/\/www.cerasa.it\/wp-content\/uploads\/2025\/07\/free-cerasa-miniatura.jpg\",\"contentUrl\":\"https:\/\/www.cerasa.it\/wp-content\/uploads\/2025\/07\/free-cerasa-miniatura.jpg\",\"width\":800,\"height\":1000},{\"@type\":\"BreadcrumbList\",\"@id\":\"https:\/\/www.cerasa.it\/fr\/produits\/collections\/free\/inspiration-1-7\/#breadcrumb\",\"itemListElement\":[{\"@type\":\"ListItem\",\"position\":1,\"name\":\"Home\",\"item\":\"https:\/\/www.cerasa.it\/fr\/home-26-fr\/\"},{\"@type\":\"ListItem\",\"position\":2,\"name\":\"Boutique\",\"item\":\"https:\/\/www.cerasa.it\/fr\/boutique\/\"},{\"@type\":\"ListItem\",\"position\":3,\"name\":\"INSPIRATION 1\"}]},{\"@type\":\"WebSite\",\"@id\":\"https:\/\/www.cerasa.it\/fr\/#website\",\"url\":\"https:\/\/www.cerasa.it\/fr\/\",\"name\":\"Cerasa\",\"description\":\"Arredo Bagno e Interior Design Made in Italy\",\"publisher\":{\"@id\":\"https:\/\/www.cerasa.it\/fr\/#organization\"},\"potentialAction\":[{\"@type\":\"SearchAction\",\"target\":{\"@type\":\"EntryPoint\",\"urlTemplate\":\"https:\/\/www.cerasa.it\/fr\/?s={search_term_string}\"},\"query-input\":{\"@type\":\"PropertyValueSpecification\",\"valueRequired\":true,\"valueName\":\"search_term_string\"}}],\"inLanguage\":\"fr-FR\"},{\"@type\":\"Organization\",\"@id\":\"https:\/\/www.cerasa.it\/fr\/#organization\",\"name\":\"CERASA\",\"alternateName\":\"CERASA SRL\",\"url\":\"https:\/\/www.cerasa.it\/fr\/\",\"logo\":{\"@type\":\"ImageObject\",\"inLanguage\":\"fr-FR\",\"@id\":\"https:\/\/www.cerasa.it\/fr\/#\/schema\/logo\/image\/\",\"url\":\"https:\/\/www.cerasa.it\/wp-content\/uploads\/2025\/07\/logo-cerasa-b.svg\",\"contentUrl\":\"https:\/\/www.cerasa.it\/wp-content\/uploads\/2025\/07\/logo-cerasa-b.svg\",\"width\":96,\"height\":20,\"caption\":\"CERASA\"},\"image\":{\"@id\":\"https:\/\/www.cerasa.it\/fr\/#\/schema\/logo\/image\/\"},\"sameAs\":[\"https:\/\/www.facebook.com\/bagnicerasa\",\"https:\/\/it.linkedin.com\/company\/cerasa-srl\",\"https:\/\/www.instagram.com\/cerasa_arredobagno\/\",\"https:\/\/it.pinterest.com\/cerasabagni\/\"]}]}<\/script>\n<!-- \/ Yoast SEO plugin. -->","yoast_head_json":{"title":"INSPIRATION 1 - Arredo bagno moderno e di design Cerasa","description":"Double vasque\u00a0: les deux\u00a0vasques Smart\u00a0sont en Marbre de synth\u00e8se Bianco, disponible en brillant ou mat et peuvent \u00eatre peintes \u00e0 l'ext\u00e9rieur dans","robots":{"index":"index","follow":"follow","max-snippet":"max-snippet:-1","max-image-preview":"max-image-preview:large","max-video-preview":"max-video-preview:-1"},"canonical":"https:\/\/www.cerasa.it\/fr\/produits\/collections\/free\/inspiration-1-7\/","og_locale":"fr_FR","og_type":"article","og_title":"INSPIRATION 1 - Arredo bagno moderno e di design Cerasa","og_description":"Double vasque\u00a0: les deux\u00a0vasques Smart\u00a0sont en Marbre de synth\u00e8se Bianco, disponible en brillant ou mat et peuvent \u00eatre peintes \u00e0 l'ext\u00e9rieur dans","og_url":"https:\/\/www.cerasa.it\/fr\/produits\/collections\/free\/inspiration-1-7\/","og_site_name":"Cerasa","article_publisher":"https:\/\/www.facebook.com\/bagnicerasa","article_modified_time":"2025-11-17T16:33:45+00:00","og_image":[{"width":800,"height":1000,"url":"https:\/\/www.cerasa.it\/wp-content\/uploads\/2025\/07\/free-cerasa-miniatura.jpg","type":"image\/jpeg"}],"twitter_card":"summary_large_image","schema":{"@context":"https:\/\/schema.org","@graph":[{"@type":"WebPage","@id":"https:\/\/www.cerasa.it\/fr\/produits\/collections\/free\/inspiration-1-7\/","url":"https:\/\/www.cerasa.it\/fr\/produits\/collections\/free\/inspiration-1-7\/","name":"INSPIRATION 1 - Arredo bagno moderno e di design Cerasa","isPartOf":{"@id":"https:\/\/www.cerasa.it\/fr\/#website"},"primaryImageOfPage":{"@id":"https:\/\/www.cerasa.it\/fr\/produits\/collections\/free\/inspiration-1-7\/#primaryimage"},"image":{"@id":"https:\/\/www.cerasa.it\/fr\/produits\/collections\/free\/inspiration-1-7\/#primaryimage"},"thumbnailUrl":"https:\/\/www.cerasa.it\/wp-content\/uploads\/2025\/07\/free-cerasa-miniatura.jpg","datePublished":"2025-11-17T16:26:16+00:00","dateModified":"2025-11-17T16:33:45+00:00","description":"Double vasque\u00a0: les deux\u00a0vasques Smart\u00a0sont en Marbre de synth\u00e8se Bianco, disponible en brillant ou mat et peuvent \u00eatre peintes \u00e0 l'ext\u00e9rieur dans","breadcrumb":{"@id":"https:\/\/www.cerasa.it\/fr\/produits\/collections\/free\/inspiration-1-7\/#breadcrumb"},"inLanguage":"fr-FR","potentialAction":[{"@type":"ReadAction","target":["https:\/\/www.cerasa.it\/fr\/produits\/collections\/free\/inspiration-1-7\/"]}]},{"@type":"ImageObject","inLanguage":"fr-FR","@id":"https:\/\/www.cerasa.it\/fr\/produits\/collections\/free\/inspiration-1-7\/#primaryimage","url":"https:\/\/www.cerasa.it\/wp-content\/uploads\/2025\/07\/free-cerasa-miniatura.jpg","contentUrl":"https:\/\/www.cerasa.it\/wp-content\/uploads\/2025\/07\/free-cerasa-miniatura.jpg","width":800,"height":1000},{"@type":"BreadcrumbList","@id":"https:\/\/www.cerasa.it\/fr\/produits\/collections\/free\/inspiration-1-7\/#breadcrumb","itemListElement":[{"@type":"ListItem","position":1,"name":"Home","item":"https:\/\/www.cerasa.it\/fr\/home-26-fr\/"},{"@type":"ListItem","position":2,"name":"Boutique","item":"https:\/\/www.cerasa.it\/fr\/boutique\/"},{"@type":"ListItem","position":3,"name":"INSPIRATION 1"}]},{"@type":"WebSite","@id":"https:\/\/www.cerasa.it\/fr\/#website","url":"https:\/\/www.cerasa.it\/fr\/","name":"Cerasa","description":"Arredo Bagno e Interior Design Made in Italy","publisher":{"@id":"https:\/\/www.cerasa.it\/fr\/#organization"},"potentialAction":[{"@type":"SearchAction","target":{"@type":"EntryPoint","urlTemplate":"https:\/\/www.cerasa.it\/fr\/?s={search_term_string}"},"query-input":{"@type":"PropertyValueSpecification","valueRequired":true,"valueName":"search_term_string"}}],"inLanguage":"fr-FR"},{"@type":"Organization","@id":"https:\/\/www.cerasa.it\/fr\/#organization","name":"CERASA","alternateName":"CERASA SRL","url":"https:\/\/www.cerasa.it\/fr\/","logo":{"@type":"ImageObject","inLanguage":"fr-FR","@id":"https:\/\/www.cerasa.it\/fr\/#\/schema\/logo\/image\/","url":"https:\/\/www.cerasa.it\/wp-content\/uploads\/2025\/07\/logo-cerasa-b.svg","contentUrl":"https:\/\/www.cerasa.it\/wp-content\/uploads\/2025\/07\/logo-cerasa-b.svg","width":96,"height":20,"caption":"CERASA"},"image":{"@id":"https:\/\/www.cerasa.it\/fr\/#\/schema\/logo\/image\/"},"sameAs":["https:\/\/www.facebook.com\/bagnicerasa","https:\/\/it.linkedin.com\/company\/cerasa-srl","https:\/\/www.instagram.com\/cerasa_arredobagno\/","https:\/\/it.pinterest.com\/cerasabagni\/"]}]}},"_links":{"self":[{"href":"https:\/\/www.cerasa.it\/fr\/wp-json\/wp\/v2\/product\/11911","targetHints":{"allow":["GET"]}}],"collection":[{"href":"https:\/\/www.cerasa.it\/fr\/wp-json\/wp\/v2\/product"}],"about":[{"href":"https:\/\/www.cerasa.it\/fr\/wp-json\/wp\/v2\/types\/product"}],"wp:featuredmedia":[{"embeddable":true,"href":"https:\/\/www.cerasa.it\/fr\/wp-json\/wp\/v2\/media\/1104"}],"wp:attachment":[{"href":"https:\/\/www.cerasa.it\/fr\/wp-json\/wp\/v2\/media?parent=11911"}],"wp:term":[{"taxonomy":"product_brand","embeddable":true,"href":"https:\/\/www.cerasa.it\/fr\/wp-json\/wp\/v2\/product_brand?post=11911"},{"taxonomy":"product_cat","embeddable":true,"href":"https:\/\/www.cerasa.it\/fr\/wp-json\/wp\/v2\/product_cat?post=11911"},{"taxonomy":"product_tag","embeddable":true,"href":"https:\/\/www.cerasa.it\/fr\/wp-json\/wp\/v2\/product_tag?post=11911"}],"curies":[{"name":"wp","href":"https:\/\/api.w.org\/{rel}","templated":true}]}}