{"id":11915,"date":"2025-11-17T17:26:23","date_gmt":"2025-11-17T16:26:23","guid":{"rendered":"https:\/\/dev2.cerasa.it\/prodotti\/non%20class\u00e9\/inspiration-1-11\/"},"modified":"2025-11-17T17:33:48","modified_gmt":"2025-11-17T16:33:48","slug":"inspiration-1-8","status":"publish","type":"product","link":"https:\/\/www.cerasa.it\/fr\/produits\/collections\/eden\/inspiration-1-8\/","title":{"rendered":"INSPIRATION 1"},"content":{"rendered":"<p>Ameublement de salle de bain avec\u00a0vasque Cus en Tecnoril\u00ae\u00a0Bianco mat.\u00a0<strong>Porte-serviettes<\/strong>\u00a0lat\u00e9ral en finition Nickel.\u00a0<strong>Plan<\/strong>, meuble suspendu et rangements muraux en laqu\u00e9 brillant\u00a0Blu Azzurro (RAL 5009).\u00a0<strong>Tiroirs<\/strong>\u00a0amortis avec finition int\u00e9rieure sombre et c\u00f4t\u00e9s en verre fum\u00e9.\u00a0<strong>Accessoires<\/strong>\u00a0s\u00e9parateurs assortis.\u00a0<strong>Lampe<\/strong>\u00a0Snodo en finition Nickel avec tige flexible, applicable au mur ou au plafond, coordonn\u00e9e avec la finition de la structure\u00a0<strong>miroir<\/strong>, \u00e0 positionner verticalement ou horizontalement.<\/p>\n","protected":false},"excerpt":{"rendered":"<p>Ameublement de salle de bain avec\u00a0vasque Cus en Tecnoril\u00ae\u00a0Bianco mat.\u00a0Porte-serviettes\u00a0lat\u00e9ral en finition Nickel.\u00a0Plan, meuble suspendu et rangements muraux en laqu\u00e9 brillant\u00a0Blu Azzurro (RAL 5009).\u00a0Tiroirs\u00a0amortis avec finition int\u00e9rieure sombre et c\u00f4t\u00e9s en verre fum\u00e9.\u00a0Accessoires\u00a0s\u00e9parateurs assortis.\u00a0Lampe\u00a0Snodo en finition Nickel avec tige flexible, applicable au mur ou au plafond, coordonn\u00e9e avec la finition de la structure\u00a0miroir, \u00e0 positionner [&hellip;]<\/p>\n","protected":false},"featured_media":1086,"template":"","meta":{"_acf_changed":false},"product_brand":[],"product_cat":[113,156],"product_tag":[],"class_list":{"0":"post-11915","1":"product","2":"type-product","3":"status-publish","4":"has-post-thumbnail","6":"product_cat-collections","7":"product_cat-eden","9":"first","10":"instock","11":"product-type-simple"},"acf":[],"yoast_head":"<!-- This site is optimized with the Yoast SEO plugin v24.5 - https:\/\/yoast.com\/wordpress\/plugins\/seo\/ -->\n<title>INSPIRATION 1 - Arredo bagno moderno e di design Cerasa<\/title>\n<meta name=\"description\" content=\"Ameublement de salle de bain avec\u00a0vasque Cus en Tecnoril\u00ae\u00a0Bianco mat.\u00a0Porte-serviettes\u00a0lat\u00e9ral en finition Nickel.\u00a0Plan, meuble suspendu et rangements\" \/>\n<meta name=\"robots\" content=\"index, follow, max-snippet:-1, max-image-preview:large, max-video-preview:-1\" \/>\n<link rel=\"canonical\" href=\"https:\/\/www.cerasa.it\/fr\/produits\/collections\/eden\/inspiration-1-8\/\" \/>\n<meta property=\"og:locale\" content=\"fr_FR\" \/>\n<meta property=\"og:type\" content=\"article\" \/>\n<meta property=\"og:title\" content=\"INSPIRATION 1 - Arredo bagno moderno e di design Cerasa\" \/>\n<meta property=\"og:description\" content=\"Ameublement de salle de bain avec\u00a0vasque Cus en Tecnoril\u00ae\u00a0Bianco mat.\u00a0Porte-serviettes\u00a0lat\u00e9ral en finition Nickel.\u00a0Plan, meuble suspendu et rangements\" \/>\n<meta property=\"og:url\" content=\"https:\/\/www.cerasa.it\/fr\/produits\/collections\/eden\/inspiration-1-8\/\" \/>\n<meta property=\"og:site_name\" content=\"Cerasa\" \/>\n<meta property=\"article:publisher\" content=\"https:\/\/www.facebook.com\/bagnicerasa\" \/>\n<meta property=\"article:modified_time\" content=\"2025-11-17T16:33:48+00:00\" \/>\n<meta property=\"og:image\" content=\"https:\/\/www.cerasa.it\/wp-content\/uploads\/2025\/07\/eden-cerasa-miniatura.jpg\" \/>\n\t<meta property=\"og:image:width\" content=\"800\" \/>\n\t<meta property=\"og:image:height\" content=\"1000\" \/>\n\t<meta property=\"og:image:type\" content=\"image\/jpeg\" \/>\n<meta name=\"twitter:card\" content=\"summary_large_image\" \/>\n<script type=\"application\/ld+json\" class=\"yoast-schema-graph\">{\"@context\":\"https:\/\/schema.org\",\"@graph\":[{\"@type\":\"WebPage\",\"@id\":\"https:\/\/www.cerasa.it\/fr\/produits\/collections\/eden\/inspiration-1-8\/\",\"url\":\"https:\/\/www.cerasa.it\/fr\/produits\/collections\/eden\/inspiration-1-8\/\",\"name\":\"INSPIRATION 1 - Arredo bagno moderno e di design Cerasa\",\"isPartOf\":{\"@id\":\"https:\/\/www.cerasa.it\/fr\/#website\"},\"primaryImageOfPage\":{\"@id\":\"https:\/\/www.cerasa.it\/fr\/produits\/collections\/eden\/inspiration-1-8\/#primaryimage\"},\"image\":{\"@id\":\"https:\/\/www.cerasa.it\/fr\/produits\/collections\/eden\/inspiration-1-8\/#primaryimage\"},\"thumbnailUrl\":\"https:\/\/www.cerasa.it\/wp-content\/uploads\/2025\/07\/eden-cerasa-miniatura.jpg\",\"datePublished\":\"2025-11-17T16:26:23+00:00\",\"dateModified\":\"2025-11-17T16:33:48+00:00\",\"description\":\"Ameublement de salle de bain avec\u00a0vasque Cus en Tecnoril\u00ae\u00a0Bianco mat.\u00a0Porte-serviettes\u00a0lat\u00e9ral en finition Nickel.\u00a0Plan, meuble suspendu et rangements\",\"breadcrumb\":{\"@id\":\"https:\/\/www.cerasa.it\/fr\/produits\/collections\/eden\/inspiration-1-8\/#breadcrumb\"},\"inLanguage\":\"fr-FR\",\"potentialAction\":[{\"@type\":\"ReadAction\",\"target\":[\"https:\/\/www.cerasa.it\/fr\/produits\/collections\/eden\/inspiration-1-8\/\"]}]},{\"@type\":\"ImageObject\",\"inLanguage\":\"fr-FR\",\"@id\":\"https:\/\/www.cerasa.it\/fr\/produits\/collections\/eden\/inspiration-1-8\/#primaryimage\",\"url\":\"https:\/\/www.cerasa.it\/wp-content\/uploads\/2025\/07\/eden-cerasa-miniatura.jpg\",\"contentUrl\":\"https:\/\/www.cerasa.it\/wp-content\/uploads\/2025\/07\/eden-cerasa-miniatura.jpg\",\"width\":800,\"height\":1000},{\"@type\":\"BreadcrumbList\",\"@id\":\"https:\/\/www.cerasa.it\/fr\/produits\/collections\/eden\/inspiration-1-8\/#breadcrumb\",\"itemListElement\":[{\"@type\":\"ListItem\",\"position\":1,\"name\":\"Home\",\"item\":\"https:\/\/www.cerasa.it\/fr\/home-26-fr\/\"},{\"@type\":\"ListItem\",\"position\":2,\"name\":\"Boutique\",\"item\":\"https:\/\/www.cerasa.it\/fr\/boutique\/\"},{\"@type\":\"ListItem\",\"position\":3,\"name\":\"INSPIRATION 1\"}]},{\"@type\":\"WebSite\",\"@id\":\"https:\/\/www.cerasa.it\/fr\/#website\",\"url\":\"https:\/\/www.cerasa.it\/fr\/\",\"name\":\"Cerasa\",\"description\":\"Arredo Bagno e Interior Design Made in Italy\",\"publisher\":{\"@id\":\"https:\/\/www.cerasa.it\/fr\/#organization\"},\"potentialAction\":[{\"@type\":\"SearchAction\",\"target\":{\"@type\":\"EntryPoint\",\"urlTemplate\":\"https:\/\/www.cerasa.it\/fr\/?s={search_term_string}\"},\"query-input\":{\"@type\":\"PropertyValueSpecification\",\"valueRequired\":true,\"valueName\":\"search_term_string\"}}],\"inLanguage\":\"fr-FR\"},{\"@type\":\"Organization\",\"@id\":\"https:\/\/www.cerasa.it\/fr\/#organization\",\"name\":\"CERASA\",\"alternateName\":\"CERASA SRL\",\"url\":\"https:\/\/www.cerasa.it\/fr\/\",\"logo\":{\"@type\":\"ImageObject\",\"inLanguage\":\"fr-FR\",\"@id\":\"https:\/\/www.cerasa.it\/fr\/#\/schema\/logo\/image\/\",\"url\":\"https:\/\/www.cerasa.it\/wp-content\/uploads\/2025\/07\/logo-cerasa-b.svg\",\"contentUrl\":\"https:\/\/www.cerasa.it\/wp-content\/uploads\/2025\/07\/logo-cerasa-b.svg\",\"width\":96,\"height\":20,\"caption\":\"CERASA\"},\"image\":{\"@id\":\"https:\/\/www.cerasa.it\/fr\/#\/schema\/logo\/image\/\"},\"sameAs\":[\"https:\/\/www.facebook.com\/bagnicerasa\",\"https:\/\/it.linkedin.com\/company\/cerasa-srl\",\"https:\/\/www.instagram.com\/cerasa_arredobagno\/\",\"https:\/\/it.pinterest.com\/cerasabagni\/\"]}]}<\/script>\n<!-- \/ Yoast SEO plugin. -->","yoast_head_json":{"title":"INSPIRATION 1 - Arredo bagno moderno e di design Cerasa","description":"Ameublement de salle de bain avec\u00a0vasque Cus en Tecnoril\u00ae\u00a0Bianco mat.\u00a0Porte-serviettes\u00a0lat\u00e9ral en finition Nickel.\u00a0Plan, meuble suspendu et rangements","robots":{"index":"index","follow":"follow","max-snippet":"max-snippet:-1","max-image-preview":"max-image-preview:large","max-video-preview":"max-video-preview:-1"},"canonical":"https:\/\/www.cerasa.it\/fr\/produits\/collections\/eden\/inspiration-1-8\/","og_locale":"fr_FR","og_type":"article","og_title":"INSPIRATION 1 - Arredo bagno moderno e di design Cerasa","og_description":"Ameublement de salle de bain avec\u00a0vasque Cus en Tecnoril\u00ae\u00a0Bianco mat.\u00a0Porte-serviettes\u00a0lat\u00e9ral en finition Nickel.\u00a0Plan, meuble suspendu et rangements","og_url":"https:\/\/www.cerasa.it\/fr\/produits\/collections\/eden\/inspiration-1-8\/","og_site_name":"Cerasa","article_publisher":"https:\/\/www.facebook.com\/bagnicerasa","article_modified_time":"2025-11-17T16:33:48+00:00","og_image":[{"width":800,"height":1000,"url":"https:\/\/www.cerasa.it\/wp-content\/uploads\/2025\/07\/eden-cerasa-miniatura.jpg","type":"image\/jpeg"}],"twitter_card":"summary_large_image","schema":{"@context":"https:\/\/schema.org","@graph":[{"@type":"WebPage","@id":"https:\/\/www.cerasa.it\/fr\/produits\/collections\/eden\/inspiration-1-8\/","url":"https:\/\/www.cerasa.it\/fr\/produits\/collections\/eden\/inspiration-1-8\/","name":"INSPIRATION 1 - Arredo bagno moderno e di design Cerasa","isPartOf":{"@id":"https:\/\/www.cerasa.it\/fr\/#website"},"primaryImageOfPage":{"@id":"https:\/\/www.cerasa.it\/fr\/produits\/collections\/eden\/inspiration-1-8\/#primaryimage"},"image":{"@id":"https:\/\/www.cerasa.it\/fr\/produits\/collections\/eden\/inspiration-1-8\/#primaryimage"},"thumbnailUrl":"https:\/\/www.cerasa.it\/wp-content\/uploads\/2025\/07\/eden-cerasa-miniatura.jpg","datePublished":"2025-11-17T16:26:23+00:00","dateModified":"2025-11-17T16:33:48+00:00","description":"Ameublement de salle de bain avec\u00a0vasque Cus en Tecnoril\u00ae\u00a0Bianco mat.\u00a0Porte-serviettes\u00a0lat\u00e9ral en finition Nickel.\u00a0Plan, meuble suspendu et rangements","breadcrumb":{"@id":"https:\/\/www.cerasa.it\/fr\/produits\/collections\/eden\/inspiration-1-8\/#breadcrumb"},"inLanguage":"fr-FR","potentialAction":[{"@type":"ReadAction","target":["https:\/\/www.cerasa.it\/fr\/produits\/collections\/eden\/inspiration-1-8\/"]}]},{"@type":"ImageObject","inLanguage":"fr-FR","@id":"https:\/\/www.cerasa.it\/fr\/produits\/collections\/eden\/inspiration-1-8\/#primaryimage","url":"https:\/\/www.cerasa.it\/wp-content\/uploads\/2025\/07\/eden-cerasa-miniatura.jpg","contentUrl":"https:\/\/www.cerasa.it\/wp-content\/uploads\/2025\/07\/eden-cerasa-miniatura.jpg","width":800,"height":1000},{"@type":"BreadcrumbList","@id":"https:\/\/www.cerasa.it\/fr\/produits\/collections\/eden\/inspiration-1-8\/#breadcrumb","itemListElement":[{"@type":"ListItem","position":1,"name":"Home","item":"https:\/\/www.cerasa.it\/fr\/home-26-fr\/"},{"@type":"ListItem","position":2,"name":"Boutique","item":"https:\/\/www.cerasa.it\/fr\/boutique\/"},{"@type":"ListItem","position":3,"name":"INSPIRATION 1"}]},{"@type":"WebSite","@id":"https:\/\/www.cerasa.it\/fr\/#website","url":"https:\/\/www.cerasa.it\/fr\/","name":"Cerasa","description":"Arredo Bagno e Interior Design Made in Italy","publisher":{"@id":"https:\/\/www.cerasa.it\/fr\/#organization"},"potentialAction":[{"@type":"SearchAction","target":{"@type":"EntryPoint","urlTemplate":"https:\/\/www.cerasa.it\/fr\/?s={search_term_string}"},"query-input":{"@type":"PropertyValueSpecification","valueRequired":true,"valueName":"search_term_string"}}],"inLanguage":"fr-FR"},{"@type":"Organization","@id":"https:\/\/www.cerasa.it\/fr\/#organization","name":"CERASA","alternateName":"CERASA SRL","url":"https:\/\/www.cerasa.it\/fr\/","logo":{"@type":"ImageObject","inLanguage":"fr-FR","@id":"https:\/\/www.cerasa.it\/fr\/#\/schema\/logo\/image\/","url":"https:\/\/www.cerasa.it\/wp-content\/uploads\/2025\/07\/logo-cerasa-b.svg","contentUrl":"https:\/\/www.cerasa.it\/wp-content\/uploads\/2025\/07\/logo-cerasa-b.svg","width":96,"height":20,"caption":"CERASA"},"image":{"@id":"https:\/\/www.cerasa.it\/fr\/#\/schema\/logo\/image\/"},"sameAs":["https:\/\/www.facebook.com\/bagnicerasa","https:\/\/it.linkedin.com\/company\/cerasa-srl","https:\/\/www.instagram.com\/cerasa_arredobagno\/","https:\/\/it.pinterest.com\/cerasabagni\/"]}]}},"_links":{"self":[{"href":"https:\/\/www.cerasa.it\/fr\/wp-json\/wp\/v2\/product\/11915","targetHints":{"allow":["GET"]}}],"collection":[{"href":"https:\/\/www.cerasa.it\/fr\/wp-json\/wp\/v2\/product"}],"about":[{"href":"https:\/\/www.cerasa.it\/fr\/wp-json\/wp\/v2\/types\/product"}],"wp:featuredmedia":[{"embeddable":true,"href":"https:\/\/www.cerasa.it\/fr\/wp-json\/wp\/v2\/media\/1086"}],"wp:attachment":[{"href":"https:\/\/www.cerasa.it\/fr\/wp-json\/wp\/v2\/media?parent=11915"}],"wp:term":[{"taxonomy":"product_brand","embeddable":true,"href":"https:\/\/www.cerasa.it\/fr\/wp-json\/wp\/v2\/product_brand?post=11915"},{"taxonomy":"product_cat","embeddable":true,"href":"https:\/\/www.cerasa.it\/fr\/wp-json\/wp\/v2\/product_cat?post=11915"},{"taxonomy":"product_tag","embeddable":true,"href":"https:\/\/www.cerasa.it\/fr\/wp-json\/wp\/v2\/product_tag?post=11915"}],"curies":[{"name":"wp","href":"https:\/\/api.w.org\/{rel}","templated":true}]}}