{"id":11929,"date":"2025-11-17T17:26:51","date_gmt":"2025-11-17T16:26:51","guid":{"rendered":"https:\/\/dev2.cerasa.it\/prodotti\/non%20class\u00e9\/inspiration-4-10\/"},"modified":"2025-11-17T17:34:08","modified_gmt":"2025-11-17T16:34:08","slug":"inspiration-4-10","status":"publish","type":"product","link":"https:\/\/www.cerasa.it\/fr\/produits\/collections\/cartabianca\/inspiration-4-10\/","title":{"rendered":"INSPIRATION 4"},"content":{"rendered":"<p>Composition suspendue CartaBianca en stratifi\u00e9 Moka avec insert en papier peint Flying Batterfly sur la fa\u00e7ade avec cadre de l\u2019\u00e9l\u00e9ment bas. El\u00e9ment d\u00e9coratif en \u00abL\u00bb. <strong>Plan de toilette<\/strong> avec vasque Argo en Solysand Bianco mat. <strong>Mitigeur<\/strong> Mirage Nero mat avec commande \u00e0 distance. <strong>Miroirs<\/strong> Moon avec \u00e9clairage LED int\u00e9gr\u00e9, laqu\u00e9 selon \u00e9chantillon. <strong>Lampe<\/strong> <strong>au sol<\/strong> Ginevra en finition Nero mat<strong>. Paravent<\/strong>, avec pat\u00e8res en m\u00e9tal et poches porte-objets, recouvert de tissu assorti au papier peint sur la fa\u00e7ade avec cadre.<\/p>\n","protected":false},"excerpt":{"rendered":"<p>Composition suspendue CartaBianca en stratifi\u00e9 Moka avec insert en papier peint Flying Batterfly sur la fa\u00e7ade avec cadre de l\u2019\u00e9l\u00e9ment bas. El\u00e9ment d\u00e9coratif en \u00abL\u00bb. Plan de toilette avec vasque Argo en Solysand Bianco mat. Mitigeur Mirage Nero mat avec commande \u00e0 distance. Miroirs Moon avec \u00e9clairage LED int\u00e9gr\u00e9, laqu\u00e9 selon \u00e9chantillon. Lampe au sol [&hellip;]<\/p>\n","protected":false},"featured_media":1145,"template":"","meta":{"_acf_changed":false},"product_brand":[],"product_cat":[153,113],"product_tag":[],"class_list":{"0":"post-11929","1":"product","2":"type-product","3":"status-publish","4":"has-post-thumbnail","6":"product_cat-cartabianca","7":"product_cat-collections","9":"first","10":"instock","11":"product-type-simple"},"acf":[],"yoast_head":"<!-- This site is optimized with the Yoast SEO plugin v24.5 - https:\/\/yoast.com\/wordpress\/plugins\/seo\/ -->\n<title>INSPIRATION 4 - Arredo bagno moderno e di design Cerasa<\/title>\n<meta name=\"description\" content=\"Composition suspendue CartaBianca en stratifi\u00e9 Moka avec insert en papier peint Flying Batterfly sur la fa\u00e7ade avec cadre de l\u2019\u00e9l\u00e9ment bas. El\u00e9ment\" \/>\n<meta name=\"robots\" content=\"index, follow, max-snippet:-1, max-image-preview:large, max-video-preview:-1\" \/>\n<link rel=\"canonical\" href=\"https:\/\/www.cerasa.it\/fr\/produits\/collections\/cartabianca\/inspiration-4-10\/\" \/>\n<meta property=\"og:locale\" content=\"fr_FR\" \/>\n<meta property=\"og:type\" content=\"article\" \/>\n<meta property=\"og:title\" content=\"INSPIRATION 4 - Arredo bagno moderno e di design Cerasa\" \/>\n<meta property=\"og:description\" content=\"Composition suspendue CartaBianca en stratifi\u00e9 Moka avec insert en papier peint Flying Batterfly sur la fa\u00e7ade avec cadre de l\u2019\u00e9l\u00e9ment bas. El\u00e9ment\" \/>\n<meta property=\"og:url\" content=\"https:\/\/www.cerasa.it\/fr\/produits\/collections\/cartabianca\/inspiration-4-10\/\" \/>\n<meta property=\"og:site_name\" content=\"Cerasa\" \/>\n<meta property=\"article:publisher\" content=\"https:\/\/www.facebook.com\/bagnicerasa\" \/>\n<meta property=\"article:modified_time\" content=\"2025-11-17T16:34:08+00:00\" \/>\n<meta property=\"og:image\" content=\"https:\/\/www.cerasa.it\/wp-content\/uploads\/2025\/07\/cartabianca-cerasa-miniatura.jpg\" \/>\n\t<meta property=\"og:image:width\" content=\"800\" \/>\n\t<meta property=\"og:image:height\" content=\"1000\" \/>\n\t<meta property=\"og:image:type\" content=\"image\/jpeg\" \/>\n<meta name=\"twitter:card\" content=\"summary_large_image\" \/>\n<script type=\"application\/ld+json\" class=\"yoast-schema-graph\">{\"@context\":\"https:\/\/schema.org\",\"@graph\":[{\"@type\":\"WebPage\",\"@id\":\"https:\/\/www.cerasa.it\/fr\/produits\/collections\/cartabianca\/inspiration-4-10\/\",\"url\":\"https:\/\/www.cerasa.it\/fr\/produits\/collections\/cartabianca\/inspiration-4-10\/\",\"name\":\"INSPIRATION 4 - Arredo bagno moderno e di design Cerasa\",\"isPartOf\":{\"@id\":\"https:\/\/www.cerasa.it\/fr\/#website\"},\"primaryImageOfPage\":{\"@id\":\"https:\/\/www.cerasa.it\/fr\/produits\/collections\/cartabianca\/inspiration-4-10\/#primaryimage\"},\"image\":{\"@id\":\"https:\/\/www.cerasa.it\/fr\/produits\/collections\/cartabianca\/inspiration-4-10\/#primaryimage\"},\"thumbnailUrl\":\"https:\/\/www.cerasa.it\/wp-content\/uploads\/2025\/07\/cartabianca-cerasa-miniatura.jpg\",\"datePublished\":\"2025-11-17T16:26:51+00:00\",\"dateModified\":\"2025-11-17T16:34:08+00:00\",\"description\":\"Composition suspendue CartaBianca en stratifi\u00e9 Moka avec insert en papier peint Flying Batterfly sur la fa\u00e7ade avec cadre de l\u2019\u00e9l\u00e9ment bas. El\u00e9ment\",\"breadcrumb\":{\"@id\":\"https:\/\/www.cerasa.it\/fr\/produits\/collections\/cartabianca\/inspiration-4-10\/#breadcrumb\"},\"inLanguage\":\"fr-FR\",\"potentialAction\":[{\"@type\":\"ReadAction\",\"target\":[\"https:\/\/www.cerasa.it\/fr\/produits\/collections\/cartabianca\/inspiration-4-10\/\"]}]},{\"@type\":\"ImageObject\",\"inLanguage\":\"fr-FR\",\"@id\":\"https:\/\/www.cerasa.it\/fr\/produits\/collections\/cartabianca\/inspiration-4-10\/#primaryimage\",\"url\":\"https:\/\/www.cerasa.it\/wp-content\/uploads\/2025\/07\/cartabianca-cerasa-miniatura.jpg\",\"contentUrl\":\"https:\/\/www.cerasa.it\/wp-content\/uploads\/2025\/07\/cartabianca-cerasa-miniatura.jpg\",\"width\":800,\"height\":1000},{\"@type\":\"BreadcrumbList\",\"@id\":\"https:\/\/www.cerasa.it\/fr\/produits\/collections\/cartabianca\/inspiration-4-10\/#breadcrumb\",\"itemListElement\":[{\"@type\":\"ListItem\",\"position\":1,\"name\":\"Home\",\"item\":\"https:\/\/www.cerasa.it\/fr\/home-26-fr\/\"},{\"@type\":\"ListItem\",\"position\":2,\"name\":\"Boutique\",\"item\":\"https:\/\/www.cerasa.it\/fr\/boutique\/\"},{\"@type\":\"ListItem\",\"position\":3,\"name\":\"INSPIRATION 4\"}]},{\"@type\":\"WebSite\",\"@id\":\"https:\/\/www.cerasa.it\/fr\/#website\",\"url\":\"https:\/\/www.cerasa.it\/fr\/\",\"name\":\"Cerasa\",\"description\":\"Arredo Bagno e Interior Design Made in Italy\",\"publisher\":{\"@id\":\"https:\/\/www.cerasa.it\/fr\/#organization\"},\"potentialAction\":[{\"@type\":\"SearchAction\",\"target\":{\"@type\":\"EntryPoint\",\"urlTemplate\":\"https:\/\/www.cerasa.it\/fr\/?s={search_term_string}\"},\"query-input\":{\"@type\":\"PropertyValueSpecification\",\"valueRequired\":true,\"valueName\":\"search_term_string\"}}],\"inLanguage\":\"fr-FR\"},{\"@type\":\"Organization\",\"@id\":\"https:\/\/www.cerasa.it\/fr\/#organization\",\"name\":\"CERASA\",\"alternateName\":\"CERASA SRL\",\"url\":\"https:\/\/www.cerasa.it\/fr\/\",\"logo\":{\"@type\":\"ImageObject\",\"inLanguage\":\"fr-FR\",\"@id\":\"https:\/\/www.cerasa.it\/fr\/#\/schema\/logo\/image\/\",\"url\":\"https:\/\/www.cerasa.it\/wp-content\/uploads\/2025\/07\/logo-cerasa-b.svg\",\"contentUrl\":\"https:\/\/www.cerasa.it\/wp-content\/uploads\/2025\/07\/logo-cerasa-b.svg\",\"width\":96,\"height\":20,\"caption\":\"CERASA\"},\"image\":{\"@id\":\"https:\/\/www.cerasa.it\/fr\/#\/schema\/logo\/image\/\"},\"sameAs\":[\"https:\/\/www.facebook.com\/bagnicerasa\",\"https:\/\/it.linkedin.com\/company\/cerasa-srl\",\"https:\/\/www.instagram.com\/cerasa_arredobagno\/\",\"https:\/\/it.pinterest.com\/cerasabagni\/\"]}]}<\/script>\n<!-- \/ Yoast SEO plugin. -->","yoast_head_json":{"title":"INSPIRATION 4 - Arredo bagno moderno e di design Cerasa","description":"Composition suspendue CartaBianca en stratifi\u00e9 Moka avec insert en papier peint Flying Batterfly sur la fa\u00e7ade avec cadre de l\u2019\u00e9l\u00e9ment bas. El\u00e9ment","robots":{"index":"index","follow":"follow","max-snippet":"max-snippet:-1","max-image-preview":"max-image-preview:large","max-video-preview":"max-video-preview:-1"},"canonical":"https:\/\/www.cerasa.it\/fr\/produits\/collections\/cartabianca\/inspiration-4-10\/","og_locale":"fr_FR","og_type":"article","og_title":"INSPIRATION 4 - Arredo bagno moderno e di design Cerasa","og_description":"Composition suspendue CartaBianca en stratifi\u00e9 Moka avec insert en papier peint Flying Batterfly sur la fa\u00e7ade avec cadre de l\u2019\u00e9l\u00e9ment bas. El\u00e9ment","og_url":"https:\/\/www.cerasa.it\/fr\/produits\/collections\/cartabianca\/inspiration-4-10\/","og_site_name":"Cerasa","article_publisher":"https:\/\/www.facebook.com\/bagnicerasa","article_modified_time":"2025-11-17T16:34:08+00:00","og_image":[{"width":800,"height":1000,"url":"https:\/\/www.cerasa.it\/wp-content\/uploads\/2025\/07\/cartabianca-cerasa-miniatura.jpg","type":"image\/jpeg"}],"twitter_card":"summary_large_image","schema":{"@context":"https:\/\/schema.org","@graph":[{"@type":"WebPage","@id":"https:\/\/www.cerasa.it\/fr\/produits\/collections\/cartabianca\/inspiration-4-10\/","url":"https:\/\/www.cerasa.it\/fr\/produits\/collections\/cartabianca\/inspiration-4-10\/","name":"INSPIRATION 4 - Arredo bagno moderno e di design Cerasa","isPartOf":{"@id":"https:\/\/www.cerasa.it\/fr\/#website"},"primaryImageOfPage":{"@id":"https:\/\/www.cerasa.it\/fr\/produits\/collections\/cartabianca\/inspiration-4-10\/#primaryimage"},"image":{"@id":"https:\/\/www.cerasa.it\/fr\/produits\/collections\/cartabianca\/inspiration-4-10\/#primaryimage"},"thumbnailUrl":"https:\/\/www.cerasa.it\/wp-content\/uploads\/2025\/07\/cartabianca-cerasa-miniatura.jpg","datePublished":"2025-11-17T16:26:51+00:00","dateModified":"2025-11-17T16:34:08+00:00","description":"Composition suspendue CartaBianca en stratifi\u00e9 Moka avec insert en papier peint Flying Batterfly sur la fa\u00e7ade avec cadre de l\u2019\u00e9l\u00e9ment bas. El\u00e9ment","breadcrumb":{"@id":"https:\/\/www.cerasa.it\/fr\/produits\/collections\/cartabianca\/inspiration-4-10\/#breadcrumb"},"inLanguage":"fr-FR","potentialAction":[{"@type":"ReadAction","target":["https:\/\/www.cerasa.it\/fr\/produits\/collections\/cartabianca\/inspiration-4-10\/"]}]},{"@type":"ImageObject","inLanguage":"fr-FR","@id":"https:\/\/www.cerasa.it\/fr\/produits\/collections\/cartabianca\/inspiration-4-10\/#primaryimage","url":"https:\/\/www.cerasa.it\/wp-content\/uploads\/2025\/07\/cartabianca-cerasa-miniatura.jpg","contentUrl":"https:\/\/www.cerasa.it\/wp-content\/uploads\/2025\/07\/cartabianca-cerasa-miniatura.jpg","width":800,"height":1000},{"@type":"BreadcrumbList","@id":"https:\/\/www.cerasa.it\/fr\/produits\/collections\/cartabianca\/inspiration-4-10\/#breadcrumb","itemListElement":[{"@type":"ListItem","position":1,"name":"Home","item":"https:\/\/www.cerasa.it\/fr\/home-26-fr\/"},{"@type":"ListItem","position":2,"name":"Boutique","item":"https:\/\/www.cerasa.it\/fr\/boutique\/"},{"@type":"ListItem","position":3,"name":"INSPIRATION 4"}]},{"@type":"WebSite","@id":"https:\/\/www.cerasa.it\/fr\/#website","url":"https:\/\/www.cerasa.it\/fr\/","name":"Cerasa","description":"Arredo Bagno e Interior Design Made in Italy","publisher":{"@id":"https:\/\/www.cerasa.it\/fr\/#organization"},"potentialAction":[{"@type":"SearchAction","target":{"@type":"EntryPoint","urlTemplate":"https:\/\/www.cerasa.it\/fr\/?s={search_term_string}"},"query-input":{"@type":"PropertyValueSpecification","valueRequired":true,"valueName":"search_term_string"}}],"inLanguage":"fr-FR"},{"@type":"Organization","@id":"https:\/\/www.cerasa.it\/fr\/#organization","name":"CERASA","alternateName":"CERASA SRL","url":"https:\/\/www.cerasa.it\/fr\/","logo":{"@type":"ImageObject","inLanguage":"fr-FR","@id":"https:\/\/www.cerasa.it\/fr\/#\/schema\/logo\/image\/","url":"https:\/\/www.cerasa.it\/wp-content\/uploads\/2025\/07\/logo-cerasa-b.svg","contentUrl":"https:\/\/www.cerasa.it\/wp-content\/uploads\/2025\/07\/logo-cerasa-b.svg","width":96,"height":20,"caption":"CERASA"},"image":{"@id":"https:\/\/www.cerasa.it\/fr\/#\/schema\/logo\/image\/"},"sameAs":["https:\/\/www.facebook.com\/bagnicerasa","https:\/\/it.linkedin.com\/company\/cerasa-srl","https:\/\/www.instagram.com\/cerasa_arredobagno\/","https:\/\/it.pinterest.com\/cerasabagni\/"]}]}},"_links":{"self":[{"href":"https:\/\/www.cerasa.it\/fr\/wp-json\/wp\/v2\/product\/11929","targetHints":{"allow":["GET"]}}],"collection":[{"href":"https:\/\/www.cerasa.it\/fr\/wp-json\/wp\/v2\/product"}],"about":[{"href":"https:\/\/www.cerasa.it\/fr\/wp-json\/wp\/v2\/types\/product"}],"wp:featuredmedia":[{"embeddable":true,"href":"https:\/\/www.cerasa.it\/fr\/wp-json\/wp\/v2\/media\/1145"}],"wp:attachment":[{"href":"https:\/\/www.cerasa.it\/fr\/wp-json\/wp\/v2\/media?parent=11929"}],"wp:term":[{"taxonomy":"product_brand","embeddable":true,"href":"https:\/\/www.cerasa.it\/fr\/wp-json\/wp\/v2\/product_brand?post=11929"},{"taxonomy":"product_cat","embeddable":true,"href":"https:\/\/www.cerasa.it\/fr\/wp-json\/wp\/v2\/product_cat?post=11929"},{"taxonomy":"product_tag","embeddable":true,"href":"https:\/\/www.cerasa.it\/fr\/wp-json\/wp\/v2\/product_tag?post=11929"}],"curies":[{"name":"wp","href":"https:\/\/api.w.org\/{rel}","templated":true}]}}