{"id":18443,"date":"2025-11-18T19:44:48","date_gmt":"2025-11-18T18:44:48","guid":{"rendered":"https:\/\/dev2.cerasa.it\/prodotto\/non%20class\u00e9\/fauteuil-des\/"},"modified":"2025-11-19T14:10:05","modified_gmt":"2025-11-19T13:10:05","slug":"fauteuil-des","status":"publish","type":"product","link":"https:\/\/www.cerasa.it\/fr\/produits\/elements-de-mobilier\/elements-de-mobilier-produits\/sieges-et-pouf\/fauteuil-des\/","title":{"rendered":"FAUTEUIL DES"},"content":{"rendered":"<p>FAUTEUIL H.83 CM<br \/>\nEn Velours ou Coton<br \/>\nFauteuil avec structure portante en panneaux de contre-plaqu\u00e9 et rev\u00eatu en Tecnoform. Le ressort du dos est fait de panneaux de fi bres de bois dur, celui du si\u00e8ge est soutenu par des sangles \u00e9lastiques en propyl\u00e8ne et du latex. Rembourrage en plaques de mousse de polyur\u00e9thane ind\u00e9formable, rev\u00eatues en Tecnoform.<br \/>\nMesures<br \/>\nHauteur de l&#8217;assise: 43 cm (du sol).<br \/>\nProfondeur de l&#8217;assise: 52 cm.<\/p>\n","protected":false},"excerpt":{"rendered":"<p>FAUTEUIL H.83 CM En Velours ou Coton Fauteuil avec structure portante en panneaux de contre-plaqu\u00e9 et rev\u00eatu en Tecnoform. Le ressort du dos est fait de panneaux de fi bres de bois dur, celui du si\u00e8ge est soutenu par des sangles \u00e9lastiques en propyl\u00e8ne et du latex. Rembourrage en plaques de mousse de polyur\u00e9thane ind\u00e9formable, [&hellip;]<\/p>\n","protected":false},"featured_media":5473,"template":"","meta":{"_acf_changed":false},"product_brand":[],"product_cat":[114,1477,1537],"product_tag":[],"class_list":{"0":"post-18443","1":"product","2":"type-product","3":"status-publish","4":"has-post-thumbnail","6":"product_cat-elements-de-mobilier","7":"product_cat-elements-de-mobilier-produits","8":"product_cat-sieges-et-pouf","10":"first","11":"instock","12":"product-type-simple"},"acf":[],"yoast_head":"<!-- This site is optimized with the Yoast SEO plugin v24.5 - https:\/\/yoast.com\/wordpress\/plugins\/seo\/ -->\n<title>FAUTEUIL DES - Arredo bagno moderno e di design Cerasa<\/title>\n<meta name=\"description\" content=\"FAUTEUIL H.83 CM En Velours ou Coton Fauteuil avec structure portante en panneaux de contre-plaqu\u00e9 et rev\u00eatu en Tecnoform. Le ressort du dos est fait de\" \/>\n<meta name=\"robots\" content=\"index, follow, max-snippet:-1, max-image-preview:large, max-video-preview:-1\" \/>\n<link rel=\"canonical\" href=\"https:\/\/www.cerasa.it\/fr\/produits\/elements-de-mobilier\/elements-de-mobilier-produits\/sieges-et-pouf\/fauteuil-des\/\" \/>\n<meta property=\"og:locale\" content=\"fr_FR\" \/>\n<meta property=\"og:type\" content=\"article\" \/>\n<meta property=\"og:title\" content=\"FAUTEUIL DES - Arredo bagno moderno e di design Cerasa\" \/>\n<meta property=\"og:description\" content=\"FAUTEUIL H.83 CM En Velours ou Coton Fauteuil avec structure portante en panneaux de contre-plaqu\u00e9 et rev\u00eatu en Tecnoform. Le ressort du dos est fait de\" \/>\n<meta property=\"og:url\" content=\"https:\/\/www.cerasa.it\/fr\/produits\/elements-de-mobilier\/elements-de-mobilier-produits\/sieges-et-pouf\/fauteuil-des\/\" \/>\n<meta property=\"og:site_name\" content=\"Cerasa\" \/>\n<meta property=\"article:publisher\" content=\"https:\/\/www.facebook.com\/bagnicerasa\" \/>\n<meta property=\"article:modified_time\" content=\"2025-11-19T13:10:05+00:00\" \/>\n<meta property=\"og:image\" content=\"https:\/\/www.cerasa.it\/wp-content\/uploads\/2025\/08\/complementi-sedute-pouf-poltrona-des-cerasa.jpg\" \/>\n\t<meta property=\"og:image:width\" content=\"800\" \/>\n\t<meta property=\"og:image:height\" content=\"1000\" \/>\n\t<meta property=\"og:image:type\" content=\"image\/jpeg\" \/>\n<meta name=\"twitter:card\" content=\"summary_large_image\" \/>\n<script type=\"application\/ld+json\" class=\"yoast-schema-graph\">{\"@context\":\"https:\/\/schema.org\",\"@graph\":[{\"@type\":\"WebPage\",\"@id\":\"https:\/\/www.cerasa.it\/fr\/produits\/elements-de-mobilier\/elements-de-mobilier-produits\/sieges-et-pouf\/fauteuil-des\/\",\"url\":\"https:\/\/www.cerasa.it\/fr\/produits\/elements-de-mobilier\/elements-de-mobilier-produits\/sieges-et-pouf\/fauteuil-des\/\",\"name\":\"FAUTEUIL DES - Arredo bagno moderno e di design Cerasa\",\"isPartOf\":{\"@id\":\"https:\/\/www.cerasa.it\/fr\/#website\"},\"primaryImageOfPage\":{\"@id\":\"https:\/\/www.cerasa.it\/fr\/produits\/elements-de-mobilier\/elements-de-mobilier-produits\/sieges-et-pouf\/fauteuil-des\/#primaryimage\"},\"image\":{\"@id\":\"https:\/\/www.cerasa.it\/fr\/produits\/elements-de-mobilier\/elements-de-mobilier-produits\/sieges-et-pouf\/fauteuil-des\/#primaryimage\"},\"thumbnailUrl\":\"https:\/\/www.cerasa.it\/wp-content\/uploads\/2025\/08\/complementi-sedute-pouf-poltrona-des-cerasa.jpg\",\"datePublished\":\"2025-11-18T18:44:48+00:00\",\"dateModified\":\"2025-11-19T13:10:05+00:00\",\"description\":\"FAUTEUIL H.83 CM En Velours ou Coton Fauteuil avec structure portante en panneaux de contre-plaqu\u00e9 et rev\u00eatu en Tecnoform. Le ressort du dos est fait de\",\"breadcrumb\":{\"@id\":\"https:\/\/www.cerasa.it\/fr\/produits\/elements-de-mobilier\/elements-de-mobilier-produits\/sieges-et-pouf\/fauteuil-des\/#breadcrumb\"},\"inLanguage\":\"fr-FR\",\"potentialAction\":[{\"@type\":\"ReadAction\",\"target\":[\"https:\/\/www.cerasa.it\/fr\/produits\/elements-de-mobilier\/elements-de-mobilier-produits\/sieges-et-pouf\/fauteuil-des\/\"]}]},{\"@type\":\"ImageObject\",\"inLanguage\":\"fr-FR\",\"@id\":\"https:\/\/www.cerasa.it\/fr\/produits\/elements-de-mobilier\/elements-de-mobilier-produits\/sieges-et-pouf\/fauteuil-des\/#primaryimage\",\"url\":\"https:\/\/www.cerasa.it\/wp-content\/uploads\/2025\/08\/complementi-sedute-pouf-poltrona-des-cerasa.jpg\",\"contentUrl\":\"https:\/\/www.cerasa.it\/wp-content\/uploads\/2025\/08\/complementi-sedute-pouf-poltrona-des-cerasa.jpg\",\"width\":800,\"height\":1000},{\"@type\":\"BreadcrumbList\",\"@id\":\"https:\/\/www.cerasa.it\/fr\/produits\/elements-de-mobilier\/elements-de-mobilier-produits\/sieges-et-pouf\/fauteuil-des\/#breadcrumb\",\"itemListElement\":[{\"@type\":\"ListItem\",\"position\":1,\"name\":\"Home\",\"item\":\"https:\/\/www.cerasa.it\/fr\/home-26-fr\/\"},{\"@type\":\"ListItem\",\"position\":2,\"name\":\"Boutique\",\"item\":\"https:\/\/www.cerasa.it\/fr\/boutique\/\"},{\"@type\":\"ListItem\",\"position\":3,\"name\":\"FAUTEUIL DES\"}]},{\"@type\":\"WebSite\",\"@id\":\"https:\/\/www.cerasa.it\/fr\/#website\",\"url\":\"https:\/\/www.cerasa.it\/fr\/\",\"name\":\"Cerasa\",\"description\":\"Arredo Bagno e Interior Design Made in Italy\",\"publisher\":{\"@id\":\"https:\/\/www.cerasa.it\/fr\/#organization\"},\"potentialAction\":[{\"@type\":\"SearchAction\",\"target\":{\"@type\":\"EntryPoint\",\"urlTemplate\":\"https:\/\/www.cerasa.it\/fr\/?s={search_term_string}\"},\"query-input\":{\"@type\":\"PropertyValueSpecification\",\"valueRequired\":true,\"valueName\":\"search_term_string\"}}],\"inLanguage\":\"fr-FR\"},{\"@type\":\"Organization\",\"@id\":\"https:\/\/www.cerasa.it\/fr\/#organization\",\"name\":\"CERASA\",\"alternateName\":\"CERASA SRL\",\"url\":\"https:\/\/www.cerasa.it\/fr\/\",\"logo\":{\"@type\":\"ImageObject\",\"inLanguage\":\"fr-FR\",\"@id\":\"https:\/\/www.cerasa.it\/fr\/#\/schema\/logo\/image\/\",\"url\":\"https:\/\/www.cerasa.it\/wp-content\/uploads\/2025\/07\/logo-cerasa-b.svg\",\"contentUrl\":\"https:\/\/www.cerasa.it\/wp-content\/uploads\/2025\/07\/logo-cerasa-b.svg\",\"width\":96,\"height\":20,\"caption\":\"CERASA\"},\"image\":{\"@id\":\"https:\/\/www.cerasa.it\/fr\/#\/schema\/logo\/image\/\"},\"sameAs\":[\"https:\/\/www.facebook.com\/bagnicerasa\",\"https:\/\/it.linkedin.com\/company\/cerasa-srl\",\"https:\/\/www.instagram.com\/cerasa_arredobagno\/\",\"https:\/\/it.pinterest.com\/cerasabagni\/\"]}]}<\/script>\n<!-- \/ Yoast SEO plugin. -->","yoast_head_json":{"title":"FAUTEUIL DES - Arredo bagno moderno e di design Cerasa","description":"FAUTEUIL H.83 CM En Velours ou Coton Fauteuil avec structure portante en panneaux de contre-plaqu\u00e9 et rev\u00eatu en Tecnoform. Le ressort du dos est fait de","robots":{"index":"index","follow":"follow","max-snippet":"max-snippet:-1","max-image-preview":"max-image-preview:large","max-video-preview":"max-video-preview:-1"},"canonical":"https:\/\/www.cerasa.it\/fr\/produits\/elements-de-mobilier\/elements-de-mobilier-produits\/sieges-et-pouf\/fauteuil-des\/","og_locale":"fr_FR","og_type":"article","og_title":"FAUTEUIL DES - Arredo bagno moderno e di design Cerasa","og_description":"FAUTEUIL H.83 CM En Velours ou Coton Fauteuil avec structure portante en panneaux de contre-plaqu\u00e9 et rev\u00eatu en Tecnoform. Le ressort du dos est fait de","og_url":"https:\/\/www.cerasa.it\/fr\/produits\/elements-de-mobilier\/elements-de-mobilier-produits\/sieges-et-pouf\/fauteuil-des\/","og_site_name":"Cerasa","article_publisher":"https:\/\/www.facebook.com\/bagnicerasa","article_modified_time":"2025-11-19T13:10:05+00:00","og_image":[{"width":800,"height":1000,"url":"https:\/\/www.cerasa.it\/wp-content\/uploads\/2025\/08\/complementi-sedute-pouf-poltrona-des-cerasa.jpg","type":"image\/jpeg"}],"twitter_card":"summary_large_image","schema":{"@context":"https:\/\/schema.org","@graph":[{"@type":"WebPage","@id":"https:\/\/www.cerasa.it\/fr\/produits\/elements-de-mobilier\/elements-de-mobilier-produits\/sieges-et-pouf\/fauteuil-des\/","url":"https:\/\/www.cerasa.it\/fr\/produits\/elements-de-mobilier\/elements-de-mobilier-produits\/sieges-et-pouf\/fauteuil-des\/","name":"FAUTEUIL DES - Arredo bagno moderno e di design Cerasa","isPartOf":{"@id":"https:\/\/www.cerasa.it\/fr\/#website"},"primaryImageOfPage":{"@id":"https:\/\/www.cerasa.it\/fr\/produits\/elements-de-mobilier\/elements-de-mobilier-produits\/sieges-et-pouf\/fauteuil-des\/#primaryimage"},"image":{"@id":"https:\/\/www.cerasa.it\/fr\/produits\/elements-de-mobilier\/elements-de-mobilier-produits\/sieges-et-pouf\/fauteuil-des\/#primaryimage"},"thumbnailUrl":"https:\/\/www.cerasa.it\/wp-content\/uploads\/2025\/08\/complementi-sedute-pouf-poltrona-des-cerasa.jpg","datePublished":"2025-11-18T18:44:48+00:00","dateModified":"2025-11-19T13:10:05+00:00","description":"FAUTEUIL H.83 CM En Velours ou Coton Fauteuil avec structure portante en panneaux de contre-plaqu\u00e9 et rev\u00eatu en Tecnoform. Le ressort du dos est fait de","breadcrumb":{"@id":"https:\/\/www.cerasa.it\/fr\/produits\/elements-de-mobilier\/elements-de-mobilier-produits\/sieges-et-pouf\/fauteuil-des\/#breadcrumb"},"inLanguage":"fr-FR","potentialAction":[{"@type":"ReadAction","target":["https:\/\/www.cerasa.it\/fr\/produits\/elements-de-mobilier\/elements-de-mobilier-produits\/sieges-et-pouf\/fauteuil-des\/"]}]},{"@type":"ImageObject","inLanguage":"fr-FR","@id":"https:\/\/www.cerasa.it\/fr\/produits\/elements-de-mobilier\/elements-de-mobilier-produits\/sieges-et-pouf\/fauteuil-des\/#primaryimage","url":"https:\/\/www.cerasa.it\/wp-content\/uploads\/2025\/08\/complementi-sedute-pouf-poltrona-des-cerasa.jpg","contentUrl":"https:\/\/www.cerasa.it\/wp-content\/uploads\/2025\/08\/complementi-sedute-pouf-poltrona-des-cerasa.jpg","width":800,"height":1000},{"@type":"BreadcrumbList","@id":"https:\/\/www.cerasa.it\/fr\/produits\/elements-de-mobilier\/elements-de-mobilier-produits\/sieges-et-pouf\/fauteuil-des\/#breadcrumb","itemListElement":[{"@type":"ListItem","position":1,"name":"Home","item":"https:\/\/www.cerasa.it\/fr\/home-26-fr\/"},{"@type":"ListItem","position":2,"name":"Boutique","item":"https:\/\/www.cerasa.it\/fr\/boutique\/"},{"@type":"ListItem","position":3,"name":"FAUTEUIL DES"}]},{"@type":"WebSite","@id":"https:\/\/www.cerasa.it\/fr\/#website","url":"https:\/\/www.cerasa.it\/fr\/","name":"Cerasa","description":"Arredo Bagno e Interior Design Made in Italy","publisher":{"@id":"https:\/\/www.cerasa.it\/fr\/#organization"},"potentialAction":[{"@type":"SearchAction","target":{"@type":"EntryPoint","urlTemplate":"https:\/\/www.cerasa.it\/fr\/?s={search_term_string}"},"query-input":{"@type":"PropertyValueSpecification","valueRequired":true,"valueName":"search_term_string"}}],"inLanguage":"fr-FR"},{"@type":"Organization","@id":"https:\/\/www.cerasa.it\/fr\/#organization","name":"CERASA","alternateName":"CERASA SRL","url":"https:\/\/www.cerasa.it\/fr\/","logo":{"@type":"ImageObject","inLanguage":"fr-FR","@id":"https:\/\/www.cerasa.it\/fr\/#\/schema\/logo\/image\/","url":"https:\/\/www.cerasa.it\/wp-content\/uploads\/2025\/07\/logo-cerasa-b.svg","contentUrl":"https:\/\/www.cerasa.it\/wp-content\/uploads\/2025\/07\/logo-cerasa-b.svg","width":96,"height":20,"caption":"CERASA"},"image":{"@id":"https:\/\/www.cerasa.it\/fr\/#\/schema\/logo\/image\/"},"sameAs":["https:\/\/www.facebook.com\/bagnicerasa","https:\/\/it.linkedin.com\/company\/cerasa-srl","https:\/\/www.instagram.com\/cerasa_arredobagno\/","https:\/\/it.pinterest.com\/cerasabagni\/"]}]}},"_links":{"self":[{"href":"https:\/\/www.cerasa.it\/fr\/wp-json\/wp\/v2\/product\/18443","targetHints":{"allow":["GET"]}}],"collection":[{"href":"https:\/\/www.cerasa.it\/fr\/wp-json\/wp\/v2\/product"}],"about":[{"href":"https:\/\/www.cerasa.it\/fr\/wp-json\/wp\/v2\/types\/product"}],"wp:featuredmedia":[{"embeddable":true,"href":"https:\/\/www.cerasa.it\/fr\/wp-json\/wp\/v2\/media\/5473"}],"wp:attachment":[{"href":"https:\/\/www.cerasa.it\/fr\/wp-json\/wp\/v2\/media?parent=18443"}],"wp:term":[{"taxonomy":"product_brand","embeddable":true,"href":"https:\/\/www.cerasa.it\/fr\/wp-json\/wp\/v2\/product_brand?post=18443"},{"taxonomy":"product_cat","embeddable":true,"href":"https:\/\/www.cerasa.it\/fr\/wp-json\/wp\/v2\/product_cat?post=18443"},{"taxonomy":"product_tag","embeddable":true,"href":"https:\/\/www.cerasa.it\/fr\/wp-json\/wp\/v2\/product_tag?post=18443"}],"curies":[{"name":"wp","href":"https:\/\/api.w.org\/{rel}","templated":true}]}}