{"id":18559,"date":"2025-11-18T19:46:29","date_gmt":"2025-11-18T18:46:29","guid":{"rendered":"https:\/\/dev2.cerasa.it\/prodotto\/non%20class\u00e9\/totem\/"},"modified":"2025-11-19T14:12:12","modified_gmt":"2025-11-19T13:12:12","slug":"totem","status":"publish","type":"product","link":"https:\/\/www.cerasa.it\/fr\/produits\/elements-de-mobilier\/elements-de-mobilier-vasques\/liberte-dacces\/totem\/","title":{"rendered":"TOTEM"},"content":{"rendered":"<p>En Solid Surface Bianco mat ou ext\u00e9rieurement aussi en version laqu\u00e9e mate ou rev\u00eatue avec papier peint en fibre de verre (la partie interne de la vasque est toujours en Bianco mat).<br \/>\nAvec trou mitigeur<\/p>\n","protected":false},"excerpt":{"rendered":"<p>En Solid Surface Bianco mat ou ext\u00e9rieurement aussi en version laqu\u00e9e mate ou rev\u00eatue avec papier peint en fibre de verre (la partie interne de la vasque est toujours en Bianco mat). Avec trou mitigeur<\/p>\n","protected":false},"featured_media":2655,"template":"","meta":{"_acf_changed":false},"product_brand":[],"product_cat":[114,1552,1476],"product_tag":[],"class_list":{"0":"post-18559","1":"product","2":"type-product","3":"status-publish","4":"has-post-thumbnail","6":"product_cat-elements-de-mobilier","7":"product_cat-liberte-dacces","8":"product_cat-elements-de-mobilier-vasques","10":"first","11":"instock","12":"product-type-simple"},"acf":[],"yoast_head":"<!-- This site is optimized with the Yoast SEO plugin v24.5 - https:\/\/yoast.com\/wordpress\/plugins\/seo\/ -->\n<title>TOTEM - Arredo bagno moderno e di design Cerasa<\/title>\n<meta name=\"description\" content=\"En Solid Surface Bianco mat ou ext\u00e9rieurement aussi en version laqu\u00e9e mate ou rev\u00eatue avec papier peint en fibre de verre (la partie interne de la vasque\" \/>\n<meta name=\"robots\" content=\"index, follow, max-snippet:-1, max-image-preview:large, max-video-preview:-1\" \/>\n<link rel=\"canonical\" href=\"https:\/\/www.cerasa.it\/fr\/produits\/elements-de-mobilier\/elements-de-mobilier-vasques\/liberte-dacces\/totem\/\" \/>\n<meta property=\"og:locale\" content=\"fr_FR\" \/>\n<meta property=\"og:type\" content=\"article\" \/>\n<meta property=\"og:title\" content=\"TOTEM - Arredo bagno moderno e di design Cerasa\" \/>\n<meta property=\"og:description\" content=\"En Solid Surface Bianco mat ou ext\u00e9rieurement aussi en version laqu\u00e9e mate ou rev\u00eatue avec papier peint en fibre de verre (la partie interne de la vasque\" \/>\n<meta property=\"og:url\" content=\"https:\/\/www.cerasa.it\/fr\/produits\/elements-de-mobilier\/elements-de-mobilier-vasques\/liberte-dacces\/totem\/\" \/>\n<meta property=\"og:site_name\" content=\"Cerasa\" \/>\n<meta property=\"article:publisher\" content=\"https:\/\/www.facebook.com\/bagnicerasa\" \/>\n<meta property=\"article:modified_time\" content=\"2025-11-19T13:12:12+00:00\" \/>\n<meta property=\"og:image\" content=\"https:\/\/www.cerasa.it\/wp-content\/uploads\/2025\/07\/lavabi-freestanding-totem-cerasa.jpg\" \/>\n\t<meta property=\"og:image:width\" content=\"800\" \/>\n\t<meta property=\"og:image:height\" content=\"1000\" \/>\n\t<meta property=\"og:image:type\" content=\"image\/jpeg\" \/>\n<meta name=\"twitter:card\" content=\"summary_large_image\" \/>\n<script type=\"application\/ld+json\" class=\"yoast-schema-graph\">{\"@context\":\"https:\/\/schema.org\",\"@graph\":[{\"@type\":\"WebPage\",\"@id\":\"https:\/\/www.cerasa.it\/fr\/produits\/elements-de-mobilier\/elements-de-mobilier-vasques\/liberte-dacces\/totem\/\",\"url\":\"https:\/\/www.cerasa.it\/fr\/produits\/elements-de-mobilier\/elements-de-mobilier-vasques\/liberte-dacces\/totem\/\",\"name\":\"TOTEM - Arredo bagno moderno e di design Cerasa\",\"isPartOf\":{\"@id\":\"https:\/\/www.cerasa.it\/fr\/#website\"},\"primaryImageOfPage\":{\"@id\":\"https:\/\/www.cerasa.it\/fr\/produits\/elements-de-mobilier\/elements-de-mobilier-vasques\/liberte-dacces\/totem\/#primaryimage\"},\"image\":{\"@id\":\"https:\/\/www.cerasa.it\/fr\/produits\/elements-de-mobilier\/elements-de-mobilier-vasques\/liberte-dacces\/totem\/#primaryimage\"},\"thumbnailUrl\":\"https:\/\/www.cerasa.it\/wp-content\/uploads\/2025\/07\/lavabi-freestanding-totem-cerasa.jpg\",\"datePublished\":\"2025-11-18T18:46:29+00:00\",\"dateModified\":\"2025-11-19T13:12:12+00:00\",\"description\":\"En Solid Surface Bianco mat ou ext\u00e9rieurement aussi en version laqu\u00e9e mate ou rev\u00eatue avec papier peint en fibre de verre (la partie interne de la vasque\",\"breadcrumb\":{\"@id\":\"https:\/\/www.cerasa.it\/fr\/produits\/elements-de-mobilier\/elements-de-mobilier-vasques\/liberte-dacces\/totem\/#breadcrumb\"},\"inLanguage\":\"fr-FR\",\"potentialAction\":[{\"@type\":\"ReadAction\",\"target\":[\"https:\/\/www.cerasa.it\/fr\/produits\/elements-de-mobilier\/elements-de-mobilier-vasques\/liberte-dacces\/totem\/\"]}]},{\"@type\":\"ImageObject\",\"inLanguage\":\"fr-FR\",\"@id\":\"https:\/\/www.cerasa.it\/fr\/produits\/elements-de-mobilier\/elements-de-mobilier-vasques\/liberte-dacces\/totem\/#primaryimage\",\"url\":\"https:\/\/www.cerasa.it\/wp-content\/uploads\/2025\/07\/lavabi-freestanding-totem-cerasa.jpg\",\"contentUrl\":\"https:\/\/www.cerasa.it\/wp-content\/uploads\/2025\/07\/lavabi-freestanding-totem-cerasa.jpg\",\"width\":800,\"height\":1000},{\"@type\":\"BreadcrumbList\",\"@id\":\"https:\/\/www.cerasa.it\/fr\/produits\/elements-de-mobilier\/elements-de-mobilier-vasques\/liberte-dacces\/totem\/#breadcrumb\",\"itemListElement\":[{\"@type\":\"ListItem\",\"position\":1,\"name\":\"Home\",\"item\":\"https:\/\/www.cerasa.it\/fr\/home-26-fr\/\"},{\"@type\":\"ListItem\",\"position\":2,\"name\":\"Boutique\",\"item\":\"https:\/\/www.cerasa.it\/fr\/boutique\/\"},{\"@type\":\"ListItem\",\"position\":3,\"name\":\"TOTEM\"}]},{\"@type\":\"WebSite\",\"@id\":\"https:\/\/www.cerasa.it\/fr\/#website\",\"url\":\"https:\/\/www.cerasa.it\/fr\/\",\"name\":\"Cerasa\",\"description\":\"Arredo Bagno e Interior Design Made in Italy\",\"publisher\":{\"@id\":\"https:\/\/www.cerasa.it\/fr\/#organization\"},\"potentialAction\":[{\"@type\":\"SearchAction\",\"target\":{\"@type\":\"EntryPoint\",\"urlTemplate\":\"https:\/\/www.cerasa.it\/fr\/?s={search_term_string}\"},\"query-input\":{\"@type\":\"PropertyValueSpecification\",\"valueRequired\":true,\"valueName\":\"search_term_string\"}}],\"inLanguage\":\"fr-FR\"},{\"@type\":\"Organization\",\"@id\":\"https:\/\/www.cerasa.it\/fr\/#organization\",\"name\":\"CERASA\",\"alternateName\":\"CERASA SRL\",\"url\":\"https:\/\/www.cerasa.it\/fr\/\",\"logo\":{\"@type\":\"ImageObject\",\"inLanguage\":\"fr-FR\",\"@id\":\"https:\/\/www.cerasa.it\/fr\/#\/schema\/logo\/image\/\",\"url\":\"https:\/\/www.cerasa.it\/wp-content\/uploads\/2025\/07\/logo-cerasa-b.svg\",\"contentUrl\":\"https:\/\/www.cerasa.it\/wp-content\/uploads\/2025\/07\/logo-cerasa-b.svg\",\"width\":96,\"height\":20,\"caption\":\"CERASA\"},\"image\":{\"@id\":\"https:\/\/www.cerasa.it\/fr\/#\/schema\/logo\/image\/\"},\"sameAs\":[\"https:\/\/www.facebook.com\/bagnicerasa\",\"https:\/\/it.linkedin.com\/company\/cerasa-srl\",\"https:\/\/www.instagram.com\/cerasa_arredobagno\/\",\"https:\/\/it.pinterest.com\/cerasabagni\/\"]}]}<\/script>\n<!-- \/ Yoast SEO plugin. -->","yoast_head_json":{"title":"TOTEM - Arredo bagno moderno e di design Cerasa","description":"En Solid Surface Bianco mat ou ext\u00e9rieurement aussi en version laqu\u00e9e mate ou rev\u00eatue avec papier peint en fibre de verre (la partie interne de la vasque","robots":{"index":"index","follow":"follow","max-snippet":"max-snippet:-1","max-image-preview":"max-image-preview:large","max-video-preview":"max-video-preview:-1"},"canonical":"https:\/\/www.cerasa.it\/fr\/produits\/elements-de-mobilier\/elements-de-mobilier-vasques\/liberte-dacces\/totem\/","og_locale":"fr_FR","og_type":"article","og_title":"TOTEM - Arredo bagno moderno e di design Cerasa","og_description":"En Solid Surface Bianco mat ou ext\u00e9rieurement aussi en version laqu\u00e9e mate ou rev\u00eatue avec papier peint en fibre de verre (la partie interne de la vasque","og_url":"https:\/\/www.cerasa.it\/fr\/produits\/elements-de-mobilier\/elements-de-mobilier-vasques\/liberte-dacces\/totem\/","og_site_name":"Cerasa","article_publisher":"https:\/\/www.facebook.com\/bagnicerasa","article_modified_time":"2025-11-19T13:12:12+00:00","og_image":[{"width":800,"height":1000,"url":"https:\/\/www.cerasa.it\/wp-content\/uploads\/2025\/07\/lavabi-freestanding-totem-cerasa.jpg","type":"image\/jpeg"}],"twitter_card":"summary_large_image","schema":{"@context":"https:\/\/schema.org","@graph":[{"@type":"WebPage","@id":"https:\/\/www.cerasa.it\/fr\/produits\/elements-de-mobilier\/elements-de-mobilier-vasques\/liberte-dacces\/totem\/","url":"https:\/\/www.cerasa.it\/fr\/produits\/elements-de-mobilier\/elements-de-mobilier-vasques\/liberte-dacces\/totem\/","name":"TOTEM - Arredo bagno moderno e di design Cerasa","isPartOf":{"@id":"https:\/\/www.cerasa.it\/fr\/#website"},"primaryImageOfPage":{"@id":"https:\/\/www.cerasa.it\/fr\/produits\/elements-de-mobilier\/elements-de-mobilier-vasques\/liberte-dacces\/totem\/#primaryimage"},"image":{"@id":"https:\/\/www.cerasa.it\/fr\/produits\/elements-de-mobilier\/elements-de-mobilier-vasques\/liberte-dacces\/totem\/#primaryimage"},"thumbnailUrl":"https:\/\/www.cerasa.it\/wp-content\/uploads\/2025\/07\/lavabi-freestanding-totem-cerasa.jpg","datePublished":"2025-11-18T18:46:29+00:00","dateModified":"2025-11-19T13:12:12+00:00","description":"En Solid Surface Bianco mat ou ext\u00e9rieurement aussi en version laqu\u00e9e mate ou rev\u00eatue avec papier peint en fibre de verre (la partie interne de la vasque","breadcrumb":{"@id":"https:\/\/www.cerasa.it\/fr\/produits\/elements-de-mobilier\/elements-de-mobilier-vasques\/liberte-dacces\/totem\/#breadcrumb"},"inLanguage":"fr-FR","potentialAction":[{"@type":"ReadAction","target":["https:\/\/www.cerasa.it\/fr\/produits\/elements-de-mobilier\/elements-de-mobilier-vasques\/liberte-dacces\/totem\/"]}]},{"@type":"ImageObject","inLanguage":"fr-FR","@id":"https:\/\/www.cerasa.it\/fr\/produits\/elements-de-mobilier\/elements-de-mobilier-vasques\/liberte-dacces\/totem\/#primaryimage","url":"https:\/\/www.cerasa.it\/wp-content\/uploads\/2025\/07\/lavabi-freestanding-totem-cerasa.jpg","contentUrl":"https:\/\/www.cerasa.it\/wp-content\/uploads\/2025\/07\/lavabi-freestanding-totem-cerasa.jpg","width":800,"height":1000},{"@type":"BreadcrumbList","@id":"https:\/\/www.cerasa.it\/fr\/produits\/elements-de-mobilier\/elements-de-mobilier-vasques\/liberte-dacces\/totem\/#breadcrumb","itemListElement":[{"@type":"ListItem","position":1,"name":"Home","item":"https:\/\/www.cerasa.it\/fr\/home-26-fr\/"},{"@type":"ListItem","position":2,"name":"Boutique","item":"https:\/\/www.cerasa.it\/fr\/boutique\/"},{"@type":"ListItem","position":3,"name":"TOTEM"}]},{"@type":"WebSite","@id":"https:\/\/www.cerasa.it\/fr\/#website","url":"https:\/\/www.cerasa.it\/fr\/","name":"Cerasa","description":"Arredo Bagno e Interior Design Made in Italy","publisher":{"@id":"https:\/\/www.cerasa.it\/fr\/#organization"},"potentialAction":[{"@type":"SearchAction","target":{"@type":"EntryPoint","urlTemplate":"https:\/\/www.cerasa.it\/fr\/?s={search_term_string}"},"query-input":{"@type":"PropertyValueSpecification","valueRequired":true,"valueName":"search_term_string"}}],"inLanguage":"fr-FR"},{"@type":"Organization","@id":"https:\/\/www.cerasa.it\/fr\/#organization","name":"CERASA","alternateName":"CERASA SRL","url":"https:\/\/www.cerasa.it\/fr\/","logo":{"@type":"ImageObject","inLanguage":"fr-FR","@id":"https:\/\/www.cerasa.it\/fr\/#\/schema\/logo\/image\/","url":"https:\/\/www.cerasa.it\/wp-content\/uploads\/2025\/07\/logo-cerasa-b.svg","contentUrl":"https:\/\/www.cerasa.it\/wp-content\/uploads\/2025\/07\/logo-cerasa-b.svg","width":96,"height":20,"caption":"CERASA"},"image":{"@id":"https:\/\/www.cerasa.it\/fr\/#\/schema\/logo\/image\/"},"sameAs":["https:\/\/www.facebook.com\/bagnicerasa","https:\/\/it.linkedin.com\/company\/cerasa-srl","https:\/\/www.instagram.com\/cerasa_arredobagno\/","https:\/\/it.pinterest.com\/cerasabagni\/"]}]}},"_links":{"self":[{"href":"https:\/\/www.cerasa.it\/fr\/wp-json\/wp\/v2\/product\/18559","targetHints":{"allow":["GET"]}}],"collection":[{"href":"https:\/\/www.cerasa.it\/fr\/wp-json\/wp\/v2\/product"}],"about":[{"href":"https:\/\/www.cerasa.it\/fr\/wp-json\/wp\/v2\/types\/product"}],"wp:featuredmedia":[{"embeddable":true,"href":"https:\/\/www.cerasa.it\/fr\/wp-json\/wp\/v2\/media\/2655"}],"wp:attachment":[{"href":"https:\/\/www.cerasa.it\/fr\/wp-json\/wp\/v2\/media?parent=18559"}],"wp:term":[{"taxonomy":"product_brand","embeddable":true,"href":"https:\/\/www.cerasa.it\/fr\/wp-json\/wp\/v2\/product_brand?post=18559"},{"taxonomy":"product_cat","embeddable":true,"href":"https:\/\/www.cerasa.it\/fr\/wp-json\/wp\/v2\/product_cat?post=18559"},{"taxonomy":"product_tag","embeddable":true,"href":"https:\/\/www.cerasa.it\/fr\/wp-json\/wp\/v2\/product_tag?post=18559"}],"curies":[{"name":"wp","href":"https:\/\/api.w.org\/{rel}","templated":true}]}}