{"id":18679,"date":"2025-11-18T19:48:07","date_gmt":"2025-11-18T18:48:07","guid":{"rendered":"https:\/\/dev2.cerasa.it\/prodotto\/non%20class\u00e9\/bido-2\/"},"modified":"2025-11-19T14:14:19","modified_gmt":"2025-11-19T13:14:19","slug":"bido-2","status":"publish","type":"product","link":"https:\/\/www.cerasa.it\/fr\/produits\/elements-de-mobilier\/elements-de-mobilier-produits\/tableaux\/bido-2\/","title":{"rendered":"BIDO 2"},"content":{"rendered":"<p>TABLE BASSE DE RANGEMENT CYLINDRIQUE \u00d840,8 CM<br \/>\nStructure en finition laqu\u00e9e mate, plaqu\u00e9e, Ecomalta\u00ae Oltremateria\u00ae, Resina Paint ou Resina Stone Deckblend<br \/>\nLe plan en Gres, Laminam\u00ae ou verre Martellato peut \u00eatre ouvert<\/p>\n","protected":false},"excerpt":{"rendered":"<p>TABLE BASSE DE RANGEMENT CYLINDRIQUE \u00d840,8 CM Structure en finition laqu\u00e9e mate, plaqu\u00e9e, Ecomalta\u00ae Oltremateria\u00ae, Resina Paint ou Resina Stone Deckblend Le plan en Gres, Laminam\u00ae ou verre Martellato peut \u00eatre ouvert<\/p>\n","protected":false},"featured_media":13232,"template":"","meta":{"_acf_changed":false},"product_brand":[],"product_cat":[114,1477,1536],"product_tag":[],"class_list":{"0":"post-18679","1":"product","2":"type-product","3":"status-publish","4":"has-post-thumbnail","6":"product_cat-elements-de-mobilier","7":"product_cat-elements-de-mobilier-produits","8":"product_cat-tableaux","10":"first","11":"instock","12":"product-type-simple"},"acf":[],"yoast_head":"<!-- This site is optimized with the Yoast SEO plugin v24.5 - https:\/\/yoast.com\/wordpress\/plugins\/seo\/ -->\n<title>BIDO 2 - Arredo bagno moderno e di design Cerasa<\/title>\n<meta name=\"description\" content=\"TABLE BASSE DE RANGEMENT CYLINDRIQUE \u00d840,8 CM Structure en finition laqu\u00e9e mate, plaqu\u00e9e, Ecomalta\u00ae Oltremateria\u00ae, Resina Paint ou Resina Stone Deckblend\" \/>\n<meta name=\"robots\" content=\"index, follow, max-snippet:-1, max-image-preview:large, max-video-preview:-1\" \/>\n<link rel=\"canonical\" href=\"https:\/\/www.cerasa.it\/fr\/produits\/elements-de-mobilier\/elements-de-mobilier-produits\/tableaux\/bido-2\/\" \/>\n<meta property=\"og:locale\" content=\"fr_FR\" \/>\n<meta property=\"og:type\" content=\"article\" \/>\n<meta property=\"og:title\" content=\"BIDO 2 - Arredo bagno moderno e di design Cerasa\" \/>\n<meta property=\"og:description\" content=\"TABLE BASSE DE RANGEMENT CYLINDRIQUE \u00d840,8 CM Structure en finition laqu\u00e9e mate, plaqu\u00e9e, Ecomalta\u00ae Oltremateria\u00ae, Resina Paint ou Resina Stone Deckblend\" \/>\n<meta property=\"og:url\" content=\"https:\/\/www.cerasa.it\/fr\/produits\/elements-de-mobilier\/elements-de-mobilier-produits\/tableaux\/bido-2\/\" \/>\n<meta property=\"og:site_name\" content=\"Cerasa\" \/>\n<meta property=\"article:publisher\" content=\"https:\/\/www.facebook.com\/bagnicerasa\" \/>\n<meta property=\"article:modified_time\" content=\"2025-11-19T13:14:19+00:00\" \/>\n<meta property=\"og:image\" content=\"https:\/\/www.cerasa.it\/wp-content\/uploads\/2025\/10\/complementi-tavolini-bido-2-cerasa.jpg\" \/>\n\t<meta property=\"og:image:width\" content=\"800\" \/>\n\t<meta property=\"og:image:height\" content=\"1000\" \/>\n\t<meta property=\"og:image:type\" content=\"image\/jpeg\" \/>\n<meta name=\"twitter:card\" content=\"summary_large_image\" \/>\n<script type=\"application\/ld+json\" class=\"yoast-schema-graph\">{\"@context\":\"https:\/\/schema.org\",\"@graph\":[{\"@type\":\"WebPage\",\"@id\":\"https:\/\/www.cerasa.it\/fr\/produits\/elements-de-mobilier\/elements-de-mobilier-produits\/tableaux\/bido-2\/\",\"url\":\"https:\/\/www.cerasa.it\/fr\/produits\/elements-de-mobilier\/elements-de-mobilier-produits\/tableaux\/bido-2\/\",\"name\":\"BIDO 2 - Arredo bagno moderno e di design Cerasa\",\"isPartOf\":{\"@id\":\"https:\/\/www.cerasa.it\/fr\/#website\"},\"primaryImageOfPage\":{\"@id\":\"https:\/\/www.cerasa.it\/fr\/produits\/elements-de-mobilier\/elements-de-mobilier-produits\/tableaux\/bido-2\/#primaryimage\"},\"image\":{\"@id\":\"https:\/\/www.cerasa.it\/fr\/produits\/elements-de-mobilier\/elements-de-mobilier-produits\/tableaux\/bido-2\/#primaryimage\"},\"thumbnailUrl\":\"https:\/\/www.cerasa.it\/wp-content\/uploads\/2025\/10\/complementi-tavolini-bido-2-cerasa.jpg\",\"datePublished\":\"2025-11-18T18:48:07+00:00\",\"dateModified\":\"2025-11-19T13:14:19+00:00\",\"description\":\"TABLE BASSE DE RANGEMENT CYLINDRIQUE \u00d840,8 CM Structure en finition laqu\u00e9e mate, plaqu\u00e9e, Ecomalta\u00ae Oltremateria\u00ae, Resina Paint ou Resina Stone Deckblend\",\"breadcrumb\":{\"@id\":\"https:\/\/www.cerasa.it\/fr\/produits\/elements-de-mobilier\/elements-de-mobilier-produits\/tableaux\/bido-2\/#breadcrumb\"},\"inLanguage\":\"fr-FR\",\"potentialAction\":[{\"@type\":\"ReadAction\",\"target\":[\"https:\/\/www.cerasa.it\/fr\/produits\/elements-de-mobilier\/elements-de-mobilier-produits\/tableaux\/bido-2\/\"]}]},{\"@type\":\"ImageObject\",\"inLanguage\":\"fr-FR\",\"@id\":\"https:\/\/www.cerasa.it\/fr\/produits\/elements-de-mobilier\/elements-de-mobilier-produits\/tableaux\/bido-2\/#primaryimage\",\"url\":\"https:\/\/www.cerasa.it\/wp-content\/uploads\/2025\/10\/complementi-tavolini-bido-2-cerasa.jpg\",\"contentUrl\":\"https:\/\/www.cerasa.it\/wp-content\/uploads\/2025\/10\/complementi-tavolini-bido-2-cerasa.jpg\",\"width\":800,\"height\":1000},{\"@type\":\"BreadcrumbList\",\"@id\":\"https:\/\/www.cerasa.it\/fr\/produits\/elements-de-mobilier\/elements-de-mobilier-produits\/tableaux\/bido-2\/#breadcrumb\",\"itemListElement\":[{\"@type\":\"ListItem\",\"position\":1,\"name\":\"Home\",\"item\":\"https:\/\/www.cerasa.it\/fr\/home-26-fr\/\"},{\"@type\":\"ListItem\",\"position\":2,\"name\":\"Boutique\",\"item\":\"https:\/\/www.cerasa.it\/fr\/boutique\/\"},{\"@type\":\"ListItem\",\"position\":3,\"name\":\"BIDO 2\"}]},{\"@type\":\"WebSite\",\"@id\":\"https:\/\/www.cerasa.it\/fr\/#website\",\"url\":\"https:\/\/www.cerasa.it\/fr\/\",\"name\":\"Cerasa\",\"description\":\"Arredo Bagno e Interior Design Made in Italy\",\"publisher\":{\"@id\":\"https:\/\/www.cerasa.it\/fr\/#organization\"},\"potentialAction\":[{\"@type\":\"SearchAction\",\"target\":{\"@type\":\"EntryPoint\",\"urlTemplate\":\"https:\/\/www.cerasa.it\/fr\/?s={search_term_string}\"},\"query-input\":{\"@type\":\"PropertyValueSpecification\",\"valueRequired\":true,\"valueName\":\"search_term_string\"}}],\"inLanguage\":\"fr-FR\"},{\"@type\":\"Organization\",\"@id\":\"https:\/\/www.cerasa.it\/fr\/#organization\",\"name\":\"CERASA\",\"alternateName\":\"CERASA SRL\",\"url\":\"https:\/\/www.cerasa.it\/fr\/\",\"logo\":{\"@type\":\"ImageObject\",\"inLanguage\":\"fr-FR\",\"@id\":\"https:\/\/www.cerasa.it\/fr\/#\/schema\/logo\/image\/\",\"url\":\"https:\/\/www.cerasa.it\/wp-content\/uploads\/2025\/07\/logo-cerasa-b.svg\",\"contentUrl\":\"https:\/\/www.cerasa.it\/wp-content\/uploads\/2025\/07\/logo-cerasa-b.svg\",\"width\":96,\"height\":20,\"caption\":\"CERASA\"},\"image\":{\"@id\":\"https:\/\/www.cerasa.it\/fr\/#\/schema\/logo\/image\/\"},\"sameAs\":[\"https:\/\/www.facebook.com\/bagnicerasa\",\"https:\/\/it.linkedin.com\/company\/cerasa-srl\",\"https:\/\/www.instagram.com\/cerasa_arredobagno\/\",\"https:\/\/it.pinterest.com\/cerasabagni\/\"]}]}<\/script>\n<!-- \/ Yoast SEO plugin. -->","yoast_head_json":{"title":"BIDO 2 - Arredo bagno moderno e di design Cerasa","description":"TABLE BASSE DE RANGEMENT CYLINDRIQUE \u00d840,8 CM Structure en finition laqu\u00e9e mate, plaqu\u00e9e, Ecomalta\u00ae Oltremateria\u00ae, Resina Paint ou Resina Stone Deckblend","robots":{"index":"index","follow":"follow","max-snippet":"max-snippet:-1","max-image-preview":"max-image-preview:large","max-video-preview":"max-video-preview:-1"},"canonical":"https:\/\/www.cerasa.it\/fr\/produits\/elements-de-mobilier\/elements-de-mobilier-produits\/tableaux\/bido-2\/","og_locale":"fr_FR","og_type":"article","og_title":"BIDO 2 - Arredo bagno moderno e di design Cerasa","og_description":"TABLE BASSE DE RANGEMENT CYLINDRIQUE \u00d840,8 CM Structure en finition laqu\u00e9e mate, plaqu\u00e9e, Ecomalta\u00ae Oltremateria\u00ae, Resina Paint ou Resina Stone Deckblend","og_url":"https:\/\/www.cerasa.it\/fr\/produits\/elements-de-mobilier\/elements-de-mobilier-produits\/tableaux\/bido-2\/","og_site_name":"Cerasa","article_publisher":"https:\/\/www.facebook.com\/bagnicerasa","article_modified_time":"2025-11-19T13:14:19+00:00","og_image":[{"width":800,"height":1000,"url":"https:\/\/www.cerasa.it\/wp-content\/uploads\/2025\/10\/complementi-tavolini-bido-2-cerasa.jpg","type":"image\/jpeg"}],"twitter_card":"summary_large_image","schema":{"@context":"https:\/\/schema.org","@graph":[{"@type":"WebPage","@id":"https:\/\/www.cerasa.it\/fr\/produits\/elements-de-mobilier\/elements-de-mobilier-produits\/tableaux\/bido-2\/","url":"https:\/\/www.cerasa.it\/fr\/produits\/elements-de-mobilier\/elements-de-mobilier-produits\/tableaux\/bido-2\/","name":"BIDO 2 - Arredo bagno moderno e di design Cerasa","isPartOf":{"@id":"https:\/\/www.cerasa.it\/fr\/#website"},"primaryImageOfPage":{"@id":"https:\/\/www.cerasa.it\/fr\/produits\/elements-de-mobilier\/elements-de-mobilier-produits\/tableaux\/bido-2\/#primaryimage"},"image":{"@id":"https:\/\/www.cerasa.it\/fr\/produits\/elements-de-mobilier\/elements-de-mobilier-produits\/tableaux\/bido-2\/#primaryimage"},"thumbnailUrl":"https:\/\/www.cerasa.it\/wp-content\/uploads\/2025\/10\/complementi-tavolini-bido-2-cerasa.jpg","datePublished":"2025-11-18T18:48:07+00:00","dateModified":"2025-11-19T13:14:19+00:00","description":"TABLE BASSE DE RANGEMENT CYLINDRIQUE \u00d840,8 CM Structure en finition laqu\u00e9e mate, plaqu\u00e9e, Ecomalta\u00ae Oltremateria\u00ae, Resina Paint ou Resina Stone Deckblend","breadcrumb":{"@id":"https:\/\/www.cerasa.it\/fr\/produits\/elements-de-mobilier\/elements-de-mobilier-produits\/tableaux\/bido-2\/#breadcrumb"},"inLanguage":"fr-FR","potentialAction":[{"@type":"ReadAction","target":["https:\/\/www.cerasa.it\/fr\/produits\/elements-de-mobilier\/elements-de-mobilier-produits\/tableaux\/bido-2\/"]}]},{"@type":"ImageObject","inLanguage":"fr-FR","@id":"https:\/\/www.cerasa.it\/fr\/produits\/elements-de-mobilier\/elements-de-mobilier-produits\/tableaux\/bido-2\/#primaryimage","url":"https:\/\/www.cerasa.it\/wp-content\/uploads\/2025\/10\/complementi-tavolini-bido-2-cerasa.jpg","contentUrl":"https:\/\/www.cerasa.it\/wp-content\/uploads\/2025\/10\/complementi-tavolini-bido-2-cerasa.jpg","width":800,"height":1000},{"@type":"BreadcrumbList","@id":"https:\/\/www.cerasa.it\/fr\/produits\/elements-de-mobilier\/elements-de-mobilier-produits\/tableaux\/bido-2\/#breadcrumb","itemListElement":[{"@type":"ListItem","position":1,"name":"Home","item":"https:\/\/www.cerasa.it\/fr\/home-26-fr\/"},{"@type":"ListItem","position":2,"name":"Boutique","item":"https:\/\/www.cerasa.it\/fr\/boutique\/"},{"@type":"ListItem","position":3,"name":"BIDO 2"}]},{"@type":"WebSite","@id":"https:\/\/www.cerasa.it\/fr\/#website","url":"https:\/\/www.cerasa.it\/fr\/","name":"Cerasa","description":"Arredo Bagno e Interior Design Made in Italy","publisher":{"@id":"https:\/\/www.cerasa.it\/fr\/#organization"},"potentialAction":[{"@type":"SearchAction","target":{"@type":"EntryPoint","urlTemplate":"https:\/\/www.cerasa.it\/fr\/?s={search_term_string}"},"query-input":{"@type":"PropertyValueSpecification","valueRequired":true,"valueName":"search_term_string"}}],"inLanguage":"fr-FR"},{"@type":"Organization","@id":"https:\/\/www.cerasa.it\/fr\/#organization","name":"CERASA","alternateName":"CERASA SRL","url":"https:\/\/www.cerasa.it\/fr\/","logo":{"@type":"ImageObject","inLanguage":"fr-FR","@id":"https:\/\/www.cerasa.it\/fr\/#\/schema\/logo\/image\/","url":"https:\/\/www.cerasa.it\/wp-content\/uploads\/2025\/07\/logo-cerasa-b.svg","contentUrl":"https:\/\/www.cerasa.it\/wp-content\/uploads\/2025\/07\/logo-cerasa-b.svg","width":96,"height":20,"caption":"CERASA"},"image":{"@id":"https:\/\/www.cerasa.it\/fr\/#\/schema\/logo\/image\/"},"sameAs":["https:\/\/www.facebook.com\/bagnicerasa","https:\/\/it.linkedin.com\/company\/cerasa-srl","https:\/\/www.instagram.com\/cerasa_arredobagno\/","https:\/\/it.pinterest.com\/cerasabagni\/"]}]}},"_links":{"self":[{"href":"https:\/\/www.cerasa.it\/fr\/wp-json\/wp\/v2\/product\/18679","targetHints":{"allow":["GET"]}}],"collection":[{"href":"https:\/\/www.cerasa.it\/fr\/wp-json\/wp\/v2\/product"}],"about":[{"href":"https:\/\/www.cerasa.it\/fr\/wp-json\/wp\/v2\/types\/product"}],"wp:featuredmedia":[{"embeddable":true,"href":"https:\/\/www.cerasa.it\/fr\/wp-json\/wp\/v2\/media\/13232"}],"wp:attachment":[{"href":"https:\/\/www.cerasa.it\/fr\/wp-json\/wp\/v2\/media?parent=18679"}],"wp:term":[{"taxonomy":"product_brand","embeddable":true,"href":"https:\/\/www.cerasa.it\/fr\/wp-json\/wp\/v2\/product_brand?post=18679"},{"taxonomy":"product_cat","embeddable":true,"href":"https:\/\/www.cerasa.it\/fr\/wp-json\/wp\/v2\/product_cat?post=18679"},{"taxonomy":"product_tag","embeddable":true,"href":"https:\/\/www.cerasa.it\/fr\/wp-json\/wp\/v2\/product_tag?post=18679"}],"curies":[{"name":"wp","href":"https:\/\/api.w.org\/{rel}","templated":true}]}}